{"id":4057,"date":"2024-10-30T11:46:23","date_gmt":"2024-10-30T10:46:23","guid":{"rendered":"https:\/\/selectedplayer.com\/sv\/om-oss-copy\/"},"modified":"2024-12-12T18:05:22","modified_gmt":"2024-12-12T17:05:22","slug":"uber-uns","status":"publish","type":"page","link":"https:\/\/selectedplayer.com\/ch\/uber-uns\/","title":{"rendered":"\u00dcber uns"},"content":{"rendered":"<h2><strong>\u00dcber Selected Player<\/strong><\/h2>\n<p>Wir arbeiten weltweit daran, die internationale Talententwicklung zu f\u00f6rdern und die Gesundheit und das Wohlbefinden junger Menschen zu st\u00e4rken, indem wir mehr Kinder und Jugendliche dazu motivieren, Unihockey auch in h\u00f6herem Alter weiterhin zu spielen. Unsere Vision ist es, dazu beizutragen, dass sich Unihockey als Sport weiterentwickelt und weltweit noch gr\u00f6\u00dfer wird.<\/p>\n<p>Unsere Grundidee ist es, Spielern im Alter von 10 bis 16 Jahren, die so gut wie m\u00f6glich Unihockey spielen m\u00f6chten, zu helfen, ihre Ziele zu erreichen. Dies tun wir, indem wir hochwertige und karrieref\u00f6rdernde Camps anbieten, die stets neue Fortschritte in der individuellen Entwicklung der Teilnehmer garantieren und die beste Grundlage schaffen, damit die Spieler ihr volles Potenzial in der Zukunft aussch\u00f6pfen k\u00f6nnen.<\/p>\n<p>Viele der heutigen Elite- und Nationalspieler haben in ihren karrierebildenden Jahren an unseren Camps teilgenommen. Dies ist ein Beweis daf\u00fcr, dass unsere Camps eine wichtige Funktion f\u00fcr Spieler erf\u00fcllen, die sich dem Unihockey widmen und Gro\u00dfes erreichen m\u00f6chten. Lesen Sie hier, was einige von ihnen dar\u00fcber sagen.<\/p>\n<p><img loading=\"lazy\" decoding=\"async\" class=\"alignnone wp-image-4219 size-full\" src=\"https:\/\/selectedplayer.com\/sv\/wp-content\/uploads\/sites\/2\/2024\/11\/image002-e1730708732182.jpg\" alt=\"Selected Player\" width=\"810\" height=\"456\" srcset=\"https:\/\/selectedplayer.com\/ch\/wp-content\/uploads\/sites\/7\/2024\/11\/image002-e1730708732182.jpg 810w, https:\/\/selectedplayer.com\/ch\/wp-content\/uploads\/sites\/7\/2024\/11\/image002-e1730708732182-300x169.jpg 300w, https:\/\/selectedplayer.com\/ch\/wp-content\/uploads\/sites\/7\/2024\/11\/image002-e1730708732182-768x432.jpg 768w, https:\/\/selectedplayer.com\/ch\/wp-content\/uploads\/sites\/7\/2024\/11\/image002-e1730708732182-600x338.jpg 600w\" sizes=\"auto, (max-width: 810px) 100vw, 810px\" \/><\/p>\n<h2><strong>Unsere Geschichte<\/strong><\/h2>\n<p>Der Gr\u00fcnder ist der ehemalige Nationalspieler Jonathan Kronstrand, der Selected Player im Jahr 2006 ins Leben rief. Beim ersten Camp wurden 30 Spieler eingeladen. Heute haben \u00fcber 37.000 Spieler weltweit an den Selected Player Camps teilgenommen. Dies zeigt, dass Keytraining, die einzigartige Trainingsmethode, die seit Beginn verwendet wird und mit Turnierspielen kombiniert wird, wirklich funktioniert. Deshalb bieten wir eine Entwicklungsgarantie f\u00fcr unsere Camps an. Seit Beginn haben Spieler aus Schweden, Finnland, der Schweiz, den USA, Norwegen, D\u00e4nemark, der Ukraine, Singapur, Japan und China durch unsere Camp-Programme Fortschritte gemacht.<\/p>\n<h2><img loading=\"lazy\" decoding=\"async\" class=\"alignnone wp-image-4079 size-full\" src=\"https:\/\/selectedplayer.com\/sv\/wp-content\/uploads\/sites\/2\/2024\/10\/gfhf.jpg\" alt=\"\" width=\"1024\" height=\"680\" srcset=\"https:\/\/selectedplayer.com\/ch\/wp-content\/uploads\/sites\/7\/2024\/10\/gfhf.jpg 1024w, https:\/\/selectedplayer.com\/ch\/wp-content\/uploads\/sites\/7\/2024\/10\/gfhf-300x199.jpg 300w, https:\/\/selectedplayer.com\/ch\/wp-content\/uploads\/sites\/7\/2024\/10\/gfhf-768x510.jpg 768w, https:\/\/selectedplayer.com\/ch\/wp-content\/uploads\/sites\/7\/2024\/10\/gfhf-600x398.jpg 600w\" sizes=\"auto, (max-width: 1024px) 100vw, 1024px\" \/><strong>Gegr\u00fcndet von Nationalspieler Jonathan Kronstrand<\/strong><\/h2>\n<p>Der Gr\u00fcnder Jonathan Kronstrand ist dreifacher Weltmeister. Jonathans Ziel mit Selected Player war es von Anfang an, Camps mit den besten Trainingsprogrammen f\u00fcr Spieler anzubieten, die w\u00e4hrend der karrierebildenden Jahre im Alter von 10 bis 16 Jahren so gut wie m\u00f6glich Floorball spielen m\u00f6chten.<\/p>\n<p>Sein Ziel ist es immer noch, jungen Spielern mit Ambitionen und dem Wunsch, hervorragende Unihockeyspieler zu werden, den spannendsten und am schnellsten entwickelnden Start zu bieten und die beste Grundlage f\u00fcr diejenigen zu schaffen, die in der Zukunft auf hohem Niveau spielen m\u00f6chten.<\/p>\n<p>Jonathan begann seine eigene Karriere in Schweden im Verein Haninge BK und gab sein Deb\u00fct in der ersten Mannschaft bereits im Alter von 14 Jahren. Zusammen mit dem Verein gewann er drei schwedische Meistertitel, zwei Europapokaltitel und mit der Nationalmannschaft drei Weltmeistertitel \u2013 1998, 2000 und 2002.<\/p>\n<p>&nbsp;<\/p>\n<p><!--themify_builder_static--><!--\/themify_builder_static--><\/p>\n","protected":false},"excerpt":{"rendered":"<p>\u00dcber Selected Player Wir arbeiten weltweit daran, die internationale Talententwicklung zu f\u00f6rdern und die Gesundheit und das Wohlbefinden junger Menschen zu st\u00e4rken, indem wir mehr Kinder und Jugendliche dazu motivieren, Unihockey auch in h\u00f6herem Alter weiterhin zu spielen. Unsere Vision ist es, dazu beizutragen, dass sich Unihockey als Sport weiterentwickelt und weltweit noch gr\u00f6\u00dfer wird. [&hellip;]<\/p>\n","protected":false},"author":3,"featured_media":4427,"parent":0,"menu_order":0,"comment_status":"closed","ping_status":"closed","template":"","meta":{"_acf_changed":false,"footnotes":""},"class_list":["post-4057","page","type-page","status-publish","has-post-thumbnail","hentry","has-post-title","has-post-date","has-post-category","has-post-tag","has-post-comment","has-post-author",""],"acf":[],"yoast_head":"<!-- This site is optimized with the Yoast SEO Premium plugin v27.5 (Yoast SEO v27.5) - https:\/\/yoast.com\/product\/yoast-seo-premium-wordpress\/ -->\n<title>\u00dcber uns - Selected Player Switzerland<\/title>\n<meta name=\"robots\" content=\"index, follow, max-snippet:-1, max-image-preview:large, max-video-preview:-1\" \/>\n<link rel=\"canonical\" href=\"https:\/\/selectedplayer.com\/ch\/uber-uns\/\" \/>\n<meta property=\"og:locale\" content=\"de_DE\" \/>\n<meta property=\"og:type\" content=\"article\" \/>\n<meta property=\"og:title\" content=\"\u00dcber uns\" \/>\n<meta property=\"og:description\" content=\"\u00dcber Selected Player Wir arbeiten weltweit daran, die internationale Talententwicklung zu f\u00f6rdern und die Gesundheit und das Wohlbefinden junger Menschen zu st\u00e4rken, indem wir mehr Kinder und Jugendliche dazu motivieren, Unihockey auch in h\u00f6herem Alter weiterhin zu spielen. Unsere Vision ist es, dazu beizutragen, dass sich Unihockey als Sport weiterentwickelt und weltweit noch gr\u00f6\u00dfer wird. [&hellip;]\" \/>\n<meta property=\"og:url\" content=\"https:\/\/selectedplayer.com\/ch\/uber-uns\/\" \/>\n<meta property=\"og:site_name\" content=\"Selected Player Switzerland\" \/>\n<meta property=\"article:modified_time\" content=\"2024-12-12T17:05:22+00:00\" \/>\n<meta property=\"og:image\" content=\"https:\/\/selectedplayer.com\/ch\/wp-content\/uploads\/sites\/7\/2024\/11\/stars--e1739192924697.jpg\" \/>\n\t<meta property=\"og:image:width\" content=\"1691\" \/>\n\t<meta property=\"og:image:height\" content=\"951\" \/>\n\t<meta property=\"og:image:type\" content=\"image\/jpeg\" \/>\n<meta name=\"twitter:card\" content=\"summary_large_image\" \/>\n<meta name=\"twitter:label1\" content=\"Gesch\u00e4tzte Lesezeit\" \/>\n\t<meta name=\"twitter:data1\" content=\"3\u00a0Minuten\" \/>\n<script type=\"application\/ld+json\" class=\"yoast-schema-graph\">{\"@context\":\"https:\\\/\\\/schema.org\",\"@graph\":[{\"@type\":\"WebPage\",\"@id\":\"https:\\\/\\\/selectedplayer.com\\\/ch\\\/uber-uns\\\/\",\"url\":\"https:\\\/\\\/selectedplayer.com\\\/ch\\\/uber-uns\\\/\",\"name\":\"\u00dcber uns - Selected Player Switzerland\",\"isPartOf\":{\"@id\":\"https:\\\/\\\/selectedplayer.com\\\/ch\\\/#website\"},\"primaryImageOfPage\":{\"@id\":\"https:\\\/\\\/selectedplayer.com\\\/ch\\\/uber-uns\\\/#primaryimage\"},\"image\":{\"@id\":\"https:\\\/\\\/selectedplayer.com\\\/ch\\\/uber-uns\\\/#primaryimage\"},\"thumbnailUrl\":\"https:\\\/\\\/selectedplayer.com\\\/ch\\\/wp-content\\\/uploads\\\/sites\\\/7\\\/2024\\\/11\\\/stars--e1739192924697.jpg\",\"datePublished\":\"2024-10-30T10:46:23+00:00\",\"dateModified\":\"2024-12-12T17:05:22+00:00\",\"breadcrumb\":{\"@id\":\"https:\\\/\\\/selectedplayer.com\\\/ch\\\/uber-uns\\\/#breadcrumb\"},\"inLanguage\":\"de-CH\",\"potentialAction\":[{\"@type\":\"ReadAction\",\"target\":[\"https:\\\/\\\/selectedplayer.com\\\/ch\\\/uber-uns\\\/\"]}]},{\"@type\":\"ImageObject\",\"inLanguage\":\"de-CH\",\"@id\":\"https:\\\/\\\/selectedplayer.com\\\/ch\\\/uber-uns\\\/#primaryimage\",\"url\":\"https:\\\/\\\/selectedplayer.com\\\/ch\\\/wp-content\\\/uploads\\\/sites\\\/7\\\/2024\\\/11\\\/stars--e1739192924697.jpg\",\"contentUrl\":\"https:\\\/\\\/selectedplayer.com\\\/ch\\\/wp-content\\\/uploads\\\/sites\\\/7\\\/2024\\\/11\\\/stars--e1739192924697.jpg\",\"width\":1691,\"height\":951,\"caption\":\"211211 Kim Nilsson, Albin Sj\u02c6gren and Tobias Gustafsson of Sweden celebrate the 2-2 goal during the Men s World Floorball Championship final between Finland and Sweden on December 11, 2021 in Helsinki. Photo: Johanna Lundberg \\\/ BILDBYRAN \\\/ kod JL \\\/ PW0087 innebandy floorball national team, Nationalteam final sverige sweden finland bbeng vm innebandy-vm World Championship, WM, Weltmeisterschaft jubel *** 211211 Kim Nilsson, Albin Sj\u02c6gren and Tobias Gustafsson of Sweden celebrate the 2 2 goal during the Men s World Floorball Championship final between Finland and Sweden on December 11, 2021 in Helsinki Photo Johanna Lundberg BILDBYRAN kod JL PW0087 innebandy floorball national team final sverige sweden finland bbeng vm floorball vm world championship cheer, PUBLICATIONxNOTxINxSWExNORxAUT Copyright: JOHANNAxLUNDBERG BB211211JL023\"},{\"@type\":\"BreadcrumbList\",\"@id\":\"https:\\\/\\\/selectedplayer.com\\\/ch\\\/uber-uns\\\/#breadcrumb\",\"itemListElement\":[{\"@type\":\"ListItem\",\"position\":1,\"name\":\"Startseite\",\"item\":\"https:\\\/\\\/selectedplayer.com\\\/ch\\\/\"},{\"@type\":\"ListItem\",\"position\":2,\"name\":\"\u00dcber uns\"}]},{\"@type\":\"WebSite\",\"@id\":\"https:\\\/\\\/selectedplayer.com\\\/ch\\\/#website\",\"url\":\"https:\\\/\\\/selectedplayer.com\\\/ch\\\/\",\"name\":\"Selected Player Switzerland\",\"description\":\"Selected Player \u2013 das Floorball-Camp, das die besten Elite- und Nationalspieler von heute hervorgebracht hat!\",\"potentialAction\":[{\"@type\":\"SearchAction\",\"target\":{\"@type\":\"EntryPoint\",\"urlTemplate\":\"https:\\\/\\\/selectedplayer.com\\\/ch\\\/?s={search_term_string}\"},\"query-input\":{\"@type\":\"PropertyValueSpecification\",\"valueRequired\":true,\"valueName\":\"search_term_string\"}}],\"inLanguage\":\"de-CH\"}]}<\/script>\n<!-- \/ Yoast SEO Premium plugin. -->","yoast_head_json":{"title":"\u00dcber uns - Selected Player Switzerland","robots":{"index":"index","follow":"follow","max-snippet":"max-snippet:-1","max-image-preview":"max-image-preview:large","max-video-preview":"max-video-preview:-1"},"canonical":"https:\/\/selectedplayer.com\/ch\/uber-uns\/","og_locale":"de_DE","og_type":"article","og_title":"\u00dcber uns","og_description":"\u00dcber Selected Player Wir arbeiten weltweit daran, die internationale Talententwicklung zu f\u00f6rdern und die Gesundheit und das Wohlbefinden junger Menschen zu st\u00e4rken, indem wir mehr Kinder und Jugendliche dazu motivieren, Unihockey auch in h\u00f6herem Alter weiterhin zu spielen. Unsere Vision ist es, dazu beizutragen, dass sich Unihockey als Sport weiterentwickelt und weltweit noch gr\u00f6\u00dfer wird. [&hellip;]","og_url":"https:\/\/selectedplayer.com\/ch\/uber-uns\/","og_site_name":"Selected Player Switzerland","article_modified_time":"2024-12-12T17:05:22+00:00","og_image":[{"width":1691,"height":951,"url":"https:\/\/selectedplayer.com\/ch\/wp-content\/uploads\/sites\/7\/2024\/11\/stars--e1739192924697.jpg","type":"image\/jpeg"}],"twitter_card":"summary_large_image","twitter_misc":{"Gesch\u00e4tzte Lesezeit":"3\u00a0Minuten"},"schema":{"@context":"https:\/\/schema.org","@graph":[{"@type":"WebPage","@id":"https:\/\/selectedplayer.com\/ch\/uber-uns\/","url":"https:\/\/selectedplayer.com\/ch\/uber-uns\/","name":"\u00dcber uns - Selected Player Switzerland","isPartOf":{"@id":"https:\/\/selectedplayer.com\/ch\/#website"},"primaryImageOfPage":{"@id":"https:\/\/selectedplayer.com\/ch\/uber-uns\/#primaryimage"},"image":{"@id":"https:\/\/selectedplayer.com\/ch\/uber-uns\/#primaryimage"},"thumbnailUrl":"https:\/\/selectedplayer.com\/ch\/wp-content\/uploads\/sites\/7\/2024\/11\/stars--e1739192924697.jpg","datePublished":"2024-10-30T10:46:23+00:00","dateModified":"2024-12-12T17:05:22+00:00","breadcrumb":{"@id":"https:\/\/selectedplayer.com\/ch\/uber-uns\/#breadcrumb"},"inLanguage":"de-CH","potentialAction":[{"@type":"ReadAction","target":["https:\/\/selectedplayer.com\/ch\/uber-uns\/"]}]},{"@type":"ImageObject","inLanguage":"de-CH","@id":"https:\/\/selectedplayer.com\/ch\/uber-uns\/#primaryimage","url":"https:\/\/selectedplayer.com\/ch\/wp-content\/uploads\/sites\/7\/2024\/11\/stars--e1739192924697.jpg","contentUrl":"https:\/\/selectedplayer.com\/ch\/wp-content\/uploads\/sites\/7\/2024\/11\/stars--e1739192924697.jpg","width":1691,"height":951,"caption":"211211 Kim Nilsson, Albin Sj\u02c6gren and Tobias Gustafsson of Sweden celebrate the 2-2 goal during the Men s World Floorball Championship final between Finland and Sweden on December 11, 2021 in Helsinki. Photo: Johanna Lundberg \/ BILDBYRAN \/ kod JL \/ PW0087 innebandy floorball national team, Nationalteam final sverige sweden finland bbeng vm innebandy-vm World Championship, WM, Weltmeisterschaft jubel *** 211211 Kim Nilsson, Albin Sj\u02c6gren and Tobias Gustafsson of Sweden celebrate the 2 2 goal during the Men s World Floorball Championship final between Finland and Sweden on December 11, 2021 in Helsinki Photo Johanna Lundberg BILDBYRAN kod JL PW0087 innebandy floorball national team final sverige sweden finland bbeng vm floorball vm world championship cheer, PUBLICATIONxNOTxINxSWExNORxAUT Copyright: JOHANNAxLUNDBERG BB211211JL023"},{"@type":"BreadcrumbList","@id":"https:\/\/selectedplayer.com\/ch\/uber-uns\/#breadcrumb","itemListElement":[{"@type":"ListItem","position":1,"name":"Startseite","item":"https:\/\/selectedplayer.com\/ch\/"},{"@type":"ListItem","position":2,"name":"\u00dcber uns"}]},{"@type":"WebSite","@id":"https:\/\/selectedplayer.com\/ch\/#website","url":"https:\/\/selectedplayer.com\/ch\/","name":"Selected Player Switzerland","description":"Selected Player \u2013 das Floorball-Camp, das die besten Elite- und Nationalspieler von heute hervorgebracht hat!","potentialAction":[{"@type":"SearchAction","target":{"@type":"EntryPoint","urlTemplate":"https:\/\/selectedplayer.com\/ch\/?s={search_term_string}"},"query-input":{"@type":"PropertyValueSpecification","valueRequired":true,"valueName":"search_term_string"}}],"inLanguage":"de-CH"}]}},"_links":{"self":[{"href":"https:\/\/selectedplayer.com\/ch\/wp-json\/wp\/v2\/pages\/4057","targetHints":{"allow":["GET"]}}],"collection":[{"href":"https:\/\/selectedplayer.com\/ch\/wp-json\/wp\/v2\/pages"}],"about":[{"href":"https:\/\/selectedplayer.com\/ch\/wp-json\/wp\/v2\/types\/page"}],"author":[{"embeddable":true,"href":"https:\/\/selectedplayer.com\/ch\/wp-json\/wp\/v2\/users\/3"}],"replies":[{"embeddable":true,"href":"https:\/\/selectedplayer.com\/ch\/wp-json\/wp\/v2\/comments?post=4057"}],"version-history":[{"count":12,"href":"https:\/\/selectedplayer.com\/ch\/wp-json\/wp\/v2\/pages\/4057\/revisions"}],"predecessor-version":[{"id":6558,"href":"https:\/\/selectedplayer.com\/ch\/wp-json\/wp\/v2\/pages\/4057\/revisions\/6558"}],"wp:featuredmedia":[{"embeddable":true,"href":"https:\/\/selectedplayer.com\/ch\/wp-json\/wp\/v2\/media\/4427"}],"wp:attachment":[{"href":"https:\/\/selectedplayer.com\/ch\/wp-json\/wp\/v2\/media?parent=4057"}],"curies":[{"name":"wp","href":"https:\/\/api.w.org\/{rel}","templated":true}]}}