{"id":4096,"date":"2024-10-30T12:25:53","date_gmt":"2024-10-30T11:25:53","guid":{"rendered":"https:\/\/selectedplayer.com\/sv\/om-oss-copy\/"},"modified":"2024-12-12T17:52:08","modified_gmt":"2024-12-12T16:52:08","slug":"keytraining","status":"publish","type":"page","link":"https:\/\/selectedplayer.com\/dk\/keytraining\/","title":{"rendered":"Keytraining"},"content":{"rendered":"<h2>Keytraining<\/h2>\n<h5>Giver hurtig individuel udvikling og det, der kr\u00e6ves for at n\u00e5 eliteniveauet.<\/h5>\n<p>Keytraining har haft enorm succes som den hurtigt udviklende tr\u00e6ningsmetode, Selected Player bruger til at hj\u00e6lpe spillere med at udvikle sig til s\u00e5 dygtige floorballspillere som muligt i de vigtige opbygnings\u00e5r 10\u201316. Keytraining er kendt for at give vigtig og afg\u00f8rende opbygningstr\u00e6ning, der styrker mulighederne for en ung spiller til at n\u00e5 eliteniveauet. Et bevis p\u00e5, at Keytraining fungerer, er det store antal elite- og landsholdsspillere, som i starten af deres karriere valgte at deltage i vores camps. Klik her for at h\u00f8re, hvad stjernerne siger.<\/p>\n<h5><strong>Vi baserer os p\u00e5, hvordan verdensstjernerne g\u00f8r<\/strong><\/h5>\n<p>At tr\u00e6ne Keytraining er sjovt, inspirerende og udfordrende tr\u00e6ning i kampmomenter. Deltagerne bliver introduceret til, hvorfor og hvordan verdens bedste spillere agerer i alle kampmomenter, som man tr\u00e6ner i Keytraining. Trin for trin og progressivt med stigende sv\u00e6rhedsgrad tager Keytraining spilleren til det n\u00e6ste niveau og opbygger de samme individuelle f\u00e6rdigheder, som g\u00f8r verdensstjernerne s\u00e5 dygtige i de hurtige kampsituationer.<\/p>\n<p><img loading=\"lazy\" decoding=\"async\" class=\"alignnone wp-image-114 size-full\" src=\"https:\/\/selectedplayer.com\/sv\/wp-content\/uploads\/sites\/2\/2024\/10\/Player-1.jpg\" alt=\"\" width=\"1920\" height=\"1080\" srcset=\"https:\/\/selectedplayer.com\/dk\/wp-content\/uploads\/sites\/4\/2024\/10\/Player-1.jpg 1920w, https:\/\/selectedplayer.com\/dk\/wp-content\/uploads\/sites\/4\/2024\/10\/Player-1-300x169.jpg 300w, https:\/\/selectedplayer.com\/dk\/wp-content\/uploads\/sites\/4\/2024\/10\/Player-1-1024x576-1024x576.jpg 1024w, https:\/\/selectedplayer.com\/dk\/wp-content\/uploads\/sites\/4\/2024\/10\/Player-1-768x432.jpg 768w, https:\/\/selectedplayer.com\/dk\/wp-content\/uploads\/sites\/4\/2024\/10\/Player-1-1536x864.jpg 1536w, https:\/\/selectedplayer.com\/dk\/wp-content\/uploads\/sites\/4\/2024\/10\/Player-1-600x338.jpg 600w\" sizes=\"auto, (max-width: 1920px) 100vw, 1920px\" \/><\/p>\n<h5><strong>Specialdesignet tr\u00e6ningsudstyr<\/strong><\/h5>\n<p>I Keytraining bruger vi vores specialdesignede tr\u00e6ningsudstyr, som sikrer, at deltagerne udf\u00f8rer alle vigtige tr\u00e6ningsmomenter p\u00e5 en helt korrekt m\u00e5de. Dette er en vigtig \u00e5rsag til, at den individuelle udvikling sker s\u00e5 hurtigt, hver gang en spiller tr\u00e6ner Keytraining.<\/p>\n<p><strong>Den r\u00f8de tr\u00e5d<\/strong><\/p>\n<p>&nbsp;<\/p>\n<p>Keytraining er udviklet med en r\u00f8d tr\u00e5d af progressive tr\u00e6ningsprogrammer for spillere i alderen 10\u201316 \u00e5r. Fra 10\u201312 \u00e5r ligger der et stort fokus p\u00e5 at udvikle alle vigtige individuelle teknikker, som hurtigt forbedrer spillerens kamp-spil. I denne alder g\u00f8r Keytraining kamp-spillet endnu sjovere, opbygger selvtillid og selvv\u00e6rd og styrker interessen for at forts\u00e6tte med sporten.<\/p>\n<p>For spillere i alderen 13\u201316 \u00e5r kombineres Keytraining med h\u00f8jtkvalitets turneringsspil for at give spillerne de bedste muligheder for at opbygge alle vigtige individuelle f\u00e6rdigheder, som er afg\u00f8rende for at kunne spille p\u00e5 et s\u00e5 h\u00f8jt niveau som muligt senere i karrieren.<\/p>\n<p><!--themify_builder_static--><!--\/themify_builder_static--><\/p>\n","protected":false},"excerpt":{"rendered":"<p>Keytraining Giver hurtig individuel udvikling og det, der kr\u00e6ves for at n\u00e5 eliteniveauet. Keytraining har haft enorm succes som den hurtigt udviklende tr\u00e6ningsmetode, Selected Player bruger til at hj\u00e6lpe spillere med at udvikle sig til s\u00e5 dygtige floorballspillere som muligt i de vigtige opbygnings\u00e5r 10\u201316. Keytraining er kendt for at give vigtig og afg\u00f8rende opbygningstr\u00e6ning, [&hellip;]<\/p>\n","protected":false},"author":3,"featured_media":4109,"parent":0,"menu_order":0,"comment_status":"closed","ping_status":"closed","template":"","meta":{"_acf_changed":false,"footnotes":""},"class_list":["post-4096","page","type-page","status-publish","has-post-thumbnail","hentry","has-post-title","has-post-date","has-post-category","has-post-tag","has-post-comment","has-post-author",""],"acf":[],"yoast_head":"<!-- This site is optimized with the Yoast SEO Premium plugin v27.5 (Yoast SEO v27.5) - https:\/\/yoast.com\/product\/yoast-seo-premium-wordpress\/ -->\n<title>Keytraining - Selected Player Denmark<\/title>\n<meta name=\"robots\" content=\"index, follow, max-snippet:-1, max-image-preview:large, max-video-preview:-1\" \/>\n<link rel=\"canonical\" href=\"https:\/\/selectedplayer.com\/dk\/keytraining\/\" \/>\n<meta property=\"og:locale\" content=\"da_DK\" \/>\n<meta property=\"og:type\" content=\"article\" \/>\n<meta property=\"og:title\" content=\"Keytraining\" \/>\n<meta property=\"og:description\" content=\"Keytraining Giver hurtig individuel udvikling og det, der kr\u00e6ves for at n\u00e5 eliteniveauet. Keytraining har haft enorm succes som den hurtigt udviklende tr\u00e6ningsmetode, Selected Player bruger til at hj\u00e6lpe spillere med at udvikle sig til s\u00e5 dygtige floorballspillere som muligt i de vigtige opbygnings\u00e5r 10\u201316. Keytraining er kendt for at give vigtig og afg\u00f8rende opbygningstr\u00e6ning, [&hellip;]\" \/>\n<meta property=\"og:url\" content=\"https:\/\/selectedplayer.com\/dk\/keytraining\/\" \/>\n<meta property=\"og:site_name\" content=\"Selected Player Denmark\" \/>\n<meta property=\"article:modified_time\" content=\"2024-12-12T16:52:08+00:00\" \/>\n<meta property=\"og:image\" content=\"https:\/\/selectedplayer.com\/dk\/wp-content\/uploads\/sites\/4\/2024\/10\/Gabriel-Kohonen_-e1732874597155.jpg\" \/>\n\t<meta property=\"og:image:width\" content=\"1024\" \/>\n\t<meta property=\"og:image:height\" content=\"576\" \/>\n\t<meta property=\"og:image:type\" content=\"image\/jpeg\" \/>\n<meta name=\"twitter:card\" content=\"summary_large_image\" \/>\n<meta name=\"twitter:label1\" content=\"Estimeret l\u00e6setid\" \/>\n\t<meta name=\"twitter:data1\" content=\"3 minutter\" \/>\n<script type=\"application\/ld+json\" class=\"yoast-schema-graph\">{\"@context\":\"https:\\\/\\\/schema.org\",\"@graph\":[{\"@type\":\"WebPage\",\"@id\":\"https:\\\/\\\/selectedplayer.com\\\/dk\\\/keytraining\\\/\",\"url\":\"https:\\\/\\\/selectedplayer.com\\\/dk\\\/keytraining\\\/\",\"name\":\"Keytraining - Selected Player Denmark\",\"isPartOf\":{\"@id\":\"https:\\\/\\\/selectedplayer.com\\\/dk\\\/#website\"},\"primaryImageOfPage\":{\"@id\":\"https:\\\/\\\/selectedplayer.com\\\/dk\\\/keytraining\\\/#primaryimage\"},\"image\":{\"@id\":\"https:\\\/\\\/selectedplayer.com\\\/dk\\\/keytraining\\\/#primaryimage\"},\"thumbnailUrl\":\"https:\\\/\\\/selectedplayer.com\\\/dk\\\/wp-content\\\/uploads\\\/sites\\\/4\\\/2024\\\/10\\\/Gabriel-Kohonen_-e1732874597155.jpg\",\"datePublished\":\"2024-10-30T11:25:53+00:00\",\"dateModified\":\"2024-12-12T16:52:08+00:00\",\"breadcrumb\":{\"@id\":\"https:\\\/\\\/selectedplayer.com\\\/dk\\\/keytraining\\\/#breadcrumb\"},\"inLanguage\":\"da-DK\",\"potentialAction\":[{\"@type\":\"ReadAction\",\"target\":[\"https:\\\/\\\/selectedplayer.com\\\/dk\\\/keytraining\\\/\"]}]},{\"@type\":\"ImageObject\",\"inLanguage\":\"da-DK\",\"@id\":\"https:\\\/\\\/selectedplayer.com\\\/dk\\\/keytraining\\\/#primaryimage\",\"url\":\"https:\\\/\\\/selectedplayer.com\\\/dk\\\/wp-content\\\/uploads\\\/sites\\\/4\\\/2024\\\/10\\\/Gabriel-Kohonen_-e1732874597155.jpg\",\"contentUrl\":\"https:\\\/\\\/selectedplayer.com\\\/dk\\\/wp-content\\\/uploads\\\/sites\\\/4\\\/2024\\\/10\\\/Gabriel-Kohonen_-e1732874597155.jpg\",\"width\":1024,\"height\":576},{\"@type\":\"BreadcrumbList\",\"@id\":\"https:\\\/\\\/selectedplayer.com\\\/dk\\\/keytraining\\\/#breadcrumb\",\"itemListElement\":[{\"@type\":\"ListItem\",\"position\":1,\"name\":\"Hjem\",\"item\":\"https:\\\/\\\/selectedplayer.com\\\/dk\\\/\"},{\"@type\":\"ListItem\",\"position\":2,\"name\":\"Keytraining\"}]},{\"@type\":\"WebSite\",\"@id\":\"https:\\\/\\\/selectedplayer.com\\\/dk\\\/#website\",\"url\":\"https:\\\/\\\/selectedplayer.com\\\/dk\\\/\",\"name\":\"Selected Player Denmark\",\"description\":\"Selected Player \u2013 floorballcampen, der har formet nogle af nutidens bedste elite- og landsholdsspillere!\",\"potentialAction\":[{\"@type\":\"SearchAction\",\"target\":{\"@type\":\"EntryPoint\",\"urlTemplate\":\"https:\\\/\\\/selectedplayer.com\\\/dk\\\/?s={search_term_string}\"},\"query-input\":{\"@type\":\"PropertyValueSpecification\",\"valueRequired\":true,\"valueName\":\"search_term_string\"}}],\"inLanguage\":\"da-DK\"}]}<\/script>\n<!-- \/ Yoast SEO Premium plugin. -->","yoast_head_json":{"title":"Keytraining - Selected Player Denmark","robots":{"index":"index","follow":"follow","max-snippet":"max-snippet:-1","max-image-preview":"max-image-preview:large","max-video-preview":"max-video-preview:-1"},"canonical":"https:\/\/selectedplayer.com\/dk\/keytraining\/","og_locale":"da_DK","og_type":"article","og_title":"Keytraining","og_description":"Keytraining Giver hurtig individuel udvikling og det, der kr\u00e6ves for at n\u00e5 eliteniveauet. Keytraining har haft enorm succes som den hurtigt udviklende tr\u00e6ningsmetode, Selected Player bruger til at hj\u00e6lpe spillere med at udvikle sig til s\u00e5 dygtige floorballspillere som muligt i de vigtige opbygnings\u00e5r 10\u201316. Keytraining er kendt for at give vigtig og afg\u00f8rende opbygningstr\u00e6ning, [&hellip;]","og_url":"https:\/\/selectedplayer.com\/dk\/keytraining\/","og_site_name":"Selected Player Denmark","article_modified_time":"2024-12-12T16:52:08+00:00","og_image":[{"width":1024,"height":576,"url":"https:\/\/selectedplayer.com\/dk\/wp-content\/uploads\/sites\/4\/2024\/10\/Gabriel-Kohonen_-e1732874597155.jpg","type":"image\/jpeg"}],"twitter_card":"summary_large_image","twitter_misc":{"Estimeret l\u00e6setid":"3 minutter"},"schema":{"@context":"https:\/\/schema.org","@graph":[{"@type":"WebPage","@id":"https:\/\/selectedplayer.com\/dk\/keytraining\/","url":"https:\/\/selectedplayer.com\/dk\/keytraining\/","name":"Keytraining - Selected Player Denmark","isPartOf":{"@id":"https:\/\/selectedplayer.com\/dk\/#website"},"primaryImageOfPage":{"@id":"https:\/\/selectedplayer.com\/dk\/keytraining\/#primaryimage"},"image":{"@id":"https:\/\/selectedplayer.com\/dk\/keytraining\/#primaryimage"},"thumbnailUrl":"https:\/\/selectedplayer.com\/dk\/wp-content\/uploads\/sites\/4\/2024\/10\/Gabriel-Kohonen_-e1732874597155.jpg","datePublished":"2024-10-30T11:25:53+00:00","dateModified":"2024-12-12T16:52:08+00:00","breadcrumb":{"@id":"https:\/\/selectedplayer.com\/dk\/keytraining\/#breadcrumb"},"inLanguage":"da-DK","potentialAction":[{"@type":"ReadAction","target":["https:\/\/selectedplayer.com\/dk\/keytraining\/"]}]},{"@type":"ImageObject","inLanguage":"da-DK","@id":"https:\/\/selectedplayer.com\/dk\/keytraining\/#primaryimage","url":"https:\/\/selectedplayer.com\/dk\/wp-content\/uploads\/sites\/4\/2024\/10\/Gabriel-Kohonen_-e1732874597155.jpg","contentUrl":"https:\/\/selectedplayer.com\/dk\/wp-content\/uploads\/sites\/4\/2024\/10\/Gabriel-Kohonen_-e1732874597155.jpg","width":1024,"height":576},{"@type":"BreadcrumbList","@id":"https:\/\/selectedplayer.com\/dk\/keytraining\/#breadcrumb","itemListElement":[{"@type":"ListItem","position":1,"name":"Hjem","item":"https:\/\/selectedplayer.com\/dk\/"},{"@type":"ListItem","position":2,"name":"Keytraining"}]},{"@type":"WebSite","@id":"https:\/\/selectedplayer.com\/dk\/#website","url":"https:\/\/selectedplayer.com\/dk\/","name":"Selected Player Denmark","description":"Selected Player \u2013 floorballcampen, der har formet nogle af nutidens bedste elite- og landsholdsspillere!","potentialAction":[{"@type":"SearchAction","target":{"@type":"EntryPoint","urlTemplate":"https:\/\/selectedplayer.com\/dk\/?s={search_term_string}"},"query-input":{"@type":"PropertyValueSpecification","valueRequired":true,"valueName":"search_term_string"}}],"inLanguage":"da-DK"}]}},"_links":{"self":[{"href":"https:\/\/selectedplayer.com\/dk\/wp-json\/wp\/v2\/pages\/4096","targetHints":{"allow":["GET"]}}],"collection":[{"href":"https:\/\/selectedplayer.com\/dk\/wp-json\/wp\/v2\/pages"}],"about":[{"href":"https:\/\/selectedplayer.com\/dk\/wp-json\/wp\/v2\/types\/page"}],"author":[{"embeddable":true,"href":"https:\/\/selectedplayer.com\/dk\/wp-json\/wp\/v2\/users\/3"}],"replies":[{"embeddable":true,"href":"https:\/\/selectedplayer.com\/dk\/wp-json\/wp\/v2\/comments?post=4096"}],"version-history":[{"count":8,"href":"https:\/\/selectedplayer.com\/dk\/wp-json\/wp\/v2\/pages\/4096\/revisions"}],"predecessor-version":[{"id":6350,"href":"https:\/\/selectedplayer.com\/dk\/wp-json\/wp\/v2\/pages\/4096\/revisions\/6350"}],"wp:featuredmedia":[{"embeddable":true,"href":"https:\/\/selectedplayer.com\/dk\/wp-json\/wp\/v2\/media\/4109"}],"wp:attachment":[{"href":"https:\/\/selectedplayer.com\/dk\/wp-json\/wp\/v2\/media?parent=4096"}],"curies":[{"name":"wp","href":"https:\/\/api.w.org\/{rel}","templated":true}]}}