{"id":7163,"date":"2026-02-18T10:44:10","date_gmt":"2026-02-18T09:44:10","guid":{"rendered":"https:\/\/selectedplayer.com\/dk\/?page_id=7163"},"modified":"2026-02-18T10:44:10","modified_gmt":"2026-02-18T09:44:10","slug":"spillerkode","status":"publish","type":"page","link":"https:\/\/selectedplayer.com\/dk\/spillerkode\/","title":{"rendered":"Spillerkode"},"content":{"rendered":"<h2 class=\"sp-player-code-lookup__title\">Find min spillerkode<\/h2><p class=\"sp-player-code-lookup__description\">Indtast for\u00e6lders e-mail og spillerens navn for at finde spillerkoden.<\/p><form method=\"post\" class=\"sp-player-code-lookup__form\"><input type=\"hidden\" id=\"sp_player_code_lookup_nonce\" name=\"sp_player_code_lookup_nonce\" value=\"a2bf804aeb\" \/><input type=\"hidden\" name=\"_wp_http_referer\" value=\"\/dk\/wp-json\/wp\/v2\/pages\/7163\" \/><p><label for=\"sp_parent_email\">For\u00e6lders e-mail<\/label><br \/><input type=\"email\" name=\"sp_parent_email\" id=\"sp_parent_email\" value=\"\" required \/><\/p><p><label for=\"sp_player_name\">Spillerens navn<\/label><br \/><input type=\"text\" name=\"sp_player_name\" id=\"sp_player_name\" value=\"\" required \/><\/p><p><button type=\"submit\">Find spillerkode<\/button><\/p><\/form>\n<p><strong>Kan du ikke finde en spillerkode?<\/strong><br \/>\n\u2022 Pr\u00f8v kun at skrive spillerens fornavn<br \/>\n\u2022 Pr\u00f8v en anden e-mailadresse (den e-mail, som invitationen blev sendt til, b\u00f8r virke)<br \/>\n\u2022 <a href=\"mailto: info@selectedplayer.com\" target=\"_blank\" rel=\"noopener\">Send os en e-mail<\/a> med spillerens navn og den e-mailadresse, du har pr\u00f8vet<\/p>\n<p><strong>Dit barns spillerkode er n\u00f8dvendig, n\u00e5r du booker en plads p\u00e5 en af vores uddannelser.<\/strong><\/p>\n<p><img loading=\"lazy\" decoding=\"async\" class=\"alignnone wp-image-7357 size-large\" src=\"http:\/\/selectedplayer.com\/no\/wp-content\/uploads\/sites\/3\/2026\/02\/playercode-1024x576.jpg\" alt=\"\" width=\"1024\" height=\"576\" \/><\/p>\n","protected":false},"excerpt":{"rendered":"<p>Kan du ikke finde en spillerkode? \u2022 Pr\u00f8v kun at skrive spillerens fornavn \u2022 Pr\u00f8v en anden e-mailadresse (den e-mail, som invitationen blev sendt til, b\u00f8r virke) \u2022 Send os en e-mail med spillerens navn og den e-mailadresse, du har pr\u00f8vet Dit barns spillerkode er n\u00f8dvendig, n\u00e5r du booker en plads p\u00e5 en af vores [&hellip;]<\/p>\n","protected":false},"author":6,"featured_media":0,"parent":0,"menu_order":0,"comment_status":"closed","ping_status":"closed","template":"","meta":{"_acf_changed":false,"footnotes":""},"class_list":["post-7163","page","type-page","status-publish","hentry","has-post-title","has-post-date","has-post-category","has-post-tag","has-post-comment","has-post-author",""],"acf":[],"yoast_head":"<!-- This site is optimized with the Yoast SEO Premium plugin v27.5 (Yoast SEO v27.5) - https:\/\/yoast.com\/product\/yoast-seo-premium-wordpress\/ -->\n<title>Spillerkode - Selected Player Denmark<\/title>\n<meta name=\"robots\" content=\"index, follow, max-snippet:-1, max-image-preview:large, max-video-preview:-1\" \/>\n<link rel=\"canonical\" href=\"https:\/\/selectedplayer.com\/dk\/spillerkode\/\" \/>\n<meta property=\"og:locale\" content=\"da_DK\" \/>\n<meta property=\"og:type\" content=\"article\" \/>\n<meta property=\"og:title\" content=\"Spillerkode\" \/>\n<meta property=\"og:description\" content=\"Kan du ikke finde en spillerkode? \u2022 Pr\u00f8v kun at skrive spillerens fornavn \u2022 Pr\u00f8v en anden e-mailadresse (den e-mail, som invitationen blev sendt til, b\u00f8r virke) \u2022 Send os en e-mail med spillerens navn og den e-mailadresse, du har pr\u00f8vet Dit barns spillerkode er n\u00f8dvendig, n\u00e5r du booker en plads p\u00e5 en af vores [&hellip;]\" \/>\n<meta property=\"og:url\" content=\"https:\/\/selectedplayer.com\/dk\/spillerkode\/\" \/>\n<meta property=\"og:site_name\" content=\"Selected Player Denmark\" \/>\n<meta property=\"og:image\" content=\"http:\/\/selectedplayer.com\/no\/wp-content\/uploads\/sites\/3\/2026\/02\/playercode-1024x576.jpg\" \/>\n<meta name=\"twitter:card\" content=\"summary_large_image\" \/>\n<meta name=\"twitter:label1\" content=\"Estimeret l\u00e6setid\" \/>\n\t<meta name=\"twitter:data1\" content=\"1 minut\" \/>\n<script type=\"application\/ld+json\" class=\"yoast-schema-graph\">{\"@context\":\"https:\\\/\\\/schema.org\",\"@graph\":[{\"@type\":\"WebPage\",\"@id\":\"https:\\\/\\\/selectedplayer.com\\\/dk\\\/spillerkode\\\/\",\"url\":\"https:\\\/\\\/selectedplayer.com\\\/dk\\\/spillerkode\\\/\",\"name\":\"Spillerkode - Selected Player Denmark\",\"isPartOf\":{\"@id\":\"https:\\\/\\\/selectedplayer.com\\\/dk\\\/#website\"},\"primaryImageOfPage\":{\"@id\":\"https:\\\/\\\/selectedplayer.com\\\/dk\\\/spillerkode\\\/#primaryimage\"},\"image\":{\"@id\":\"https:\\\/\\\/selectedplayer.com\\\/dk\\\/spillerkode\\\/#primaryimage\"},\"thumbnailUrl\":\"http:\\\/\\\/selectedplayer.com\\\/no\\\/wp-content\\\/uploads\\\/sites\\\/3\\\/2026\\\/02\\\/playercode-1024x576.jpg\",\"datePublished\":\"2026-02-18T09:44:10+00:00\",\"breadcrumb\":{\"@id\":\"https:\\\/\\\/selectedplayer.com\\\/dk\\\/spillerkode\\\/#breadcrumb\"},\"inLanguage\":\"da-DK\",\"potentialAction\":[{\"@type\":\"ReadAction\",\"target\":[\"https:\\\/\\\/selectedplayer.com\\\/dk\\\/spillerkode\\\/\"]}]},{\"@type\":\"ImageObject\",\"inLanguage\":\"da-DK\",\"@id\":\"https:\\\/\\\/selectedplayer.com\\\/dk\\\/spillerkode\\\/#primaryimage\",\"url\":\"http:\\\/\\\/selectedplayer.com\\\/no\\\/wp-content\\\/uploads\\\/sites\\\/3\\\/2026\\\/02\\\/playercode-1024x576.jpg\",\"contentUrl\":\"http:\\\/\\\/selectedplayer.com\\\/no\\\/wp-content\\\/uploads\\\/sites\\\/3\\\/2026\\\/02\\\/playercode-1024x576.jpg\"},{\"@type\":\"BreadcrumbList\",\"@id\":\"https:\\\/\\\/selectedplayer.com\\\/dk\\\/spillerkode\\\/#breadcrumb\",\"itemListElement\":[{\"@type\":\"ListItem\",\"position\":1,\"name\":\"Hjem\",\"item\":\"https:\\\/\\\/selectedplayer.com\\\/dk\\\/\"},{\"@type\":\"ListItem\",\"position\":2,\"name\":\"Spillerkode\"}]},{\"@type\":\"WebSite\",\"@id\":\"https:\\\/\\\/selectedplayer.com\\\/dk\\\/#website\",\"url\":\"https:\\\/\\\/selectedplayer.com\\\/dk\\\/\",\"name\":\"Selected Player Denmark\",\"description\":\"Selected Player \u2013 floorballcampen, der har formet nogle af nutidens bedste elite- og landsholdsspillere!\",\"potentialAction\":[{\"@type\":\"SearchAction\",\"target\":{\"@type\":\"EntryPoint\",\"urlTemplate\":\"https:\\\/\\\/selectedplayer.com\\\/dk\\\/?s={search_term_string}\"},\"query-input\":{\"@type\":\"PropertyValueSpecification\",\"valueRequired\":true,\"valueName\":\"search_term_string\"}}],\"inLanguage\":\"da-DK\"}]}<\/script>\n<!-- \/ Yoast SEO Premium plugin. -->","yoast_head_json":{"title":"Spillerkode - Selected Player Denmark","robots":{"index":"index","follow":"follow","max-snippet":"max-snippet:-1","max-image-preview":"max-image-preview:large","max-video-preview":"max-video-preview:-1"},"canonical":"https:\/\/selectedplayer.com\/dk\/spillerkode\/","og_locale":"da_DK","og_type":"article","og_title":"Spillerkode","og_description":"Kan du ikke finde en spillerkode? \u2022 Pr\u00f8v kun at skrive spillerens fornavn \u2022 Pr\u00f8v en anden e-mailadresse (den e-mail, som invitationen blev sendt til, b\u00f8r virke) \u2022 Send os en e-mail med spillerens navn og den e-mailadresse, du har pr\u00f8vet Dit barns spillerkode er n\u00f8dvendig, n\u00e5r du booker en plads p\u00e5 en af vores [&hellip;]","og_url":"https:\/\/selectedplayer.com\/dk\/spillerkode\/","og_site_name":"Selected Player Denmark","og_image":[{"url":"http:\/\/selectedplayer.com\/no\/wp-content\/uploads\/sites\/3\/2026\/02\/playercode-1024x576.jpg","type":"","width":"","height":""}],"twitter_card":"summary_large_image","twitter_misc":{"Estimeret l\u00e6setid":"1 minut"},"schema":{"@context":"https:\/\/schema.org","@graph":[{"@type":"WebPage","@id":"https:\/\/selectedplayer.com\/dk\/spillerkode\/","url":"https:\/\/selectedplayer.com\/dk\/spillerkode\/","name":"Spillerkode - Selected Player Denmark","isPartOf":{"@id":"https:\/\/selectedplayer.com\/dk\/#website"},"primaryImageOfPage":{"@id":"https:\/\/selectedplayer.com\/dk\/spillerkode\/#primaryimage"},"image":{"@id":"https:\/\/selectedplayer.com\/dk\/spillerkode\/#primaryimage"},"thumbnailUrl":"http:\/\/selectedplayer.com\/no\/wp-content\/uploads\/sites\/3\/2026\/02\/playercode-1024x576.jpg","datePublished":"2026-02-18T09:44:10+00:00","breadcrumb":{"@id":"https:\/\/selectedplayer.com\/dk\/spillerkode\/#breadcrumb"},"inLanguage":"da-DK","potentialAction":[{"@type":"ReadAction","target":["https:\/\/selectedplayer.com\/dk\/spillerkode\/"]}]},{"@type":"ImageObject","inLanguage":"da-DK","@id":"https:\/\/selectedplayer.com\/dk\/spillerkode\/#primaryimage","url":"http:\/\/selectedplayer.com\/no\/wp-content\/uploads\/sites\/3\/2026\/02\/playercode-1024x576.jpg","contentUrl":"http:\/\/selectedplayer.com\/no\/wp-content\/uploads\/sites\/3\/2026\/02\/playercode-1024x576.jpg"},{"@type":"BreadcrumbList","@id":"https:\/\/selectedplayer.com\/dk\/spillerkode\/#breadcrumb","itemListElement":[{"@type":"ListItem","position":1,"name":"Hjem","item":"https:\/\/selectedplayer.com\/dk\/"},{"@type":"ListItem","position":2,"name":"Spillerkode"}]},{"@type":"WebSite","@id":"https:\/\/selectedplayer.com\/dk\/#website","url":"https:\/\/selectedplayer.com\/dk\/","name":"Selected Player Denmark","description":"Selected Player \u2013 floorballcampen, der har formet nogle af nutidens bedste elite- og landsholdsspillere!","potentialAction":[{"@type":"SearchAction","target":{"@type":"EntryPoint","urlTemplate":"https:\/\/selectedplayer.com\/dk\/?s={search_term_string}"},"query-input":{"@type":"PropertyValueSpecification","valueRequired":true,"valueName":"search_term_string"}}],"inLanguage":"da-DK"}]}},"_links":{"self":[{"href":"https:\/\/selectedplayer.com\/dk\/wp-json\/wp\/v2\/pages\/7163","targetHints":{"allow":["GET"]}}],"collection":[{"href":"https:\/\/selectedplayer.com\/dk\/wp-json\/wp\/v2\/pages"}],"about":[{"href":"https:\/\/selectedplayer.com\/dk\/wp-json\/wp\/v2\/types\/page"}],"author":[{"embeddable":true,"href":"https:\/\/selectedplayer.com\/dk\/wp-json\/wp\/v2\/users\/6"}],"replies":[{"embeddable":true,"href":"https:\/\/selectedplayer.com\/dk\/wp-json\/wp\/v2\/comments?post=7163"}],"version-history":[{"count":1,"href":"https:\/\/selectedplayer.com\/dk\/wp-json\/wp\/v2\/pages\/7163\/revisions"}],"predecessor-version":[{"id":7164,"href":"https:\/\/selectedplayer.com\/dk\/wp-json\/wp\/v2\/pages\/7163\/revisions\/7164"}],"wp:attachment":[{"href":"https:\/\/selectedplayer.com\/dk\/wp-json\/wp\/v2\/media?parent=7163"}],"curies":[{"name":"wp","href":"https:\/\/api.w.org\/{rel}","templated":true}]}}