{"id":4096,"date":"2024-10-30T12:25:53","date_gmt":"2024-10-30T11:25:53","guid":{"rendered":"https:\/\/selectedplayer.com\/sv\/om-oss-copy\/"},"modified":"2024-12-12T18:59:38","modified_gmt":"2024-12-12T16:59:38","slug":"keytraining","status":"publish","type":"page","link":"https:\/\/selectedplayer.com\/fi\/keytraining\/","title":{"rendered":"Keytraining"},"content":{"rendered":"<h2>Keytraining<\/h2>\n<h5><strong>Nopea yksil\u00f6llinen kehitys ja tarvittava tuki huipputasolle p\u00e4\u00e4semiseksi<\/strong><\/h5>\n<p>Keytraining on ollut valtava menestys nopean kehityksen harjoitusmetodina, jota Selected Player k\u00e4ytt\u00e4\u00e4 auttaakseen pelaajia kehittym\u00e4\u00e4n mahdollisimman taitaviksi salibandyn pelaajiksi t\u00e4rkein\u00e4 kehitysvuosina 10\u201316. Keytraining on tunnettu merkitt\u00e4v\u00e4st\u00e4 ja ratkaisevasta perustavasta harjoittelusta, joka parantaa nuorten pelaajien mahdollisuuksia saavuttaa huipputaso.<\/p>\n<p>Todiste siit\u00e4, ett\u00e4 Keytraining toimii, on suuri m\u00e4\u00e4r\u00e4 huippu- ja maajoukkuepelaajia, jotka uransa alussa valitsivat osallistua leireihimme. <a href=\"https:\/\/selectedplayer.com\/fi\/sp-stars\/\" target=\"_blank\" rel=\"noopener\">Lue t\u00e4st\u00e4, mit\u00e4 t\u00e4hdet sanovat.<\/a><\/p>\n<h5><strong>Me perustamme harjoittelumme maailman t\u00e4htipelaajiin<\/strong><\/h5>\n<p>Keytraining-harjoittelu on hauskaa, inspiroivaa ja haastavaa ottelutilanneharjoittelua. Osallistujille n\u00e4ytet\u00e4\u00e4n, miksi ja miten maailman parhaat pelaajat toimivat kaikissa ottelutilanteissa, joita Keytrainingiss\u00e4 harjoitellaan. Askel askeleelta ja progressiivisesti vaikeusastetta lis\u00e4ten Keytraining vie pelaajan seuraavalle tasolle ja mahdollistaa samojen yksil\u00f6llisten ominaisuuksien rakentamisen, jotka tekev\u00e4t maailman t\u00e4hdist\u00e4 niin taitavia nopeassa pelitilannepelaamisessa.<\/p>\n<p><img loading=\"lazy\" decoding=\"async\" class=\"alignnone wp-image-114 size-full\" src=\"https:\/\/selectedplayer.com\/sv\/wp-content\/uploads\/sites\/2\/2024\/10\/Player-1.jpg\" alt=\"\" width=\"1920\" height=\"1080\" srcset=\"https:\/\/selectedplayer.com\/fi\/wp-content\/uploads\/sites\/5\/2024\/10\/Player-1.jpg 1920w, https:\/\/selectedplayer.com\/fi\/wp-content\/uploads\/sites\/5\/2024\/10\/Player-1-300x169.jpg 300w, https:\/\/selectedplayer.com\/fi\/wp-content\/uploads\/sites\/5\/2024\/10\/Player-1-1024x576-1024x576.jpg 1024w, https:\/\/selectedplayer.com\/fi\/wp-content\/uploads\/sites\/5\/2024\/10\/Player-1-768x432.jpg 768w, https:\/\/selectedplayer.com\/fi\/wp-content\/uploads\/sites\/5\/2024\/10\/Player-1-1536x864.jpg 1536w, https:\/\/selectedplayer.com\/fi\/wp-content\/uploads\/sites\/5\/2024\/10\/Player-1-600x338.jpg 600w\" sizes=\"auto, (max-width: 1920px) 100vw, 1920px\" \/><\/p>\n<h5><strong>Erikoissuunnitellut harjoitusv\u00e4lineet<\/strong><\/h5>\n<p>Keytrainingiss\u00e4 k\u00e4yt\u00e4mme erityisesti suunniteltuja harjoitusv\u00e4lineit\u00e4, jotka varmistavat, ett\u00e4 osallistujat suorittavat kaikki t\u00e4rke\u00e4t harjoitusvaiheet t\u00e4ysin oikein. T\u00e4m\u00e4 on merkitt\u00e4v\u00e4 syy siihen, miksi yksil\u00f6llinen kehitys on niin nopeaa aina, kun pelaaja harjoittelee Keytraining-menetelm\u00e4ll\u00e4.<\/p>\n<h5><strong>Punainen lanka<\/strong><\/h5>\n<p>Keytraining on kehitetty punaisena lankana progressiivisissa harjoitusohjelmissa 10\u201316-vuotiaille. 10\u201312-vuotiaiden ohjelmissa keskityt\u00e4\u00e4n erityisesti kaikkien t\u00e4rkeiden yksil\u00f6llisten tekniikoiden kehitt\u00e4miseen, jotka parantavat pelaajan ottelutaitoja nopeasti. N\u00e4in\u00e4 vuosina Keytraining tekee pelaamisesta entist\u00e4 hauskempaa, rakentaa itseluottamusta ja vahvistaa kiinnostusta jatkaa lajia.<\/p>\n<p>13\u201316-vuotiaiden ohjelmissa Keytraining yhdistet\u00e4\u00e4n korkealaatuisiin turnauspeleihin, jotta pelaajat saavat parhaan mahdollisuuden kehitt\u00e4\u00e4 kaikki t\u00e4rke\u00e4t yksil\u00f6lliset ominaisuudet, jotka ovat ratkaisevia korkeimmalla mahdollisella tasolla pelaamiseen my\u00f6hemmin uralla.<\/p>\n<p><!--themify_builder_static--><!--\/themify_builder_static--><\/p>\n","protected":false},"excerpt":{"rendered":"<p>Keytraining Nopea yksil\u00f6llinen kehitys ja tarvittava tuki huipputasolle p\u00e4\u00e4semiseksi Keytraining on ollut valtava menestys nopean kehityksen harjoitusmetodina, jota Selected Player k\u00e4ytt\u00e4\u00e4 auttaakseen pelaajia kehittym\u00e4\u00e4n mahdollisimman taitaviksi salibandyn pelaajiksi t\u00e4rkein\u00e4 kehitysvuosina 10\u201316. Keytraining on tunnettu merkitt\u00e4v\u00e4st\u00e4 ja ratkaisevasta perustavasta harjoittelusta, joka parantaa nuorten pelaajien mahdollisuuksia saavuttaa huipputaso. Todiste siit\u00e4, ett\u00e4 Keytraining toimii, on suuri m\u00e4\u00e4r\u00e4 huippu- [&hellip;]<\/p>\n","protected":false},"author":3,"featured_media":4109,"parent":0,"menu_order":0,"comment_status":"closed","ping_status":"closed","template":"","meta":{"_acf_changed":false,"footnotes":""},"class_list":["post-4096","page","type-page","status-publish","has-post-thumbnail","hentry","has-post-title","has-post-date","has-post-category","has-post-tag","has-post-comment","has-post-author",""],"acf":[],"yoast_head":"<!-- This site is optimized with the Yoast SEO Premium plugin v27.4 (Yoast SEO v27.4) - https:\/\/yoast.com\/product\/yoast-seo-premium-wordpress\/ -->\n<title>Keytraining - Selected Player Finland<\/title>\n<meta name=\"robots\" content=\"index, follow, max-snippet:-1, max-image-preview:large, max-video-preview:-1\" \/>\n<link rel=\"canonical\" href=\"https:\/\/selectedplayer.com\/fi\/keytraining\/\" \/>\n<meta property=\"og:locale\" content=\"fi_FI\" \/>\n<meta property=\"og:type\" content=\"article\" \/>\n<meta property=\"og:title\" content=\"Keytraining\" \/>\n<meta property=\"og:description\" content=\"Keytraining Nopea yksil\u00f6llinen kehitys ja tarvittava tuki huipputasolle p\u00e4\u00e4semiseksi Keytraining on ollut valtava menestys nopean kehityksen harjoitusmetodina, jota Selected Player k\u00e4ytt\u00e4\u00e4 auttaakseen pelaajia kehittym\u00e4\u00e4n mahdollisimman taitaviksi salibandyn pelaajiksi t\u00e4rkein\u00e4 kehitysvuosina 10\u201316. Keytraining on tunnettu merkitt\u00e4v\u00e4st\u00e4 ja ratkaisevasta perustavasta harjoittelusta, joka parantaa nuorten pelaajien mahdollisuuksia saavuttaa huipputaso. Todiste siit\u00e4, ett\u00e4 Keytraining toimii, on suuri m\u00e4\u00e4r\u00e4 huippu- [&hellip;]\" \/>\n<meta property=\"og:url\" content=\"https:\/\/selectedplayer.com\/fi\/keytraining\/\" \/>\n<meta property=\"og:site_name\" content=\"Selected Player Finland\" \/>\n<meta property=\"article:modified_time\" content=\"2024-12-12T16:59:38+00:00\" \/>\n<meta property=\"og:image\" content=\"https:\/\/selectedplayer.com\/fi\/wp-content\/uploads\/sites\/5\/2024\/10\/Gabriel-Kohonen_.jpg\" \/>\n\t<meta property=\"og:image:width\" content=\"1080\" \/>\n\t<meta property=\"og:image:height\" content=\"576\" \/>\n\t<meta property=\"og:image:type\" content=\"image\/jpeg\" \/>\n<meta name=\"twitter:card\" content=\"summary_large_image\" \/>\n<meta name=\"twitter:label1\" content=\"Arvioitu lukuaika\" \/>\n\t<meta name=\"twitter:data1\" content=\"2 minuuttia\" \/>\n<script type=\"application\/ld+json\" class=\"yoast-schema-graph\">{\"@context\":\"https:\\\/\\\/schema.org\",\"@graph\":[{\"@type\":\"WebPage\",\"@id\":\"https:\\\/\\\/selectedplayer.com\\\/fi\\\/keytraining\\\/\",\"url\":\"https:\\\/\\\/selectedplayer.com\\\/fi\\\/keytraining\\\/\",\"name\":\"Keytraining - Selected Player Finland\",\"isPartOf\":{\"@id\":\"https:\\\/\\\/selectedplayer.com\\\/fi\\\/#website\"},\"primaryImageOfPage\":{\"@id\":\"https:\\\/\\\/selectedplayer.com\\\/fi\\\/keytraining\\\/#primaryimage\"},\"image\":{\"@id\":\"https:\\\/\\\/selectedplayer.com\\\/fi\\\/keytraining\\\/#primaryimage\"},\"thumbnailUrl\":\"https:\\\/\\\/selectedplayer.com\\\/fi\\\/wp-content\\\/uploads\\\/sites\\\/5\\\/2024\\\/10\\\/Gabriel-Kohonen_.jpg\",\"datePublished\":\"2024-10-30T11:25:53+00:00\",\"dateModified\":\"2024-12-12T16:59:38+00:00\",\"breadcrumb\":{\"@id\":\"https:\\\/\\\/selectedplayer.com\\\/fi\\\/keytraining\\\/#breadcrumb\"},\"inLanguage\":\"fi\",\"potentialAction\":[{\"@type\":\"ReadAction\",\"target\":[\"https:\\\/\\\/selectedplayer.com\\\/fi\\\/keytraining\\\/\"]}]},{\"@type\":\"ImageObject\",\"inLanguage\":\"fi\",\"@id\":\"https:\\\/\\\/selectedplayer.com\\\/fi\\\/keytraining\\\/#primaryimage\",\"url\":\"https:\\\/\\\/selectedplayer.com\\\/fi\\\/wp-content\\\/uploads\\\/sites\\\/5\\\/2024\\\/10\\\/Gabriel-Kohonen_.jpg\",\"contentUrl\":\"https:\\\/\\\/selectedplayer.com\\\/fi\\\/wp-content\\\/uploads\\\/sites\\\/5\\\/2024\\\/10\\\/Gabriel-Kohonen_.jpg\",\"width\":1080,\"height\":576},{\"@type\":\"BreadcrumbList\",\"@id\":\"https:\\\/\\\/selectedplayer.com\\\/fi\\\/keytraining\\\/#breadcrumb\",\"itemListElement\":[{\"@type\":\"ListItem\",\"position\":1,\"name\":\"Hem\",\"item\":\"https:\\\/\\\/selectedplayer.com\\\/fi\\\/\"},{\"@type\":\"ListItem\",\"position\":2,\"name\":\"Keytraining\"}]},{\"@type\":\"WebSite\",\"@id\":\"https:\\\/\\\/selectedplayer.com\\\/fi\\\/#website\",\"url\":\"https:\\\/\\\/selectedplayer.com\\\/fi\\\/\",\"name\":\"Selected Player Finland\",\"description\":\"\",\"potentialAction\":[{\"@type\":\"SearchAction\",\"target\":{\"@type\":\"EntryPoint\",\"urlTemplate\":\"https:\\\/\\\/selectedplayer.com\\\/fi\\\/?s={search_term_string}\"},\"query-input\":{\"@type\":\"PropertyValueSpecification\",\"valueRequired\":true,\"valueName\":\"search_term_string\"}}],\"inLanguage\":\"fi\"}]}<\/script>\n<!-- \/ Yoast SEO Premium plugin. -->","yoast_head_json":{"title":"Keytraining - Selected Player Finland","robots":{"index":"index","follow":"follow","max-snippet":"max-snippet:-1","max-image-preview":"max-image-preview:large","max-video-preview":"max-video-preview:-1"},"canonical":"https:\/\/selectedplayer.com\/fi\/keytraining\/","og_locale":"fi_FI","og_type":"article","og_title":"Keytraining","og_description":"Keytraining Nopea yksil\u00f6llinen kehitys ja tarvittava tuki huipputasolle p\u00e4\u00e4semiseksi Keytraining on ollut valtava menestys nopean kehityksen harjoitusmetodina, jota Selected Player k\u00e4ytt\u00e4\u00e4 auttaakseen pelaajia kehittym\u00e4\u00e4n mahdollisimman taitaviksi salibandyn pelaajiksi t\u00e4rkein\u00e4 kehitysvuosina 10\u201316. Keytraining on tunnettu merkitt\u00e4v\u00e4st\u00e4 ja ratkaisevasta perustavasta harjoittelusta, joka parantaa nuorten pelaajien mahdollisuuksia saavuttaa huipputaso. Todiste siit\u00e4, ett\u00e4 Keytraining toimii, on suuri m\u00e4\u00e4r\u00e4 huippu- [&hellip;]","og_url":"https:\/\/selectedplayer.com\/fi\/keytraining\/","og_site_name":"Selected Player Finland","article_modified_time":"2024-12-12T16:59:38+00:00","og_image":[{"width":1080,"height":576,"url":"https:\/\/selectedplayer.com\/fi\/wp-content\/uploads\/sites\/5\/2024\/10\/Gabriel-Kohonen_.jpg","type":"image\/jpeg"}],"twitter_card":"summary_large_image","twitter_misc":{"Arvioitu lukuaika":"2 minuuttia"},"schema":{"@context":"https:\/\/schema.org","@graph":[{"@type":"WebPage","@id":"https:\/\/selectedplayer.com\/fi\/keytraining\/","url":"https:\/\/selectedplayer.com\/fi\/keytraining\/","name":"Keytraining - Selected Player Finland","isPartOf":{"@id":"https:\/\/selectedplayer.com\/fi\/#website"},"primaryImageOfPage":{"@id":"https:\/\/selectedplayer.com\/fi\/keytraining\/#primaryimage"},"image":{"@id":"https:\/\/selectedplayer.com\/fi\/keytraining\/#primaryimage"},"thumbnailUrl":"https:\/\/selectedplayer.com\/fi\/wp-content\/uploads\/sites\/5\/2024\/10\/Gabriel-Kohonen_.jpg","datePublished":"2024-10-30T11:25:53+00:00","dateModified":"2024-12-12T16:59:38+00:00","breadcrumb":{"@id":"https:\/\/selectedplayer.com\/fi\/keytraining\/#breadcrumb"},"inLanguage":"fi","potentialAction":[{"@type":"ReadAction","target":["https:\/\/selectedplayer.com\/fi\/keytraining\/"]}]},{"@type":"ImageObject","inLanguage":"fi","@id":"https:\/\/selectedplayer.com\/fi\/keytraining\/#primaryimage","url":"https:\/\/selectedplayer.com\/fi\/wp-content\/uploads\/sites\/5\/2024\/10\/Gabriel-Kohonen_.jpg","contentUrl":"https:\/\/selectedplayer.com\/fi\/wp-content\/uploads\/sites\/5\/2024\/10\/Gabriel-Kohonen_.jpg","width":1080,"height":576},{"@type":"BreadcrumbList","@id":"https:\/\/selectedplayer.com\/fi\/keytraining\/#breadcrumb","itemListElement":[{"@type":"ListItem","position":1,"name":"Hem","item":"https:\/\/selectedplayer.com\/fi\/"},{"@type":"ListItem","position":2,"name":"Keytraining"}]},{"@type":"WebSite","@id":"https:\/\/selectedplayer.com\/fi\/#website","url":"https:\/\/selectedplayer.com\/fi\/","name":"Selected Player Finland","description":"","potentialAction":[{"@type":"SearchAction","target":{"@type":"EntryPoint","urlTemplate":"https:\/\/selectedplayer.com\/fi\/?s={search_term_string}"},"query-input":{"@type":"PropertyValueSpecification","valueRequired":true,"valueName":"search_term_string"}}],"inLanguage":"fi"}]}},"_links":{"self":[{"href":"https:\/\/selectedplayer.com\/fi\/wp-json\/wp\/v2\/pages\/4096","targetHints":{"allow":["GET"]}}],"collection":[{"href":"https:\/\/selectedplayer.com\/fi\/wp-json\/wp\/v2\/pages"}],"about":[{"href":"https:\/\/selectedplayer.com\/fi\/wp-json\/wp\/v2\/types\/page"}],"author":[{"embeddable":true,"href":"https:\/\/selectedplayer.com\/fi\/wp-json\/wp\/v2\/users\/3"}],"replies":[{"embeddable":true,"href":"https:\/\/selectedplayer.com\/fi\/wp-json\/wp\/v2\/comments?post=4096"}],"version-history":[{"count":4,"href":"https:\/\/selectedplayer.com\/fi\/wp-json\/wp\/v2\/pages\/4096\/revisions"}],"predecessor-version":[{"id":6096,"href":"https:\/\/selectedplayer.com\/fi\/wp-json\/wp\/v2\/pages\/4096\/revisions\/6096"}],"wp:featuredmedia":[{"embeddable":true,"href":"https:\/\/selectedplayer.com\/fi\/wp-json\/wp\/v2\/media\/4109"}],"wp:attachment":[{"href":"https:\/\/selectedplayer.com\/fi\/wp-json\/wp\/v2\/media?parent=4096"}],"curies":[{"name":"wp","href":"https:\/\/api.w.org\/{rel}","templated":true}]}}