{"id":5028,"date":"2024-11-13T11:29:27","date_gmt":"2024-11-13T10:29:27","guid":{"rendered":"https:\/\/selectedplayer.com\/sv\/?page_id=5028"},"modified":"2026-01-30T15:01:01","modified_gmt":"2026-01-30T13:01:01","slug":"ostoehdot","status":"publish","type":"page","link":"https:\/\/selectedplayer.com\/fi\/ostoehdot\/","title":{"rendered":"Ostoehdot"},"content":{"rendered":"<h2 class=\"wp-block-heading\">Ostoehdot<\/h2>\n<p class=\"wp-block-heading\">P\u00e4ivitetty 18.12.2025<\/p>\n<h2 class=\"wp-block-heading\"><strong>Ostaminen Selected Player Sweden AB:lta<\/strong><\/h2>\n<p>Verkkokaupassa sijoitat haluamasi tuotteen ostoskoriin. Sen j\u00e4lkeen voit halutessasi lis\u00e4t\u00e4 lis\u00e4\u00e4 tuotteita ennen tilauksen viimeistelemist\u00e4. Kun olet lis\u00e4nnyt kaikki tuotteet, jotka haluat ostaa, siirryt kassalle.<\/p>\n<p>Kassalla n\u00e4et yhteenvedon tilauksestasi. Jos olet tyytyv\u00e4inen, vahvistat tilauksen noudattamalla sivun alaosassa olevia ohjeita. Valitse \u201cToimitustapa\u201d, jos kotiinkuljetuksesta tulee lis\u00e4t\u00e4 toimitusmaksu, tai ei toimitusmaksua esimerkiksi koulutuksen varauksen yhteydess\u00e4. T\u00e4m\u00e4n j\u00e4lkeen valitset maksutavan, hyv\u00e4ksyt osto\u2011ehdot ja suoritat maksun.<\/p>\n<p>Saat t\u00e4m\u00e4n j\u00e4lkeen vahvistuksen siit\u00e4, ett\u00e4 ostosi on toteutettu, sek\u00e4 tiedot koko tilauksestasi. Huomioithan, ett\u00e4 sinun tulee olla v\u00e4hint\u00e4\u00e4n 18\u2011vuotias voidaksesi tehd\u00e4 ostoksia Selected Playerin verkkokaupassa.<\/p>\n<p>Ostosopimus sinun asiakkaana ja meid\u00e4n toimittajana (Selected Player Sweden AB) v\u00e4lill\u00e4 tulee sitovaksi siin\u00e4 vaiheessa, kun tilauksesi on rekister\u00f6ity. Tilauksen vahvistus l\u00e4hetet\u00e4\u00e4n antamaasi s\u00e4hk\u00f6postiosoitteeseen.<\/p>\n<h2 class=\"wp-block-heading\">Maksu<\/h2>\n<p>Asiakkaana maksat ostoksesi Swishill\u00e4 (vaan ruotsissa), korttimaksulla, suoralla pankkisiirrolla tai Klarnan tarjoamilla osamaksu\u2011 ja muilla maksutavoilla. Teet t\u00e4m\u00e4n valinnan oston viimeistelyn yhteydess\u00e4 niiden eri \u201cMaksutapojen\u201d kautta, joita Klarna juuri sinulle asiakkaana tarjoaa.<\/p>\n<h2><strong>Palautukset, vaihdot ja reklamaatiot koskien fyysisi\u00e4 tuotteita<\/strong><\/h2>\n<p>Sinulla on t\u00e4ydet 14 p\u00e4iv\u00e4n peruuttamisoikeus siit\u00e4 hetkest\u00e4, kun olet vastaanottanut tuotteen, edellytt\u00e4en ett\u00e4 et ole k\u00e4ytt\u00e4nyt tuotetta ja ett\u00e4 se palautetaan alkuper\u00e4isess\u00e4 kunnossaan. T\u00e4m\u00e4 koskee ainoastaan fyysisi\u00e4 tuotteita.<\/p>\n<p>Peruuttamisoikeus ei koske koulutusten, kuljetusten, urheilutapahtumien tai vastaavien palveluiden varaamista\/ostamista. N\u00e4ill\u00e4 tuotteilla on omat erityiset s\u00e4\u00e4nt\u00f6ns\u00e4.<\/p>\n<p>Vaihto-oikeus ei koske vaatteita, joihin on painettu nimi, numero tai nimikirjaimet, jos olet saanut oikean ja ehj\u00e4n tuotteen tilauksesi mukaisesti.<\/p>\n<p>Tuotteiden palautuksessa tai vaihdossa vastaat itse palautuskuluista. Jos kyseess\u00e4 on reklamaatio, joka johtuu viallisesta tuotteesta tai siit\u00e4, ett\u00e4 olemme toimittaneet v\u00e4\u00e4r\u00e4n tuotteen, Selected Player (SP) vastaa kaikista l\u00e4hetys- ja tuotantokustannuksista.<\/p>\n<p>Ota meihin aina yhteytt\u00e4 ennen palautusta, jos haluat reklamoida tuotteen:<br \/>\ninfo@selectedplayer.com tai puhelimitse (+46) 8 50 00 19 09 arkip\u00e4ivisin klo 09.00\u201315.00.<\/p>\n<p><strong>Palautusk\u00e4yt\u00e4nt\u00f6<\/strong>:<\/p>\n<p>Jos et ole tyytyv\u00e4inen tuotteeseen, ota meihin yhteytt\u00e4 s\u00e4hk\u00f6postitse tai puhelimitse. Soita numeroon (+46) 8 50 00 19 09 saadaksesi ohjeet juuri sinun palautustilannettasi varten. Vaihdon tai palautuksen yhteydess\u00e4 vastaat kuljetuksesta ja palautuskuluista. Jos olemme toimittaneet v\u00e4\u00e4r\u00e4n tuotteen, me maksamme palautuskulut.<\/p>\n<p>Vaihto kest\u00e4\u00e4 noin 10\u201314 p\u00e4iv\u00e4\u00e4 riippuen valitsemastasi palautustavasta. Vaihdoissa vastaat kuljetuskustannuksista molempiin suuntiin. Laskutamme sinulta uuden vaihtotuotteen l\u00e4hetyskulut Ruotsin sis\u00e4ll\u00e4, riippumatta tuotteen hinnasta. Ruotsin ulkopuolelle l\u00e4hetett\u00e4viss\u00e4 vaihtotuotteissa veloitus m\u00e4\u00e4r\u00e4ytyy kulloistenkin kustannusten mukaan.<\/p>\n<p>Jos huomaat vaurion pakettia vastaanottaessasi, tee vahinkoilmoitus heti noutopisteess\u00e4. Jos huomaat vahingon vasta avatessasi paketin, ota yhteytt\u00e4 meihin puhelimitse (+46) 8 50 00 19 09 tai s\u00e4hk\u00f6postitse info@selectedplayer.com, ja l\u00e4het\u00e4 tuote takaisin.<\/p>\n<p>Hyv\u00e4ksytyn reklamaation tai vahingoittuneen l\u00e4hetyksen kohdalla korvaamme kuljetuskustannukset enint\u00e4\u00e4n 150 kruunuun asti. Tarvitsemme palautukseen alkuper\u00e4isen kuitin kuljetusyhti\u00f6lt\u00e4 voidaksemme tehd\u00e4 korvauksen.<\/p>\n<h2><strong>Peruutukset ja maksujen palautukset koskien koulutuksia<\/strong><\/h2>\n<p><strong>Koulutuksen osto \u2013 kokonaismaksu alle 3000 kr<\/strong><\/p>\n<p>Jos ostat paikan kurssille, koulutukseen tai tapahtumaan, voit saada osallistumismaksun takaisin, mik\u00e4li perut osallistumisesi viimeist\u00e4\u00e4n yksi kuukausi ennen tapahtuman ensimm\u00e4ist\u00e4 p\u00e4iv\u00e4\u00e4.<br \/>\nJos aikaa on alle kuukausi, voidaan palauttaa enint\u00e4\u00e4n 50 % maksusta.<\/p>\n<p>Jos peruutus johtuu sairaudesta tai vammasta ja aikaa on alle kuukausi, peruutus tulee todistaa voimassa olevalla l\u00e4\u00e4k\u00e4rintodistuksella, joka l\u00e4hetet\u00e4\u00e4n s\u00e4hk\u00f6postitse osoitteeseen:<br \/>\navboka@selectedplayer.com (Selected Player Sweden AB).<br \/>\nL\u00e4\u00e4k\u00e4rintodistuksen tulee saapua meille viimeist\u00e4\u00e4n yksi kuukausi peruutuksen j\u00e4lkeen. T\u00e4ll\u00f6in koko osallistumismaksu palautetaan, lukuun ottamatta 350 kruunun hallinnointimaksua.<\/p>\n<p>Peruutus on teht\u00e4v\u00e4 v\u00e4hint\u00e4\u00e4n 24 tuntia ennen leirin ensimm\u00e4ist\u00e4 p\u00e4iv\u00e4\u00e4 (sis\u00e4\u00e4nkirjautumisaikaa saapumisp\u00e4iv\u00e4n\u00e4 vastaavalle koulutukselle).<\/p>\n<p>Osallistumisen peruutus kurssille, koulutukseen tai tapahtumaan on teht\u00e4v\u00e4 l\u00e4hett\u00e4m\u00e4ll\u00e4 s\u00e4hk\u00f6posti, jossa ilmoitetaan peruutuksesta, osoitteeseen: avboka@selectedplayer.com.<br \/>\nPeruutuksia ei voida tehd\u00e4 suullisesti.<\/p>\n<p><strong>Jos koulutus perutaan tai siirret\u00e4\u00e4n Selected Playerin toimesta<\/strong><\/p>\n<p>\u2013 Vaihtoehto 1: Asiakas voi siirt\u00e4\u00e4 varauksensa vapaasti toiseen paikkakuntaan tai seuraavaan koulutuskertaan.<br \/>\n\u2013 Vaihtoehto 2: Asiakkaalle palautetaan 100 % maksetusta maksusta.<br \/>\n\u2013 Jos asiakas on ostanut merchandise-tuotteita (vaatteita tai muuta materiaalia) noudettavaksi koulutuksesta, ne toimitetaan asiakkaalle ilmaisella toimituksella kotiin.<\/p>\n<p><strong>Koulutuksen osto \u2013 kokonaismaksu yli 3000 kr<\/strong><\/p>\n<p>Osallistujalla on oikeus peruuttaa paikkansa Selected Playerin koulutuksessa vain sairauden tai vamman vuoksi, ja ainoastaan siin\u00e4 tapauksessa, ett\u00e4 h\u00e4n on varauksen yhteydess\u00e4 ostanut peruutusturvan (jotta varausmaksu voidaan palauttaa).<br \/>\nPeruutusturva ei kuulu varausmaksuun, eik\u00e4 sit\u00e4 palauteta mahdollisen peruutuksen yhteydess\u00e4. Sit\u00e4 ei my\u00f6sk\u00e4\u00e4n voi ostaa j\u00e4lkik\u00e4teen.<\/p>\n<p>Jos peruutusturvaa ei ole, peruutus voidaan tehd\u00e4, mutta maksua ei palauteta.<\/p>\n<p>Jos peruutusturva on ostettu, seuraavat ehdot p\u00e4tev\u00e4t:<\/p>\n<p>\u2013 Peruutus voidaan tehd\u00e4, jos osallistuja tai h\u00e4nen perheenj\u00e4senens\u00e4 (\u00e4iti, is\u00e4, sisarus) sairastuu vakavasti, sairaus pahenee merkitt\u00e4v\u00e4sti, tai heille sattuu tapaturma tai muu vahinko, jonka vuoksi osallistuminen koulutukseen tai tapahtumaan ei ole kohtuudella mahdollista.<br \/>\n\u2013 Peruutuksen syy tulee todentaa luotettavasti l\u00e4\u00e4k\u00e4rinlausunnolla ja\/tai sukulaisuustodistuksella.<br \/>\n\u2013 Peruutusturva ei ole voimassa, jos koulutus perutaan tai siirret\u00e4\u00e4n j\u00e4rjest\u00e4j\u00e4n toimesta (katso erilliset s\u00e4\u00e4nn\u00f6t t\u00e4st\u00e4).<br \/>\n\u2013 Peruutus yll\u00e4 olevin perustein voidaan tehd\u00e4 ainoastaan huoltajan l\u00e4hett\u00e4m\u00e4ll\u00e4 s\u00e4hk\u00f6postilla, joka l\u00e4hetet\u00e4\u00e4n osoitteeseen avboka@selectedplayer.com, ja jossa annetaan kaikki tarvittavat tiedot. Suullinen peruutus ei ole voimassa.<br \/>\n\u2013 Peruutus tulee tehd\u00e4 mahdollisimman pian sen j\u00e4lkeen, kun peruutuksen peruste on syntynyt.<br \/>\n\u2013 Peruutus on teht\u00e4v\u00e4 v\u00e4hint\u00e4\u00e4n 24 tuntia ennen koulutuksen ensimm\u00e4ist\u00e4 p\u00e4iv\u00e4\u00e4 (sis\u00e4\u00e4nkirjautumisaikaa vastaavana saapumisp\u00e4iv\u00e4n\u00e4).<br \/>\n\u2013 Jos osallistujalla on peruutusturva ja l\u00e4\u00e4k\u00e4rintodistus, peruutus k\u00e4sitell\u00e4\u00e4n edell\u00e4 mainittujen s\u00e4\u00e4nt\u00f6jen mukaisesti ja osallistumismaksu palautetaan, v\u00e4hennettyn\u00e4 peruutusturvan hinnalla (350 kr).<\/p>\n<p>Peruutuksen j\u00e4lkeen osallistujalle palautettava summa maksetaan takaisin 1 kuukauden kuluessa siit\u00e4, kun Selected Playerill\u00e4 on k\u00e4yt\u00f6ss\u00e4\u00e4n kaikki tarvittavat tiedot, kuitenkin viimeist\u00e4\u00e4n 1 viikkoa ennen koulutuksen alkua. Kes\u00e4kaudella Selected Player pid\u00e4tt\u00e4\u00e4 oikeuden mahdolliseen viiv\u00e4stykseen siten, ett\u00e4 palautus voi tapahtua elokuun loppuun menness\u00e4 (koskee kes\u00e4- ja hein\u00e4kuun koulutuksia).<\/p>\n<p>Peruuttamisoikeus ei koske koulutuspaikan ostoa.<\/p>\n<h2 class=\"wp-block-heading\">Force majeure<\/h2>\n<p>Jos Selected Player ei pysty toteuttamaan koulutusta pandemian, saarron, boikotin, ty\u00f6sulun, tulipalon, sodan tai muiden Selected Playerista riippumattomien olosuhteiden vuoksi, sovelletaan ensisijaisesti seuraavia ehtoja:<\/p>\n<ol>\n<li>Asiakas voi vapaasti siirt\u00e4\u00e4 varauksensa toiseen paikkakuntaan tai seuraavaan koulutuskertaan.<\/li>\n<li>50 %:n palautus koulutusmaksusta.<\/li>\n<li>Ilmainen kotiinkuljetus kaikille erikseen ostetuille vaatteille ja muille tuotteille, jotka olisi muuten noudettu koulutuksesta. (Koulutusmaksuun sis\u00e4ltyvi\u00e4 vaatteita ei toimiteta kotiin.)<\/li>\n<\/ol>\n<h2 class=\"wp-block-heading\">Selected Player osallistujien tietojen k\u00e4ytt\u00f6<\/h2>\n<p>Hyv\u00e4ksym\u00e4ll\u00e4 t\u00e4m\u00e4n sopimuksen hyv\u00e4ksyt sen, ett\u00e4 koulutusten aikana osallistujasta otettuja valokuvia voidaan k\u00e4ytt\u00e4\u00e4 Selected Playerin sek\u00e4 mahdollisten yhteisty\u00f6kumppaneiden toimesta sek\u00e4 sis\u00e4isess\u00e4 ett\u00e4 ulkoisessa viestinn\u00e4ss\u00e4, sosiaalisessa mediassa, verkkosivuilla ja markkinoinnissa.<\/p>\n<p>Selected Player ei luovuta osallistujien yhteystietoja ulkopuolisille yhteisty\u00f6kumppaneille markkinointitarkoituksia varten. Yhteystiedot luovutetaan ainoastaan yrityksille, jotka toimittavat palveluita suoraan Selected Playerille (esimerkiksi vakuutusyhti\u00f6, jossa pelaajat ovat vakuutettuina koulutusten aikana).<br \/>\nOsallistujat voivat kuitenkin saada erilaisia tarjouksia uutiskirjeiden kautta.<\/p>\n<h2 class=\"wp-block-heading\">Osallistujan vastuu viestinn\u00e4st\u00e4<\/h2>\n<p>Verkkokaupassa annetut s\u00e4hk\u00f6postiosoitteet ovat ne osoitteet, joihin l\u00e4het\u00e4mme tiedotteet ja uutiskirjeet koskien Selected Playerin koulutuksia, tapahtumia ja muita ostoksia. On t\u00e4rke\u00e4\u00e4, ett\u00e4 asiakas\/huoltaja lukee s\u00e4\u00e4nn\u00f6llisesti antamansa s\u00e4hk\u00f6postiosoitteen viestit. Jos uutiskirjeit\u00e4 tai muuta viestint\u00e4\u00e4 ei n\u00e4y saapuneissa, on t\u00e4rke\u00e4\u00e4 tarkistaa roskaposti-\/spam-kansio ja merkit\u00e4 l\u00e4hett\u00e4j\u00e4n osoite hyv\u00e4ksytyksi.<\/p>\n","protected":false},"excerpt":{"rendered":"<p>Ostoehdot P\u00e4ivitetty 18.12.2025 Ostaminen Selected Player Sweden AB:lta Verkkokaupassa sijoitat haluamasi tuotteen ostoskoriin. Sen j\u00e4lkeen voit halutessasi lis\u00e4t\u00e4 lis\u00e4\u00e4 tuotteita ennen tilauksen viimeistelemist\u00e4. Kun olet lis\u00e4nnyt kaikki tuotteet, jotka haluat ostaa, siirryt kassalle. Kassalla n\u00e4et yhteenvedon tilauksestasi. Jos olet tyytyv\u00e4inen, vahvistat tilauksen noudattamalla sivun alaosassa olevia ohjeita. Valitse \u201cToimitustapa\u201d, jos kotiinkuljetuksesta tulee lis\u00e4t\u00e4 toimitusmaksu, tai [&hellip;]<\/p>\n","protected":false},"author":3,"featured_media":0,"parent":0,"menu_order":0,"comment_status":"closed","ping_status":"closed","template":"","meta":{"_acf_changed":false,"footnotes":""},"class_list":["post-5028","page","type-page","status-publish","hentry","has-post-title","has-post-date","has-post-category","has-post-tag","has-post-comment","has-post-author",""],"acf":[],"yoast_head":"<!-- This site is optimized with the Yoast SEO Premium plugin v27.5 (Yoast SEO v27.5) - https:\/\/yoast.com\/product\/yoast-seo-premium-wordpress\/ -->\n<title>Ostoehdot - Selected Player Finland<\/title>\n<meta name=\"robots\" content=\"index, follow, max-snippet:-1, max-image-preview:large, max-video-preview:-1\" \/>\n<link rel=\"canonical\" href=\"https:\/\/selectedplayer.com\/fi\/ostoehdot\/\" \/>\n<meta property=\"og:locale\" content=\"fi_FI\" \/>\n<meta property=\"og:type\" content=\"article\" \/>\n<meta property=\"og:title\" content=\"Ostoehdot\" \/>\n<meta property=\"og:description\" content=\"Ostoehdot P\u00e4ivitetty 18.12.2025 Ostaminen Selected Player Sweden AB:lta Verkkokaupassa sijoitat haluamasi tuotteen ostoskoriin. Sen j\u00e4lkeen voit halutessasi lis\u00e4t\u00e4 lis\u00e4\u00e4 tuotteita ennen tilauksen viimeistelemist\u00e4. Kun olet lis\u00e4nnyt kaikki tuotteet, jotka haluat ostaa, siirryt kassalle. Kassalla n\u00e4et yhteenvedon tilauksestasi. Jos olet tyytyv\u00e4inen, vahvistat tilauksen noudattamalla sivun alaosassa olevia ohjeita. Valitse \u201cToimitustapa\u201d, jos kotiinkuljetuksesta tulee lis\u00e4t\u00e4 toimitusmaksu, tai [&hellip;]\" \/>\n<meta property=\"og:url\" content=\"https:\/\/selectedplayer.com\/fi\/ostoehdot\/\" \/>\n<meta property=\"og:site_name\" content=\"Selected Player Finland\" \/>\n<meta property=\"article:modified_time\" content=\"2026-01-30T13:01:01+00:00\" \/>\n<meta name=\"twitter:card\" content=\"summary_large_image\" \/>\n<meta name=\"twitter:label1\" content=\"Arvioitu lukuaika\" \/>\n\t<meta name=\"twitter:data1\" content=\"7 minuuttia\" \/>\n<script type=\"application\/ld+json\" class=\"yoast-schema-graph\">{\"@context\":\"https:\\\/\\\/schema.org\",\"@graph\":[{\"@type\":\"WebPage\",\"@id\":\"https:\\\/\\\/selectedplayer.com\\\/fi\\\/ostoehdot\\\/\",\"url\":\"https:\\\/\\\/selectedplayer.com\\\/fi\\\/ostoehdot\\\/\",\"name\":\"Ostoehdot - Selected Player Finland\",\"isPartOf\":{\"@id\":\"https:\\\/\\\/selectedplayer.com\\\/fi\\\/#website\"},\"datePublished\":\"2024-11-13T10:29:27+00:00\",\"dateModified\":\"2026-01-30T13:01:01+00:00\",\"breadcrumb\":{\"@id\":\"https:\\\/\\\/selectedplayer.com\\\/fi\\\/ostoehdot\\\/#breadcrumb\"},\"inLanguage\":\"fi\",\"potentialAction\":[{\"@type\":\"ReadAction\",\"target\":[\"https:\\\/\\\/selectedplayer.com\\\/fi\\\/ostoehdot\\\/\"]}]},{\"@type\":\"BreadcrumbList\",\"@id\":\"https:\\\/\\\/selectedplayer.com\\\/fi\\\/ostoehdot\\\/#breadcrumb\",\"itemListElement\":[{\"@type\":\"ListItem\",\"position\":1,\"name\":\"Hem\",\"item\":\"https:\\\/\\\/selectedplayer.com\\\/fi\\\/\"},{\"@type\":\"ListItem\",\"position\":2,\"name\":\"Ostoehdot\"}]},{\"@type\":\"WebSite\",\"@id\":\"https:\\\/\\\/selectedplayer.com\\\/fi\\\/#website\",\"url\":\"https:\\\/\\\/selectedplayer.com\\\/fi\\\/\",\"name\":\"Selected Player Finland\",\"description\":\"\",\"potentialAction\":[{\"@type\":\"SearchAction\",\"target\":{\"@type\":\"EntryPoint\",\"urlTemplate\":\"https:\\\/\\\/selectedplayer.com\\\/fi\\\/?s={search_term_string}\"},\"query-input\":{\"@type\":\"PropertyValueSpecification\",\"valueRequired\":true,\"valueName\":\"search_term_string\"}}],\"inLanguage\":\"fi\"}]}<\/script>\n<!-- \/ Yoast SEO Premium plugin. -->","yoast_head_json":{"title":"Ostoehdot - Selected Player Finland","robots":{"index":"index","follow":"follow","max-snippet":"max-snippet:-1","max-image-preview":"max-image-preview:large","max-video-preview":"max-video-preview:-1"},"canonical":"https:\/\/selectedplayer.com\/fi\/ostoehdot\/","og_locale":"fi_FI","og_type":"article","og_title":"Ostoehdot","og_description":"Ostoehdot P\u00e4ivitetty 18.12.2025 Ostaminen Selected Player Sweden AB:lta Verkkokaupassa sijoitat haluamasi tuotteen ostoskoriin. Sen j\u00e4lkeen voit halutessasi lis\u00e4t\u00e4 lis\u00e4\u00e4 tuotteita ennen tilauksen viimeistelemist\u00e4. Kun olet lis\u00e4nnyt kaikki tuotteet, jotka haluat ostaa, siirryt kassalle. Kassalla n\u00e4et yhteenvedon tilauksestasi. Jos olet tyytyv\u00e4inen, vahvistat tilauksen noudattamalla sivun alaosassa olevia ohjeita. Valitse \u201cToimitustapa\u201d, jos kotiinkuljetuksesta tulee lis\u00e4t\u00e4 toimitusmaksu, tai [&hellip;]","og_url":"https:\/\/selectedplayer.com\/fi\/ostoehdot\/","og_site_name":"Selected Player Finland","article_modified_time":"2026-01-30T13:01:01+00:00","twitter_card":"summary_large_image","twitter_misc":{"Arvioitu lukuaika":"7 minuuttia"},"schema":{"@context":"https:\/\/schema.org","@graph":[{"@type":"WebPage","@id":"https:\/\/selectedplayer.com\/fi\/ostoehdot\/","url":"https:\/\/selectedplayer.com\/fi\/ostoehdot\/","name":"Ostoehdot - Selected Player Finland","isPartOf":{"@id":"https:\/\/selectedplayer.com\/fi\/#website"},"datePublished":"2024-11-13T10:29:27+00:00","dateModified":"2026-01-30T13:01:01+00:00","breadcrumb":{"@id":"https:\/\/selectedplayer.com\/fi\/ostoehdot\/#breadcrumb"},"inLanguage":"fi","potentialAction":[{"@type":"ReadAction","target":["https:\/\/selectedplayer.com\/fi\/ostoehdot\/"]}]},{"@type":"BreadcrumbList","@id":"https:\/\/selectedplayer.com\/fi\/ostoehdot\/#breadcrumb","itemListElement":[{"@type":"ListItem","position":1,"name":"Hem","item":"https:\/\/selectedplayer.com\/fi\/"},{"@type":"ListItem","position":2,"name":"Ostoehdot"}]},{"@type":"WebSite","@id":"https:\/\/selectedplayer.com\/fi\/#website","url":"https:\/\/selectedplayer.com\/fi\/","name":"Selected Player Finland","description":"","potentialAction":[{"@type":"SearchAction","target":{"@type":"EntryPoint","urlTemplate":"https:\/\/selectedplayer.com\/fi\/?s={search_term_string}"},"query-input":{"@type":"PropertyValueSpecification","valueRequired":true,"valueName":"search_term_string"}}],"inLanguage":"fi"}]}},"_links":{"self":[{"href":"https:\/\/selectedplayer.com\/fi\/wp-json\/wp\/v2\/pages\/5028","targetHints":{"allow":["GET"]}}],"collection":[{"href":"https:\/\/selectedplayer.com\/fi\/wp-json\/wp\/v2\/pages"}],"about":[{"href":"https:\/\/selectedplayer.com\/fi\/wp-json\/wp\/v2\/types\/page"}],"author":[{"embeddable":true,"href":"https:\/\/selectedplayer.com\/fi\/wp-json\/wp\/v2\/users\/3"}],"replies":[{"embeddable":true,"href":"https:\/\/selectedplayer.com\/fi\/wp-json\/wp\/v2\/comments?post=5028"}],"version-history":[{"count":11,"href":"https:\/\/selectedplayer.com\/fi\/wp-json\/wp\/v2\/pages\/5028\/revisions"}],"predecessor-version":[{"id":6788,"href":"https:\/\/selectedplayer.com\/fi\/wp-json\/wp\/v2\/pages\/5028\/revisions\/6788"}],"wp:attachment":[{"href":"https:\/\/selectedplayer.com\/fi\/wp-json\/wp\/v2\/media?parent=5028"}],"curies":[{"name":"wp","href":"https:\/\/api.w.org\/{rel}","templated":true}]}}