{"id":6123,"date":"2025-01-09T17:07:02","date_gmt":"2025-01-09T15:07:02","guid":{"rendered":"https:\/\/selectedplayer.com\/fi\/kiitos-pelaajavinkeista-copy\/"},"modified":"2025-01-09T17:08:54","modified_gmt":"2025-01-09T15:08:54","slug":"kiitos-kiinnostuksesta","status":"publish","type":"page","link":"https:\/\/selectedplayer.com\/fi\/kiitos-kiinnostuksesta\/","title":{"rendered":"Kiitos kiinnostuksesta"},"content":{"rendered":"<h2 style=\"text-align: center;\">Kiitos kiinnostuksenilmaisustasi!<\/h2>\n<h5 style=\"text-align: center;\">Ottakaa meihin yhteytt\u00e4, jos teill\u00e4 on kysytt\u00e4v\u00e4\u00e4.<\/h5>\n<p><img loading=\"lazy\" decoding=\"async\" class=\"aligncenter wp-image-6119\" src=\"https:\/\/selectedplayer.com\/fi\/wp-content\/uploads\/sites\/5\/2025\/01\/ledare-grey-1024x683.jpg\" alt=\"\" width=\"600\" height=\"400\" srcset=\"https:\/\/selectedplayer.com\/fi\/wp-content\/uploads\/sites\/5\/2025\/01\/ledare-grey-1024x683.jpg 1024w, https:\/\/selectedplayer.com\/fi\/wp-content\/uploads\/sites\/5\/2025\/01\/ledare-grey-300x200.jpg 300w, https:\/\/selectedplayer.com\/fi\/wp-content\/uploads\/sites\/5\/2025\/01\/ledare-grey-768x512.jpg 768w, https:\/\/selectedplayer.com\/fi\/wp-content\/uploads\/sites\/5\/2025\/01\/ledare-grey-1536x1024.jpg 1536w, https:\/\/selectedplayer.com\/fi\/wp-content\/uploads\/sites\/5\/2025\/01\/ledare-grey-600x400.jpg 600w, https:\/\/selectedplayer.com\/fi\/wp-content\/uploads\/sites\/5\/2025\/01\/ledare-grey.jpg 1920w\" sizes=\"auto, (max-width: 600px) 100vw, 600px\" \/><\/p>\n","protected":false},"excerpt":{"rendered":"<p>Kiitos kiinnostuksenilmaisustasi! Ottakaa meihin yhteytt\u00e4, jos teill\u00e4 on kysytt\u00e4v\u00e4\u00e4.<\/p>\n","protected":false},"author":6,"featured_media":0,"parent":0,"menu_order":0,"comment_status":"closed","ping_status":"closed","template":"","meta":{"_acf_changed":false,"footnotes":""},"class_list":["post-6123","page","type-page","status-publish","hentry","has-post-title","has-post-date","has-post-category","has-post-tag","has-post-comment","has-post-author",""],"acf":[],"yoast_head":"<!-- This site is optimized with the Yoast SEO Premium plugin v27.4 (Yoast SEO v27.4) - https:\/\/yoast.com\/product\/yoast-seo-premium-wordpress\/ -->\n<title>Kiitos kiinnostuksesta - Selected Player Finland<\/title>\n<meta name=\"robots\" content=\"index, follow, max-snippet:-1, max-image-preview:large, max-video-preview:-1\" \/>\n<link rel=\"canonical\" href=\"https:\/\/selectedplayer.com\/fi\/kiitos-kiinnostuksesta\/\" \/>\n<meta property=\"og:locale\" content=\"fi_FI\" \/>\n<meta property=\"og:type\" content=\"article\" \/>\n<meta property=\"og:title\" content=\"Kiitos kiinnostuksesta\" \/>\n<meta property=\"og:description\" content=\"Kiitos kiinnostuksenilmaisustasi! Ottakaa meihin yhteytt\u00e4, jos teill\u00e4 on kysytt\u00e4v\u00e4\u00e4.\" \/>\n<meta property=\"og:url\" content=\"https:\/\/selectedplayer.com\/fi\/kiitos-kiinnostuksesta\/\" \/>\n<meta property=\"og:site_name\" content=\"Selected Player Finland\" \/>\n<meta property=\"article:modified_time\" content=\"2025-01-09T15:08:54+00:00\" \/>\n<meta property=\"og:image\" content=\"http:\/\/selectedplayer.com\/fi\/wp-content\/uploads\/sites\/5\/2025\/01\/ledare-grey-1024x683.jpg\" \/>\n<meta name=\"twitter:card\" content=\"summary_large_image\" \/>\n<meta name=\"twitter:label1\" content=\"Arvioitu lukuaika\" \/>\n\t<meta name=\"twitter:data1\" content=\"1 minuutti\" \/>\n<script type=\"application\/ld+json\" class=\"yoast-schema-graph\">{\"@context\":\"https:\\\/\\\/schema.org\",\"@graph\":[{\"@type\":\"WebPage\",\"@id\":\"https:\\\/\\\/selectedplayer.com\\\/fi\\\/kiitos-kiinnostuksesta\\\/\",\"url\":\"https:\\\/\\\/selectedplayer.com\\\/fi\\\/kiitos-kiinnostuksesta\\\/\",\"name\":\"Kiitos kiinnostuksesta - Selected Player Finland\",\"isPartOf\":{\"@id\":\"https:\\\/\\\/selectedplayer.com\\\/fi\\\/#website\"},\"primaryImageOfPage\":{\"@id\":\"https:\\\/\\\/selectedplayer.com\\\/fi\\\/kiitos-kiinnostuksesta\\\/#primaryimage\"},\"image\":{\"@id\":\"https:\\\/\\\/selectedplayer.com\\\/fi\\\/kiitos-kiinnostuksesta\\\/#primaryimage\"},\"thumbnailUrl\":\"http:\\\/\\\/selectedplayer.com\\\/fi\\\/wp-content\\\/uploads\\\/sites\\\/5\\\/2025\\\/01\\\/ledare-grey-1024x683.jpg\",\"datePublished\":\"2025-01-09T15:07:02+00:00\",\"dateModified\":\"2025-01-09T15:08:54+00:00\",\"breadcrumb\":{\"@id\":\"https:\\\/\\\/selectedplayer.com\\\/fi\\\/kiitos-kiinnostuksesta\\\/#breadcrumb\"},\"inLanguage\":\"fi\",\"potentialAction\":[{\"@type\":\"ReadAction\",\"target\":[\"https:\\\/\\\/selectedplayer.com\\\/fi\\\/kiitos-kiinnostuksesta\\\/\"]}]},{\"@type\":\"ImageObject\",\"inLanguage\":\"fi\",\"@id\":\"https:\\\/\\\/selectedplayer.com\\\/fi\\\/kiitos-kiinnostuksesta\\\/#primaryimage\",\"url\":\"https:\\\/\\\/selectedplayer.com\\\/fi\\\/wp-content\\\/uploads\\\/sites\\\/5\\\/2025\\\/01\\\/ledare-grey.jpg\",\"contentUrl\":\"https:\\\/\\\/selectedplayer.com\\\/fi\\\/wp-content\\\/uploads\\\/sites\\\/5\\\/2025\\\/01\\\/ledare-grey.jpg\",\"width\":1920,\"height\":1280},{\"@type\":\"BreadcrumbList\",\"@id\":\"https:\\\/\\\/selectedplayer.com\\\/fi\\\/kiitos-kiinnostuksesta\\\/#breadcrumb\",\"itemListElement\":[{\"@type\":\"ListItem\",\"position\":1,\"name\":\"Hem\",\"item\":\"https:\\\/\\\/selectedplayer.com\\\/fi\\\/\"},{\"@type\":\"ListItem\",\"position\":2,\"name\":\"Kiitos kiinnostuksesta\"}]},{\"@type\":\"WebSite\",\"@id\":\"https:\\\/\\\/selectedplayer.com\\\/fi\\\/#website\",\"url\":\"https:\\\/\\\/selectedplayer.com\\\/fi\\\/\",\"name\":\"Selected Player Finland\",\"description\":\"\",\"potentialAction\":[{\"@type\":\"SearchAction\",\"target\":{\"@type\":\"EntryPoint\",\"urlTemplate\":\"https:\\\/\\\/selectedplayer.com\\\/fi\\\/?s={search_term_string}\"},\"query-input\":{\"@type\":\"PropertyValueSpecification\",\"valueRequired\":true,\"valueName\":\"search_term_string\"}}],\"inLanguage\":\"fi\"}]}<\/script>\n<!-- \/ Yoast SEO Premium plugin. -->","yoast_head_json":{"title":"Kiitos kiinnostuksesta - Selected Player Finland","robots":{"index":"index","follow":"follow","max-snippet":"max-snippet:-1","max-image-preview":"max-image-preview:large","max-video-preview":"max-video-preview:-1"},"canonical":"https:\/\/selectedplayer.com\/fi\/kiitos-kiinnostuksesta\/","og_locale":"fi_FI","og_type":"article","og_title":"Kiitos kiinnostuksesta","og_description":"Kiitos kiinnostuksenilmaisustasi! Ottakaa meihin yhteytt\u00e4, jos teill\u00e4 on kysytt\u00e4v\u00e4\u00e4.","og_url":"https:\/\/selectedplayer.com\/fi\/kiitos-kiinnostuksesta\/","og_site_name":"Selected Player Finland","article_modified_time":"2025-01-09T15:08:54+00:00","og_image":[{"url":"http:\/\/selectedplayer.com\/fi\/wp-content\/uploads\/sites\/5\/2025\/01\/ledare-grey-1024x683.jpg","type":"","width":"","height":""}],"twitter_card":"summary_large_image","twitter_misc":{"Arvioitu lukuaika":"1 minuutti"},"schema":{"@context":"https:\/\/schema.org","@graph":[{"@type":"WebPage","@id":"https:\/\/selectedplayer.com\/fi\/kiitos-kiinnostuksesta\/","url":"https:\/\/selectedplayer.com\/fi\/kiitos-kiinnostuksesta\/","name":"Kiitos kiinnostuksesta - Selected Player Finland","isPartOf":{"@id":"https:\/\/selectedplayer.com\/fi\/#website"},"primaryImageOfPage":{"@id":"https:\/\/selectedplayer.com\/fi\/kiitos-kiinnostuksesta\/#primaryimage"},"image":{"@id":"https:\/\/selectedplayer.com\/fi\/kiitos-kiinnostuksesta\/#primaryimage"},"thumbnailUrl":"http:\/\/selectedplayer.com\/fi\/wp-content\/uploads\/sites\/5\/2025\/01\/ledare-grey-1024x683.jpg","datePublished":"2025-01-09T15:07:02+00:00","dateModified":"2025-01-09T15:08:54+00:00","breadcrumb":{"@id":"https:\/\/selectedplayer.com\/fi\/kiitos-kiinnostuksesta\/#breadcrumb"},"inLanguage":"fi","potentialAction":[{"@type":"ReadAction","target":["https:\/\/selectedplayer.com\/fi\/kiitos-kiinnostuksesta\/"]}]},{"@type":"ImageObject","inLanguage":"fi","@id":"https:\/\/selectedplayer.com\/fi\/kiitos-kiinnostuksesta\/#primaryimage","url":"https:\/\/selectedplayer.com\/fi\/wp-content\/uploads\/sites\/5\/2025\/01\/ledare-grey.jpg","contentUrl":"https:\/\/selectedplayer.com\/fi\/wp-content\/uploads\/sites\/5\/2025\/01\/ledare-grey.jpg","width":1920,"height":1280},{"@type":"BreadcrumbList","@id":"https:\/\/selectedplayer.com\/fi\/kiitos-kiinnostuksesta\/#breadcrumb","itemListElement":[{"@type":"ListItem","position":1,"name":"Hem","item":"https:\/\/selectedplayer.com\/fi\/"},{"@type":"ListItem","position":2,"name":"Kiitos kiinnostuksesta"}]},{"@type":"WebSite","@id":"https:\/\/selectedplayer.com\/fi\/#website","url":"https:\/\/selectedplayer.com\/fi\/","name":"Selected Player Finland","description":"","potentialAction":[{"@type":"SearchAction","target":{"@type":"EntryPoint","urlTemplate":"https:\/\/selectedplayer.com\/fi\/?s={search_term_string}"},"query-input":{"@type":"PropertyValueSpecification","valueRequired":true,"valueName":"search_term_string"}}],"inLanguage":"fi"}]}},"_links":{"self":[{"href":"https:\/\/selectedplayer.com\/fi\/wp-json\/wp\/v2\/pages\/6123","targetHints":{"allow":["GET"]}}],"collection":[{"href":"https:\/\/selectedplayer.com\/fi\/wp-json\/wp\/v2\/pages"}],"about":[{"href":"https:\/\/selectedplayer.com\/fi\/wp-json\/wp\/v2\/types\/page"}],"author":[{"embeddable":true,"href":"https:\/\/selectedplayer.com\/fi\/wp-json\/wp\/v2\/users\/6"}],"replies":[{"embeddable":true,"href":"https:\/\/selectedplayer.com\/fi\/wp-json\/wp\/v2\/comments?post=6123"}],"version-history":[{"count":3,"href":"https:\/\/selectedplayer.com\/fi\/wp-json\/wp\/v2\/pages\/6123\/revisions"}],"predecessor-version":[{"id":6126,"href":"https:\/\/selectedplayer.com\/fi\/wp-json\/wp\/v2\/pages\/6123\/revisions\/6126"}],"wp:attachment":[{"href":"https:\/\/selectedplayer.com\/fi\/wp-json\/wp\/v2\/media?parent=6123"}],"curies":[{"name":"wp","href":"https:\/\/api.w.org\/{rel}","templated":true}]}}