{"id":6420,"date":"2025-02-19T14:34:29","date_gmt":"2025-02-19T12:34:29","guid":{"rendered":"https:\/\/selectedplayer.com\/fi\/?post_type=product&#038;p=6420"},"modified":"2026-02-20T12:28:22","modified_gmt":"2026-02-20T10:28:22","slug":"gamechanger-ilmoitus","status":"publish","type":"product","link":"https:\/\/selectedplayer.com\/fi\/produkt\/gamechanger-ilmoitus\/","title":{"rendered":"Gamechanger Camp ilmoitus"},"content":{"rendered":"","protected":false},"excerpt":{"rendered":"<p><strong>Gamechanger Camp kes\u00e4ll\u00e4 2025. Uppsala, Ruotsi.<\/strong><\/p>\n<ul>\n<li><strong>Tyt\u00f6t ja pojat 2009<\/strong>. Viikko 24\/25 | 14.\u201318. kes\u00e4kuuta<\/li>\n<li><strong>Tyt\u00f6t ja pojat 2010<\/strong>. Viikko 26 | 25.\u201329. kes\u00e4kuuta<\/li>\n<li><strong>Tyt\u00f6t ja pojat 2011<\/strong>. Viikko 27 | 2.\u20136. hein\u00e4kuuta<\/li>\n<li><strong>Tyt\u00f6t ja pojat 2012<\/strong>. Viikko 28 | 9.\u201313. hein\u00e4kuuta<\/li>\n<\/ul>\n<p><strong>T\u00e4\u00e4lt\u00e4 varaat paikan kutsutulle pelaajalle<\/strong><br \/>\nMukana olevien vaatteiden kokotaulukon <a href=\"https:\/\/selectedplayer.com\/fi\/wp-content\/uploads\/sites\/5\/2025\/01\/sizeguide2025.jpg\" target=\"_blank\" rel=\"noopener\">l\u00f6yd\u00e4t t\u00e4st\u00e4<\/a>.<\/p>\n<p>&nbsp;<\/p>\n","protected":false},"featured_media":5242,"comment_status":"closed","ping_status":"closed","template":"","meta":{"_acf_changed":false},"product_brand":[],"product_cat":[15],"product_tag":[],"class_list":{"0":"post-6420","1":"product","2":"type-product","3":"status-publish","4":"has-post-thumbnail","6":"product_cat-okategoriserad","7":"has-post-title","8":"has-post-date","9":"has-post-category","10":"has-post-tag","11":"has-post-comment","12":"has-post-author","13":"","15":"first","16":"outofstock","17":"virtual","18":"sold-individually","19":"taxable","20":"purchasable","21":"product-type-bundle"},"bundled_by":[],"bundle_stock_status":"outofstock","bundle_stock_quantity":0,"bundle_virtual":false,"bundle_layout":"default","bundle_add_to_cart_form_location":"default","bundle_editable_in_cart":false,"bundle_sold_individually_context":"configuration","bundle_item_grouping":"parent","bundle_min_size":"","bundle_max_size":"","bundle_price":{"price":{"min":{"incl_tax":"580","excl_tax":"547.18"},"max":{"incl_tax":"610","excl_tax":"575.48"}},"regular_price":{"min":{"incl_tax":"580","excl_tax":"547.18"},"max":{"incl_tax":"610","excl_tax":"575.48"}}},"bundled_items":[{"bundled_item_id":10,"product_id":1082,"menu_order":0,"quantity_min":1,"quantity_max":1,"quantity_default":1,"priced_individually":true,"shipped_individually":false,"override_title":false,"title":"Paidat","override_description":false,"description":"","optional":false,"hide_thumbnail":true,"discount":"","override_variations":false,"allowed_variations":[],"override_default_variation_attributes":false,"default_variation_attributes":[],"single_product_visibility":"visible","cart_visibility":"visible","order_visibility":"visible","single_product_price_visibility":"hidden","cart_price_visibility":"hidden","order_price_visibility":"hidden","stock_status":"out_of_stock"},{"bundled_item_id":11,"product_id":1089,"menu_order":1,"quantity_min":1,"quantity_max":1,"quantity_default":1,"priced_individually":true,"shipped_individually":false,"override_title":false,"title":"Sortsit","override_description":false,"description":"","optional":false,"hide_thumbnail":true,"discount":"","override_variations":false,"allowed_variations":[],"override_default_variation_attributes":false,"default_variation_attributes":[],"single_product_visibility":"visible","cart_visibility":"visible","order_visibility":"visible","single_product_price_visibility":"hidden","cart_price_visibility":"hidden","order_price_visibility":"hidden","stock_status":"out_of_stock"},{"bundled_item_id":12,"product_id":1091,"menu_order":2,"quantity_min":1,"quantity_max":1,"quantity_default":1,"priced_individually":true,"shipped_individually":false,"override_title":false,"title":"Sukat","override_description":false,"description":"","optional":false,"hide_thumbnail":true,"discount":"","override_variations":false,"allowed_variations":[],"override_default_variation_attributes":false,"default_variation_attributes":[],"single_product_visibility":"visible","cart_visibility":"visible","order_visibility":"visible","single_product_price_visibility":"hidden","cart_price_visibility":"hidden","order_price_visibility":"hidden","stock_status":"out_of_stock"},{"bundled_item_id":13,"product_id":1093,"menu_order":3,"quantity_min":1,"quantity_max":1,"quantity_default":1,"priced_individually":true,"shipped_individually":true,"override_title":false,"title":"Peruutusturva","override_description":true,"description":"Kattaa vahingot, sairaudet ja vastaavat tilanteet.","optional":true,"hide_thumbnail":true,"discount":"","override_variations":false,"allowed_variations":[],"override_default_variation_attributes":false,"default_variation_attributes":[],"single_product_visibility":"visible","cart_visibility":"visible","order_visibility":"visible","single_product_price_visibility":"visible","cart_price_visibility":"visible","order_price_visibility":"visible","stock_status":"out_of_stock"}],"bundle_sell_ids":[],"exclude_global_add_ons":[],"addons":[],"acf":[],"yoast_head":"<!-- This site is optimized with the Yoast SEO Premium plugin v27.5 (Yoast SEO v27.5) - https:\/\/yoast.com\/product\/yoast-seo-premium-wordpress\/ -->\n<title>Gamechanger Camp ilmoitus - Selected Player Finland<\/title>\n<meta name=\"robots\" content=\"noindex, nofollow\" \/>\n<meta property=\"og:locale\" content=\"fi_FI\" \/>\n<meta property=\"og:type\" content=\"article\" \/>\n<meta property=\"og:title\" content=\"Gamechanger Camp ilmoitus\" \/>\n<meta property=\"og:description\" content=\"Gamechanger Camp kes\u00e4ll\u00e4 2025. Uppsala, Ruotsi.   Tyt\u00f6t ja pojat 2009. Viikko 24\/25 | 14.\u201318. kes\u00e4kuuta  Tyt\u00f6t ja pojat 2010. Viikko 26 | 25.\u201329. kes\u00e4kuuta  Tyt\u00f6t ja pojat 2011. Viikko 27 | 2.\u20136. hein\u00e4kuuta  Tyt\u00f6t ja pojat 2012. Viikko 28 | 9.\u201313. hein\u00e4kuuta  T\u00e4\u00e4lt\u00e4 varaat paikan kutsutulle pelaajalle Mukana olevien vaatteiden kokotaulukon l\u00f6yd\u00e4t t\u00e4st\u00e4.  &nbsp;\" \/>\n<meta property=\"og:url\" content=\"https:\/\/selectedplayer.com\/fi\/produkt\/gamechanger-ilmoitus\/\" \/>\n<meta property=\"og:site_name\" content=\"Selected Player Finland\" \/>\n<meta property=\"article:modified_time\" content=\"2026-02-20T10:28:22+00:00\" \/>\n<meta property=\"og:image\" content=\"https:\/\/selectedplayer.com\/fi\/wp-content\/uploads\/sites\/5\/2024\/11\/selected-player.jpg\" \/>\n\t<meta property=\"og:image:width\" content=\"999\" \/>\n\t<meta property=\"og:image:height\" content=\"562\" \/>\n\t<meta property=\"og:image:type\" content=\"image\/jpeg\" \/>\n<meta name=\"twitter:card\" content=\"summary_large_image\" \/>\n<meta name=\"twitter:label1\" content=\"Arvioitu lukuaika\" \/>\n\t<meta name=\"twitter:data1\" content=\"1 minuutti\" \/>\n<script type=\"application\/ld+json\" class=\"yoast-schema-graph\">{\"@context\":\"https:\\\/\\\/schema.org\",\"@graph\":[{\"@type\":\"WebPage\",\"@id\":\"https:\\\/\\\/selectedplayer.com\\\/fi\\\/produkt\\\/gamechanger-ilmoitus\\\/\",\"url\":\"https:\\\/\\\/selectedplayer.com\\\/fi\\\/produkt\\\/gamechanger-ilmoitus\\\/\",\"name\":\"Gamechanger Camp ilmoitus - Selected Player Finland\",\"isPartOf\":{\"@id\":\"https:\\\/\\\/selectedplayer.com\\\/fi\\\/#website\"},\"primaryImageOfPage\":{\"@id\":\"https:\\\/\\\/selectedplayer.com\\\/fi\\\/produkt\\\/gamechanger-ilmoitus\\\/#primaryimage\"},\"image\":{\"@id\":\"https:\\\/\\\/selectedplayer.com\\\/fi\\\/produkt\\\/gamechanger-ilmoitus\\\/#primaryimage\"},\"thumbnailUrl\":\"https:\\\/\\\/selectedplayer.com\\\/fi\\\/wp-content\\\/uploads\\\/sites\\\/5\\\/2024\\\/11\\\/selected-player.jpg\",\"datePublished\":\"2025-02-19T12:34:29+00:00\",\"dateModified\":\"2026-02-20T10:28:22+00:00\",\"breadcrumb\":{\"@id\":\"https:\\\/\\\/selectedplayer.com\\\/fi\\\/produkt\\\/gamechanger-ilmoitus\\\/#breadcrumb\"},\"inLanguage\":\"fi\",\"potentialAction\":[{\"@type\":\"ReadAction\",\"target\":[\"https:\\\/\\\/selectedplayer.com\\\/fi\\\/produkt\\\/gamechanger-ilmoitus\\\/\"]}]},{\"@type\":\"ImageObject\",\"inLanguage\":\"fi\",\"@id\":\"https:\\\/\\\/selectedplayer.com\\\/fi\\\/produkt\\\/gamechanger-ilmoitus\\\/#primaryimage\",\"url\":\"https:\\\/\\\/selectedplayer.com\\\/fi\\\/wp-content\\\/uploads\\\/sites\\\/5\\\/2024\\\/11\\\/selected-player.jpg\",\"contentUrl\":\"https:\\\/\\\/selectedplayer.com\\\/fi\\\/wp-content\\\/uploads\\\/sites\\\/5\\\/2024\\\/11\\\/selected-player.jpg\",\"width\":999,\"height\":562,\"caption\":\"Selected Player\"},{\"@type\":\"BreadcrumbList\",\"@id\":\"https:\\\/\\\/selectedplayer.com\\\/fi\\\/produkt\\\/gamechanger-ilmoitus\\\/#breadcrumb\",\"itemListElement\":[{\"@type\":\"ListItem\",\"position\":1,\"name\":\"Hem\",\"item\":\"https:\\\/\\\/selectedplayer.com\\\/fi\\\/\"},{\"@type\":\"ListItem\",\"position\":2,\"name\":\"Butik\",\"item\":\"https:\\\/\\\/selectedplayer.com\\\/fi\\\/butik\\\/\"},{\"@type\":\"ListItem\",\"position\":3,\"name\":\"Gamechanger Camp ilmoitus\"}]},{\"@type\":\"WebSite\",\"@id\":\"https:\\\/\\\/selectedplayer.com\\\/fi\\\/#website\",\"url\":\"https:\\\/\\\/selectedplayer.com\\\/fi\\\/\",\"name\":\"Selected Player Finland\",\"description\":\"\",\"potentialAction\":[{\"@type\":\"SearchAction\",\"target\":{\"@type\":\"EntryPoint\",\"urlTemplate\":\"https:\\\/\\\/selectedplayer.com\\\/fi\\\/?s={search_term_string}\"},\"query-input\":{\"@type\":\"PropertyValueSpecification\",\"valueRequired\":true,\"valueName\":\"search_term_string\"}}],\"inLanguage\":\"fi\"}]}<\/script>\n<!-- \/ Yoast SEO Premium plugin. -->","yoast_head_json":{"title":"Gamechanger Camp ilmoitus - Selected Player Finland","robots":{"index":"noindex","follow":"nofollow"},"og_locale":"fi_FI","og_type":"article","og_title":"Gamechanger Camp ilmoitus","og_description":"Gamechanger Camp kes\u00e4ll\u00e4 2025. Uppsala, Ruotsi.   Tyt\u00f6t ja pojat 2009. Viikko 24\/25 | 14.\u201318. kes\u00e4kuuta  Tyt\u00f6t ja pojat 2010. Viikko 26 | 25.\u201329. kes\u00e4kuuta  Tyt\u00f6t ja pojat 2011. Viikko 27 | 2.\u20136. hein\u00e4kuuta  Tyt\u00f6t ja pojat 2012. Viikko 28 | 9.\u201313. hein\u00e4kuuta  T\u00e4\u00e4lt\u00e4 varaat paikan kutsutulle pelaajalle Mukana olevien vaatteiden kokotaulukon l\u00f6yd\u00e4t t\u00e4st\u00e4.  &nbsp;","og_url":"https:\/\/selectedplayer.com\/fi\/produkt\/gamechanger-ilmoitus\/","og_site_name":"Selected Player Finland","article_modified_time":"2026-02-20T10:28:22+00:00","og_image":[{"width":999,"height":562,"url":"https:\/\/selectedplayer.com\/fi\/wp-content\/uploads\/sites\/5\/2024\/11\/selected-player.jpg","type":"image\/jpeg"}],"twitter_card":"summary_large_image","twitter_misc":{"Arvioitu lukuaika":"1 minuutti"},"schema":{"@context":"https:\/\/schema.org","@graph":[{"@type":"WebPage","@id":"https:\/\/selectedplayer.com\/fi\/produkt\/gamechanger-ilmoitus\/","url":"https:\/\/selectedplayer.com\/fi\/produkt\/gamechanger-ilmoitus\/","name":"Gamechanger Camp ilmoitus - Selected Player Finland","isPartOf":{"@id":"https:\/\/selectedplayer.com\/fi\/#website"},"primaryImageOfPage":{"@id":"https:\/\/selectedplayer.com\/fi\/produkt\/gamechanger-ilmoitus\/#primaryimage"},"image":{"@id":"https:\/\/selectedplayer.com\/fi\/produkt\/gamechanger-ilmoitus\/#primaryimage"},"thumbnailUrl":"https:\/\/selectedplayer.com\/fi\/wp-content\/uploads\/sites\/5\/2024\/11\/selected-player.jpg","datePublished":"2025-02-19T12:34:29+00:00","dateModified":"2026-02-20T10:28:22+00:00","breadcrumb":{"@id":"https:\/\/selectedplayer.com\/fi\/produkt\/gamechanger-ilmoitus\/#breadcrumb"},"inLanguage":"fi","potentialAction":[{"@type":"ReadAction","target":["https:\/\/selectedplayer.com\/fi\/produkt\/gamechanger-ilmoitus\/"]}]},{"@type":"ImageObject","inLanguage":"fi","@id":"https:\/\/selectedplayer.com\/fi\/produkt\/gamechanger-ilmoitus\/#primaryimage","url":"https:\/\/selectedplayer.com\/fi\/wp-content\/uploads\/sites\/5\/2024\/11\/selected-player.jpg","contentUrl":"https:\/\/selectedplayer.com\/fi\/wp-content\/uploads\/sites\/5\/2024\/11\/selected-player.jpg","width":999,"height":562,"caption":"Selected Player"},{"@type":"BreadcrumbList","@id":"https:\/\/selectedplayer.com\/fi\/produkt\/gamechanger-ilmoitus\/#breadcrumb","itemListElement":[{"@type":"ListItem","position":1,"name":"Hem","item":"https:\/\/selectedplayer.com\/fi\/"},{"@type":"ListItem","position":2,"name":"Butik","item":"https:\/\/selectedplayer.com\/fi\/butik\/"},{"@type":"ListItem","position":3,"name":"Gamechanger Camp ilmoitus"}]},{"@type":"WebSite","@id":"https:\/\/selectedplayer.com\/fi\/#website","url":"https:\/\/selectedplayer.com\/fi\/","name":"Selected Player Finland","description":"","potentialAction":[{"@type":"SearchAction","target":{"@type":"EntryPoint","urlTemplate":"https:\/\/selectedplayer.com\/fi\/?s={search_term_string}"},"query-input":{"@type":"PropertyValueSpecification","valueRequired":true,"valueName":"search_term_string"}}],"inLanguage":"fi"}]}},"_links":{"self":[{"href":"https:\/\/selectedplayer.com\/fi\/wp-json\/wp\/v2\/product\/6420","targetHints":{"allow":["GET"]}}],"collection":[{"href":"https:\/\/selectedplayer.com\/fi\/wp-json\/wp\/v2\/product"}],"about":[{"href":"https:\/\/selectedplayer.com\/fi\/wp-json\/wp\/v2\/types\/product"}],"replies":[{"embeddable":true,"href":"https:\/\/selectedplayer.com\/fi\/wp-json\/wp\/v2\/comments?post=6420"}],"wp:featuredmedia":[{"embeddable":true,"href":"https:\/\/selectedplayer.com\/fi\/wp-json\/wp\/v2\/media\/5242"}],"wp:attachment":[{"href":"https:\/\/selectedplayer.com\/fi\/wp-json\/wp\/v2\/media?parent=6420"}],"wp:term":[{"taxonomy":"product_brand","embeddable":true,"href":"https:\/\/selectedplayer.com\/fi\/wp-json\/wp\/v2\/product_brand?post=6420"},{"taxonomy":"product_cat","embeddable":true,"href":"https:\/\/selectedplayer.com\/fi\/wp-json\/wp\/v2\/product_cat?post=6420"},{"taxonomy":"product_tag","embeddable":true,"href":"https:\/\/selectedplayer.com\/fi\/wp-json\/wp\/v2\/product_tag?post=6420"}],"curies":[{"name":"wp","href":"https:\/\/api.w.org\/{rel}","templated":true}]}}