{"id":6610,"date":"2025-07-05T19:43:52","date_gmt":"2025-07-05T16:43:52","guid":{"rendered":"https:\/\/selectedplayer.com\/fi\/?post_type=product&#038;p=6610"},"modified":"2025-07-17T08:55:27","modified_gmt":"2025-07-17T05:55:27","slug":"team-finland-fanipaita","status":"publish","type":"product","link":"https:\/\/selectedplayer.com\/fi\/produkt\/team-finland-fanipaita\/","title":{"rendered":"Team Finland Fanipaita"},"content":{"rendered":"","protected":false},"excerpt":{"rendered":"<p data-start=\"46\" data-end=\"107\"><strong data-start=\"46\" data-end=\"107\">T\u00e4\u00e4lt\u00e4 voitte tilata Team Finland fanipaidan WTC:t\u00e4 varten.<\/strong><\/p>\n<p data-start=\"109\" data-end=\"212\"><strong data-start=\"109\" data-end=\"121\">Toimitus<\/strong><br data-start=\"121\" data-end=\"124\" \/>Paidat voi noutaa IFU Arenalta alkaen WTC:n sis\u00e4\u00e4nkirjautumisp\u00e4iv\u00e4st\u00e4, 23. hein\u00e4kuuta.<\/p>\n<p data-start=\"214\" data-end=\"339\"><strong>Nimen painatus paitaan<\/strong><br data-start=\"226\" data-end=\"229\" \/>Voitte valita paitaan sukunimen painatuksen.<\/p>\n<p data-start=\"341\" data-end=\"371\"><strong data-start=\"341\" data-end=\"371\">Kokotaulukko <a href=\"https:\/\/selectedplayer.com\/fi\/wp-content\/uploads\/sites\/5\/2025\/01\/sizeguide2025.jpg\" target=\"_blank\" rel=\"noopener\">l\u00f6ytyy t\u00e4\u00e4lt\u00e4<\/a><\/strong><\/p>\n","protected":false},"featured_media":6598,"comment_status":"closed","ping_status":"closed","template":"","meta":{"_acf_changed":false},"product_brand":[],"product_cat":[15],"product_tag":[],"class_list":{"0":"post-6610","1":"product","2":"type-product","3":"status-publish","4":"has-post-thumbnail","6":"product_cat-okategoriserad","7":"has-post-title","8":"has-post-date","9":"has-post-category","10":"has-post-tag","11":"has-post-comment","12":"has-post-author","13":"","15":"first","16":"outofstock","17":"taxable","18":"shipping-taxable","19":"purchasable","20":"product-type-variable"},"bundled_by":[],"bundle_stock_status":"outofstock","bundle_stock_quantity":0,"bundle_virtual":false,"bundle_layout":"","bundle_add_to_cart_form_location":"","bundle_editable_in_cart":false,"bundle_sold_individually_context":"","bundle_item_grouping":"","bundle_min_size":"","bundle_max_size":"","bundle_price":[],"bundled_items":[],"bundle_sell_ids":[],"exclude_global_add_ons":false,"addons":[{"name":"Haluatko nimipainatuksen paitaan?","type":"checkbox","position":0,"required":false,"title_format":"label","description_enable":false,"description":"","placeholder_enable":false,"placeholder":"","display":"select","restrictions_type":"any_text","adjust_price":false,"price":"","price_type":"flat_fee","restrictions":false,"min":0,"max":0,"options":[{"label":"SUKUNIMI selk\u00e4\u00e4n","price":"18","price_type":"flat_fee","image":0}],"id":1751744068},{"name":"Kirjoita SUKUNIMI","type":"custom_text","position":1,"required":false,"title_format":"label","description_enable":false,"description":"","placeholder_enable":true,"placeholder":"Kirjoita sukunimi paitapainatusta varten (jos ostat)","display":"select","restrictions_type":"any_text","adjust_price":false,"price":"","price_type":"flat_fee","restrictions":false,"min":0,"max":0,"options":[],"id":1751744069}],"acf":[],"yoast_head":"<!-- This site is optimized with the Yoast SEO Premium plugin v27.5 (Yoast SEO v27.5) - https:\/\/yoast.com\/product\/yoast-seo-premium-wordpress\/ -->\n<title>Team Finland Fanipaita - Selected Player Finland<\/title>\n<meta name=\"robots\" content=\"noindex, follow\" \/>\n<meta property=\"og:locale\" content=\"fi_FI\" \/>\n<meta property=\"og:type\" content=\"article\" \/>\n<meta property=\"og:title\" content=\"Team Finland Fanipaita\" \/>\n<meta property=\"og:description\" content=\"T\u00e4\u00e4lt\u00e4 voitte tilata Team Finland fanipaidan WTC:t\u00e4 varten. ToimitusPaidat voi noutaa IFU Arenalta alkaen WTC:n sis\u00e4\u00e4nkirjautumisp\u00e4iv\u00e4st\u00e4, 23. hein\u00e4kuuta. Nimen painatus paitaanVoitte valita paitaan sukunimen painatuksen. Kokotaulukko l\u00f6ytyy t\u00e4\u00e4lt\u00e4\" \/>\n<meta property=\"og:url\" content=\"https:\/\/selectedplayer.com\/fi\/produkt\/team-finland-fanipaita\/\" \/>\n<meta property=\"og:site_name\" content=\"Selected Player Finland\" \/>\n<meta property=\"article:modified_time\" content=\"2025-07-17T05:55:27+00:00\" \/>\n<meta property=\"og:image\" content=\"https:\/\/selectedplayer.com\/fi\/wp-content\/uploads\/sites\/5\/2025\/07\/support-fin-web.jpg\" \/>\n\t<meta property=\"og:image:width\" content=\"1920\" \/>\n\t<meta property=\"og:image:height\" content=\"1080\" \/>\n\t<meta property=\"og:image:type\" content=\"image\/jpeg\" \/>\n<meta name=\"twitter:card\" content=\"summary_large_image\" \/>\n<meta name=\"twitter:label1\" content=\"Arvioitu lukuaika\" \/>\n\t<meta name=\"twitter:data1\" content=\"1 minuutti\" \/>\n<script type=\"application\/ld+json\" class=\"yoast-schema-graph\">{\"@context\":\"https:\\\/\\\/schema.org\",\"@graph\":[{\"@type\":\"WebPage\",\"@id\":\"https:\\\/\\\/selectedplayer.com\\\/fi\\\/produkt\\\/team-finland-fanipaita\\\/\",\"url\":\"https:\\\/\\\/selectedplayer.com\\\/fi\\\/produkt\\\/team-finland-fanipaita\\\/\",\"name\":\"Team Finland Fanipaita - Selected Player Finland\",\"isPartOf\":{\"@id\":\"https:\\\/\\\/selectedplayer.com\\\/fi\\\/#website\"},\"primaryImageOfPage\":{\"@id\":\"https:\\\/\\\/selectedplayer.com\\\/fi\\\/produkt\\\/team-finland-fanipaita\\\/#primaryimage\"},\"image\":{\"@id\":\"https:\\\/\\\/selectedplayer.com\\\/fi\\\/produkt\\\/team-finland-fanipaita\\\/#primaryimage\"},\"thumbnailUrl\":\"https:\\\/\\\/selectedplayer.com\\\/fi\\\/wp-content\\\/uploads\\\/sites\\\/5\\\/2025\\\/07\\\/support-fin-web.jpg\",\"datePublished\":\"2025-07-05T16:43:52+00:00\",\"dateModified\":\"2025-07-17T05:55:27+00:00\",\"breadcrumb\":{\"@id\":\"https:\\\/\\\/selectedplayer.com\\\/fi\\\/produkt\\\/team-finland-fanipaita\\\/#breadcrumb\"},\"inLanguage\":\"fi\",\"potentialAction\":[{\"@type\":\"ReadAction\",\"target\":[\"https:\\\/\\\/selectedplayer.com\\\/fi\\\/produkt\\\/team-finland-fanipaita\\\/\"]}]},{\"@type\":\"ImageObject\",\"inLanguage\":\"fi\",\"@id\":\"https:\\\/\\\/selectedplayer.com\\\/fi\\\/produkt\\\/team-finland-fanipaita\\\/#primaryimage\",\"url\":\"https:\\\/\\\/selectedplayer.com\\\/fi\\\/wp-content\\\/uploads\\\/sites\\\/5\\\/2025\\\/07\\\/support-fin-web.jpg\",\"contentUrl\":\"https:\\\/\\\/selectedplayer.com\\\/fi\\\/wp-content\\\/uploads\\\/sites\\\/5\\\/2025\\\/07\\\/support-fin-web.jpg\",\"width\":1920,\"height\":1080},{\"@type\":\"BreadcrumbList\",\"@id\":\"https:\\\/\\\/selectedplayer.com\\\/fi\\\/produkt\\\/team-finland-fanipaita\\\/#breadcrumb\",\"itemListElement\":[{\"@type\":\"ListItem\",\"position\":1,\"name\":\"Hem\",\"item\":\"https:\\\/\\\/selectedplayer.com\\\/fi\\\/\"},{\"@type\":\"ListItem\",\"position\":2,\"name\":\"Butik\",\"item\":\"https:\\\/\\\/selectedplayer.com\\\/fi\\\/butik\\\/\"},{\"@type\":\"ListItem\",\"position\":3,\"name\":\"Team Finland Fanipaita\"}]},{\"@type\":\"WebSite\",\"@id\":\"https:\\\/\\\/selectedplayer.com\\\/fi\\\/#website\",\"url\":\"https:\\\/\\\/selectedplayer.com\\\/fi\\\/\",\"name\":\"Selected Player Finland\",\"description\":\"\",\"potentialAction\":[{\"@type\":\"SearchAction\",\"target\":{\"@type\":\"EntryPoint\",\"urlTemplate\":\"https:\\\/\\\/selectedplayer.com\\\/fi\\\/?s={search_term_string}\"},\"query-input\":{\"@type\":\"PropertyValueSpecification\",\"valueRequired\":true,\"valueName\":\"search_term_string\"}}],\"inLanguage\":\"fi\"}]}<\/script>\n<!-- \/ Yoast SEO Premium plugin. -->","yoast_head_json":{"title":"Team Finland Fanipaita - Selected Player Finland","robots":{"index":"noindex","follow":"follow"},"og_locale":"fi_FI","og_type":"article","og_title":"Team Finland Fanipaita","og_description":"T\u00e4\u00e4lt\u00e4 voitte tilata Team Finland fanipaidan WTC:t\u00e4 varten. ToimitusPaidat voi noutaa IFU Arenalta alkaen WTC:n sis\u00e4\u00e4nkirjautumisp\u00e4iv\u00e4st\u00e4, 23. hein\u00e4kuuta. Nimen painatus paitaanVoitte valita paitaan sukunimen painatuksen. Kokotaulukko l\u00f6ytyy t\u00e4\u00e4lt\u00e4","og_url":"https:\/\/selectedplayer.com\/fi\/produkt\/team-finland-fanipaita\/","og_site_name":"Selected Player Finland","article_modified_time":"2025-07-17T05:55:27+00:00","og_image":[{"width":1920,"height":1080,"url":"https:\/\/selectedplayer.com\/fi\/wp-content\/uploads\/sites\/5\/2025\/07\/support-fin-web.jpg","type":"image\/jpeg"}],"twitter_card":"summary_large_image","twitter_misc":{"Arvioitu lukuaika":"1 minuutti"},"schema":{"@context":"https:\/\/schema.org","@graph":[{"@type":"WebPage","@id":"https:\/\/selectedplayer.com\/fi\/produkt\/team-finland-fanipaita\/","url":"https:\/\/selectedplayer.com\/fi\/produkt\/team-finland-fanipaita\/","name":"Team Finland Fanipaita - Selected Player Finland","isPartOf":{"@id":"https:\/\/selectedplayer.com\/fi\/#website"},"primaryImageOfPage":{"@id":"https:\/\/selectedplayer.com\/fi\/produkt\/team-finland-fanipaita\/#primaryimage"},"image":{"@id":"https:\/\/selectedplayer.com\/fi\/produkt\/team-finland-fanipaita\/#primaryimage"},"thumbnailUrl":"https:\/\/selectedplayer.com\/fi\/wp-content\/uploads\/sites\/5\/2025\/07\/support-fin-web.jpg","datePublished":"2025-07-05T16:43:52+00:00","dateModified":"2025-07-17T05:55:27+00:00","breadcrumb":{"@id":"https:\/\/selectedplayer.com\/fi\/produkt\/team-finland-fanipaita\/#breadcrumb"},"inLanguage":"fi","potentialAction":[{"@type":"ReadAction","target":["https:\/\/selectedplayer.com\/fi\/produkt\/team-finland-fanipaita\/"]}]},{"@type":"ImageObject","inLanguage":"fi","@id":"https:\/\/selectedplayer.com\/fi\/produkt\/team-finland-fanipaita\/#primaryimage","url":"https:\/\/selectedplayer.com\/fi\/wp-content\/uploads\/sites\/5\/2025\/07\/support-fin-web.jpg","contentUrl":"https:\/\/selectedplayer.com\/fi\/wp-content\/uploads\/sites\/5\/2025\/07\/support-fin-web.jpg","width":1920,"height":1080},{"@type":"BreadcrumbList","@id":"https:\/\/selectedplayer.com\/fi\/produkt\/team-finland-fanipaita\/#breadcrumb","itemListElement":[{"@type":"ListItem","position":1,"name":"Hem","item":"https:\/\/selectedplayer.com\/fi\/"},{"@type":"ListItem","position":2,"name":"Butik","item":"https:\/\/selectedplayer.com\/fi\/butik\/"},{"@type":"ListItem","position":3,"name":"Team Finland Fanipaita"}]},{"@type":"WebSite","@id":"https:\/\/selectedplayer.com\/fi\/#website","url":"https:\/\/selectedplayer.com\/fi\/","name":"Selected Player Finland","description":"","potentialAction":[{"@type":"SearchAction","target":{"@type":"EntryPoint","urlTemplate":"https:\/\/selectedplayer.com\/fi\/?s={search_term_string}"},"query-input":{"@type":"PropertyValueSpecification","valueRequired":true,"valueName":"search_term_string"}}],"inLanguage":"fi"}]}},"_links":{"self":[{"href":"https:\/\/selectedplayer.com\/fi\/wp-json\/wp\/v2\/product\/6610","targetHints":{"allow":["GET"]}}],"collection":[{"href":"https:\/\/selectedplayer.com\/fi\/wp-json\/wp\/v2\/product"}],"about":[{"href":"https:\/\/selectedplayer.com\/fi\/wp-json\/wp\/v2\/types\/product"}],"replies":[{"embeddable":true,"href":"https:\/\/selectedplayer.com\/fi\/wp-json\/wp\/v2\/comments?post=6610"}],"wp:featuredmedia":[{"embeddable":true,"href":"https:\/\/selectedplayer.com\/fi\/wp-json\/wp\/v2\/media\/6598"}],"wp:attachment":[{"href":"https:\/\/selectedplayer.com\/fi\/wp-json\/wp\/v2\/media?parent=6610"}],"wp:term":[{"taxonomy":"product_brand","embeddable":true,"href":"https:\/\/selectedplayer.com\/fi\/wp-json\/wp\/v2\/product_brand?post=6610"},{"taxonomy":"product_cat","embeddable":true,"href":"https:\/\/selectedplayer.com\/fi\/wp-json\/wp\/v2\/product_cat?post=6610"},{"taxonomy":"product_tag","embeddable":true,"href":"https:\/\/selectedplayer.com\/fi\/wp-json\/wp\/v2\/product_tag?post=6610"}],"curies":[{"name":"wp","href":"https:\/\/api.w.org\/{rel}","templated":true}]}}