{"id":6848,"date":"2026-02-20T12:52:43","date_gmt":"2026-02-20T10:52:43","guid":{"rendered":"https:\/\/selectedplayer.com\/fi\/?post_type=product&#038;p=6848"},"modified":"2026-02-20T13:51:13","modified_gmt":"2026-02-20T11:51:13","slug":"team-finland-2026","status":"publish","type":"product","link":"https:\/\/selectedplayer.com\/fi\/produkt\/team-finland-2026\/","title":{"rendered":"Team Finland 2026"},"content":{"rendered":"","protected":false},"excerpt":{"rendered":"<p><strong>Varaus WTC:hen hotellimajoituksella<\/strong><br \/>\n18.\u201322. hein\u00e4kuuta Uppsalassa, Ruotsissa.<\/p>\n<p><strong>Pelaajakoodi<br \/>\n<\/strong>Lapsesi pelaajakoodia k\u00e4ytet\u00e4\u00e4n varausta tehdess\u00e4. Jos koodi ei ole saatavilla, <a href=\"https:\/\/selectedplayer.com\/fi\/pelaajakoodi\/\" target=\"_blank\" rel=\"noopener\">l\u00f6yd\u00e4t sen t\u00e4\u00e4lt\u00e4<\/a>.<\/p>\n<div>\n<p><strong>Peruutusturva<\/strong> (valinnainen)<br \/>\nVoit halutessasi lis\u00e4t\u00e4 peruutusturvan varausta tehdess\u00e4 \u2013 sit\u00e4 ei voi ostaa j\u00e4lkik\u00e4teen. Peruutusturva on voimassa vahingon tai sairauden sattuessa, jos ne est\u00e4v\u00e4t osallistumisen. <a href=\"https:\/\/selectedplayer.com\/fi\/ostoehdot\/\" target=\"_blank\" rel=\"noopener\">Lue lis\u00e4\u00e4 t\u00e4\u00e4lt\u00e4.<\/a><\/p>\n<p><strong>Varaa paikkasi<br \/>\n<\/strong>Sy\u00f6t\u00e4 pelaajakoodi, lis\u00e4\u00e4 tuote ostoskoriin ja viimeistele varaus kassalla.<\/p>\n<p><strong>Omat sivut<br \/>\n<\/strong>Kun varaus on tehty, kirjaudutte <strong>Omat sivut<\/strong> -osioon p\u00e4ivitt\u00e4\u00e4ksenne pelaajan tiedot: vaatteen koko, pelipaikka, ruokarajoitteet ja muu t\u00e4rke\u00e4 informaatio.<\/p>\n<\/div>\n","protected":false},"featured_media":6800,"comment_status":"closed","ping_status":"closed","template":"","meta":{"_acf_changed":false},"product_brand":[],"product_cat":[15],"product_tag":[],"class_list":{"0":"post-6848","1":"product","2":"type-product","3":"status-publish","4":"has-post-thumbnail","6":"product_cat-okategoriserad","7":"has-post-title","8":"has-post-date","9":"has-post-category","10":"has-post-tag","11":"has-post-comment","12":"has-post-author","13":"","15":"first","16":"instock","17":"sold-individually","18":"taxable","19":"shipping-taxable","20":"purchasable","21":"product-type-bundle"},"bundled_by":[],"bundle_stock_status":"instock","bundle_stock_quantity":"","bundle_virtual":false,"bundle_layout":"default","bundle_add_to_cart_form_location":"default","bundle_editable_in_cart":false,"bundle_sold_individually_context":"configuration","bundle_item_grouping":"parent","bundle_min_size":"","bundle_max_size":"","bundle_price":{"price":{"min":{"incl_tax":"740","excl_tax":"688.79"},"max":{"incl_tax":"773","excl_tax":"719.92"}},"regular_price":{"min":{"incl_tax":"740","excl_tax":"688.79"},"max":{"incl_tax":"773","excl_tax":"719.92"}}},"bundled_items":[{"bundled_item_id":14,"product_id":6844,"menu_order":0,"quantity_min":1,"quantity_max":1,"quantity_default":1,"priced_individually":true,"shipped_individually":true,"override_title":false,"title":"Peruutusturva","override_description":true,"description":"Korvaa vahingot, sairauden ja vastaavat.","optional":true,"hide_thumbnail":true,"discount":"","override_variations":false,"allowed_variations":[],"override_default_variation_attributes":false,"default_variation_attributes":[],"single_product_visibility":"visible","cart_visibility":"visible","order_visibility":"visible","single_product_price_visibility":"visible","cart_price_visibility":"visible","order_price_visibility":"visible","stock_status":"in_stock"},{"bundled_item_id":15,"product_id":6845,"menu_order":1,"quantity_min":1,"quantity_max":1,"quantity_default":1,"priced_individually":true,"shipped_individually":false,"override_title":false,"title":"Paidat","override_description":false,"description":"","optional":false,"hide_thumbnail":false,"discount":"","override_variations":false,"allowed_variations":[],"override_default_variation_attributes":false,"default_variation_attributes":[],"single_product_visibility":"hidden","cart_visibility":"hidden","order_visibility":"hidden","single_product_price_visibility":"hidden","cart_price_visibility":"hidden","order_price_visibility":"hidden","stock_status":"in_stock"},{"bundled_item_id":16,"product_id":6846,"menu_order":2,"quantity_min":1,"quantity_max":1,"quantity_default":1,"priced_individually":true,"shipped_individually":false,"override_title":false,"title":"Shortsit","override_description":false,"description":"","optional":false,"hide_thumbnail":false,"discount":"","override_variations":false,"allowed_variations":[],"override_default_variation_attributes":false,"default_variation_attributes":[],"single_product_visibility":"hidden","cart_visibility":"hidden","order_visibility":"hidden","single_product_price_visibility":"hidden","cart_price_visibility":"hidden","order_price_visibility":"hidden","stock_status":"in_stock"},{"bundled_item_id":17,"product_id":6847,"menu_order":3,"quantity_min":1,"quantity_max":1,"quantity_default":1,"priced_individually":true,"shipped_individually":false,"override_title":false,"title":"Sukat","override_description":false,"description":"","optional":false,"hide_thumbnail":false,"discount":"","override_variations":false,"allowed_variations":[],"override_default_variation_attributes":false,"default_variation_attributes":[],"single_product_visibility":"hidden","cart_visibility":"hidden","order_visibility":"hidden","single_product_price_visibility":"hidden","cart_price_visibility":"hidden","order_price_visibility":"hidden","stock_status":"in_stock"}],"bundle_sell_ids":[],"exclude_global_add_ons":[],"addons":[],"acf":[],"yoast_head":"<!-- This site is optimized with the Yoast SEO Premium plugin v27.5 (Yoast SEO v27.5) - https:\/\/yoast.com\/product\/yoast-seo-premium-wordpress\/ -->\n<title>Team Finland 2026 - Selected Player Finland<\/title>\n<meta name=\"robots\" content=\"noindex, follow\" \/>\n<meta property=\"og:locale\" content=\"fi_FI\" \/>\n<meta property=\"og:type\" content=\"article\" \/>\n<meta property=\"og:title\" content=\"Team Finland 2026\" \/>\n<meta property=\"og:description\" content=\"Varaus WTC:hen hotellimajoituksella 18.\u201322. hein\u00e4kuuta Uppsalassa, Ruotsissa.  Pelaajakoodi Lapsesi pelaajakoodia k\u00e4ytet\u00e4\u00e4n varausta tehdess\u00e4. Jos koodi ei ole saatavilla, l\u00f6yd\u00e4t sen t\u00e4\u00e4lt\u00e4.   Peruutusturva (valinnainen) Voit halutessasi lis\u00e4t\u00e4 peruutusturvan varausta tehdess\u00e4 \u2013 sit\u00e4 ei voi ostaa j\u00e4lkik\u00e4teen. Peruutusturva on voimassa vahingon tai sairauden sattuessa, jos ne est\u00e4v\u00e4t osallistumisen. Lue lis\u00e4\u00e4 t\u00e4\u00e4lt\u00e4.  Varaa paikkasi Sy\u00f6t\u00e4 pelaajakoodi, lis\u00e4\u00e4 tuote ostoskoriin ja viimeistele varaus kassalla.  Omat sivut Kun varaus on tehty, kirjaudutte Omat sivut -osioon p\u00e4ivitt\u00e4\u00e4ksenne pelaajan tiedot: vaatteen koko, pelipaikka, ruokarajoitteet ja muu t\u00e4rke\u00e4 informaatio.\" \/>\n<meta property=\"og:url\" content=\"https:\/\/selectedplayer.com\/fi\/produkt\/team-finland-2026\/\" \/>\n<meta property=\"og:site_name\" content=\"Selected Player Finland\" \/>\n<meta property=\"article:modified_time\" content=\"2026-02-20T11:51:13+00:00\" \/>\n<meta property=\"og:image\" content=\"https:\/\/selectedplayer.com\/fi\/wp-content\/uploads\/sites\/5\/2026\/01\/wtc1.jpg\" \/>\n\t<meta property=\"og:image:width\" content=\"1920\" \/>\n\t<meta property=\"og:image:height\" content=\"1080\" \/>\n\t<meta property=\"og:image:type\" content=\"image\/jpeg\" \/>\n<meta name=\"twitter:card\" content=\"summary_large_image\" \/>\n<meta name=\"twitter:label1\" content=\"Arvioitu lukuaika\" \/>\n\t<meta name=\"twitter:data1\" content=\"1 minuutti\" \/>\n<script type=\"application\/ld+json\" class=\"yoast-schema-graph\">{\"@context\":\"https:\\\/\\\/schema.org\",\"@graph\":[{\"@type\":\"WebPage\",\"@id\":\"https:\\\/\\\/selectedplayer.com\\\/fi\\\/produkt\\\/team-finland-2026\\\/\",\"url\":\"https:\\\/\\\/selectedplayer.com\\\/fi\\\/produkt\\\/team-finland-2026\\\/\",\"name\":\"Team Finland 2026 - Selected Player Finland\",\"isPartOf\":{\"@id\":\"https:\\\/\\\/selectedplayer.com\\\/fi\\\/#website\"},\"primaryImageOfPage\":{\"@id\":\"https:\\\/\\\/selectedplayer.com\\\/fi\\\/produkt\\\/team-finland-2026\\\/#primaryimage\"},\"image\":{\"@id\":\"https:\\\/\\\/selectedplayer.com\\\/fi\\\/produkt\\\/team-finland-2026\\\/#primaryimage\"},\"thumbnailUrl\":\"https:\\\/\\\/selectedplayer.com\\\/fi\\\/wp-content\\\/uploads\\\/sites\\\/5\\\/2026\\\/01\\\/wtc1.jpg\",\"datePublished\":\"2026-02-20T10:52:43+00:00\",\"dateModified\":\"2026-02-20T11:51:13+00:00\",\"breadcrumb\":{\"@id\":\"https:\\\/\\\/selectedplayer.com\\\/fi\\\/produkt\\\/team-finland-2026\\\/#breadcrumb\"},\"inLanguage\":\"fi\",\"potentialAction\":[{\"@type\":\"ReadAction\",\"target\":[\"https:\\\/\\\/selectedplayer.com\\\/fi\\\/produkt\\\/team-finland-2026\\\/\"]}]},{\"@type\":\"ImageObject\",\"inLanguage\":\"fi\",\"@id\":\"https:\\\/\\\/selectedplayer.com\\\/fi\\\/produkt\\\/team-finland-2026\\\/#primaryimage\",\"url\":\"https:\\\/\\\/selectedplayer.com\\\/fi\\\/wp-content\\\/uploads\\\/sites\\\/5\\\/2026\\\/01\\\/wtc1.jpg\",\"contentUrl\":\"https:\\\/\\\/selectedplayer.com\\\/fi\\\/wp-content\\\/uploads\\\/sites\\\/5\\\/2026\\\/01\\\/wtc1.jpg\",\"width\":1920,\"height\":1080},{\"@type\":\"BreadcrumbList\",\"@id\":\"https:\\\/\\\/selectedplayer.com\\\/fi\\\/produkt\\\/team-finland-2026\\\/#breadcrumb\",\"itemListElement\":[{\"@type\":\"ListItem\",\"position\":1,\"name\":\"Hem\",\"item\":\"https:\\\/\\\/selectedplayer.com\\\/fi\\\/\"},{\"@type\":\"ListItem\",\"position\":2,\"name\":\"Butik\",\"item\":\"https:\\\/\\\/selectedplayer.com\\\/fi\\\/butik\\\/\"},{\"@type\":\"ListItem\",\"position\":3,\"name\":\"Team Finland 2026\"}]},{\"@type\":\"WebSite\",\"@id\":\"https:\\\/\\\/selectedplayer.com\\\/fi\\\/#website\",\"url\":\"https:\\\/\\\/selectedplayer.com\\\/fi\\\/\",\"name\":\"Selected Player Finland\",\"description\":\"\",\"potentialAction\":[{\"@type\":\"SearchAction\",\"target\":{\"@type\":\"EntryPoint\",\"urlTemplate\":\"https:\\\/\\\/selectedplayer.com\\\/fi\\\/?s={search_term_string}\"},\"query-input\":{\"@type\":\"PropertyValueSpecification\",\"valueRequired\":true,\"valueName\":\"search_term_string\"}}],\"inLanguage\":\"fi\"}]}<\/script>\n<!-- \/ Yoast SEO Premium plugin. -->","yoast_head_json":{"title":"Team Finland 2026 - Selected Player Finland","robots":{"index":"noindex","follow":"follow"},"og_locale":"fi_FI","og_type":"article","og_title":"Team Finland 2026","og_description":"Varaus WTC:hen hotellimajoituksella 18.\u201322. hein\u00e4kuuta Uppsalassa, Ruotsissa.  Pelaajakoodi Lapsesi pelaajakoodia k\u00e4ytet\u00e4\u00e4n varausta tehdess\u00e4. Jos koodi ei ole saatavilla, l\u00f6yd\u00e4t sen t\u00e4\u00e4lt\u00e4.   Peruutusturva (valinnainen) Voit halutessasi lis\u00e4t\u00e4 peruutusturvan varausta tehdess\u00e4 \u2013 sit\u00e4 ei voi ostaa j\u00e4lkik\u00e4teen. Peruutusturva on voimassa vahingon tai sairauden sattuessa, jos ne est\u00e4v\u00e4t osallistumisen. Lue lis\u00e4\u00e4 t\u00e4\u00e4lt\u00e4.  Varaa paikkasi Sy\u00f6t\u00e4 pelaajakoodi, lis\u00e4\u00e4 tuote ostoskoriin ja viimeistele varaus kassalla.  Omat sivut Kun varaus on tehty, kirjaudutte Omat sivut -osioon p\u00e4ivitt\u00e4\u00e4ksenne pelaajan tiedot: vaatteen koko, pelipaikka, ruokarajoitteet ja muu t\u00e4rke\u00e4 informaatio.","og_url":"https:\/\/selectedplayer.com\/fi\/produkt\/team-finland-2026\/","og_site_name":"Selected Player Finland","article_modified_time":"2026-02-20T11:51:13+00:00","og_image":[{"width":1920,"height":1080,"url":"https:\/\/selectedplayer.com\/fi\/wp-content\/uploads\/sites\/5\/2026\/01\/wtc1.jpg","type":"image\/jpeg"}],"twitter_card":"summary_large_image","twitter_misc":{"Arvioitu lukuaika":"1 minuutti"},"schema":{"@context":"https:\/\/schema.org","@graph":[{"@type":"WebPage","@id":"https:\/\/selectedplayer.com\/fi\/produkt\/team-finland-2026\/","url":"https:\/\/selectedplayer.com\/fi\/produkt\/team-finland-2026\/","name":"Team Finland 2026 - Selected Player Finland","isPartOf":{"@id":"https:\/\/selectedplayer.com\/fi\/#website"},"primaryImageOfPage":{"@id":"https:\/\/selectedplayer.com\/fi\/produkt\/team-finland-2026\/#primaryimage"},"image":{"@id":"https:\/\/selectedplayer.com\/fi\/produkt\/team-finland-2026\/#primaryimage"},"thumbnailUrl":"https:\/\/selectedplayer.com\/fi\/wp-content\/uploads\/sites\/5\/2026\/01\/wtc1.jpg","datePublished":"2026-02-20T10:52:43+00:00","dateModified":"2026-02-20T11:51:13+00:00","breadcrumb":{"@id":"https:\/\/selectedplayer.com\/fi\/produkt\/team-finland-2026\/#breadcrumb"},"inLanguage":"fi","potentialAction":[{"@type":"ReadAction","target":["https:\/\/selectedplayer.com\/fi\/produkt\/team-finland-2026\/"]}]},{"@type":"ImageObject","inLanguage":"fi","@id":"https:\/\/selectedplayer.com\/fi\/produkt\/team-finland-2026\/#primaryimage","url":"https:\/\/selectedplayer.com\/fi\/wp-content\/uploads\/sites\/5\/2026\/01\/wtc1.jpg","contentUrl":"https:\/\/selectedplayer.com\/fi\/wp-content\/uploads\/sites\/5\/2026\/01\/wtc1.jpg","width":1920,"height":1080},{"@type":"BreadcrumbList","@id":"https:\/\/selectedplayer.com\/fi\/produkt\/team-finland-2026\/#breadcrumb","itemListElement":[{"@type":"ListItem","position":1,"name":"Hem","item":"https:\/\/selectedplayer.com\/fi\/"},{"@type":"ListItem","position":2,"name":"Butik","item":"https:\/\/selectedplayer.com\/fi\/butik\/"},{"@type":"ListItem","position":3,"name":"Team Finland 2026"}]},{"@type":"WebSite","@id":"https:\/\/selectedplayer.com\/fi\/#website","url":"https:\/\/selectedplayer.com\/fi\/","name":"Selected Player Finland","description":"","potentialAction":[{"@type":"SearchAction","target":{"@type":"EntryPoint","urlTemplate":"https:\/\/selectedplayer.com\/fi\/?s={search_term_string}"},"query-input":{"@type":"PropertyValueSpecification","valueRequired":true,"valueName":"search_term_string"}}],"inLanguage":"fi"}]}},"_links":{"self":[{"href":"https:\/\/selectedplayer.com\/fi\/wp-json\/wp\/v2\/product\/6848","targetHints":{"allow":["GET"]}}],"collection":[{"href":"https:\/\/selectedplayer.com\/fi\/wp-json\/wp\/v2\/product"}],"about":[{"href":"https:\/\/selectedplayer.com\/fi\/wp-json\/wp\/v2\/types\/product"}],"replies":[{"embeddable":true,"href":"https:\/\/selectedplayer.com\/fi\/wp-json\/wp\/v2\/comments?post=6848"}],"wp:featuredmedia":[{"embeddable":true,"href":"https:\/\/selectedplayer.com\/fi\/wp-json\/wp\/v2\/media\/6800"}],"wp:attachment":[{"href":"https:\/\/selectedplayer.com\/fi\/wp-json\/wp\/v2\/media?parent=6848"}],"wp:term":[{"taxonomy":"product_brand","embeddable":true,"href":"https:\/\/selectedplayer.com\/fi\/wp-json\/wp\/v2\/product_brand?post=6848"},{"taxonomy":"product_cat","embeddable":true,"href":"https:\/\/selectedplayer.com\/fi\/wp-json\/wp\/v2\/product_cat?post=6848"},{"taxonomy":"product_tag","embeddable":true,"href":"https:\/\/selectedplayer.com\/fi\/wp-json\/wp\/v2\/product_tag?post=6848"}],"curies":[{"name":"wp","href":"https:\/\/api.w.org\/{rel}","templated":true}]}}