{"id":4057,"date":"2024-10-30T11:46:23","date_gmt":"2024-10-30T10:46:23","guid":{"rendered":"https:\/\/selectedplayer.com\/sv\/om-oss-copy\/"},"modified":"2024-12-10T12:54:55","modified_gmt":"2024-12-10T11:54:55","slug":"om-oss","status":"publish","type":"page","link":"https:\/\/selectedplayer.com\/no\/om-oss\/","title":{"rendered":"Om oss"},"content":{"rendered":"<h2>Om Selected Player<\/h2>\n<p>Vi jobber globalt for \u00e5 fremme internasjonal talentutvikling samt styrke unges helse og velv\u00e6re ved \u00e5 f\u00e5 flere barn og ungdommer til \u00e5 fortsette \u00e5 spille innebandy h\u00f8yere opp i alder. V\u00e5r visjon er \u00e5 bidra til at innebandy som idrett utvikles og vokser seg enda st\u00f8rre over hele verden.<\/p>\n<p>V\u00e5r grunnid\u00e9 er \u00e5 hjelpe spillere i alderen 10\u201316 \u00e5r som \u00f8nsker \u00e5 bli s\u00e5 gode innebandyspillere som mulig, med \u00e5 n\u00e5 s\u00e5 langt de selv vil. Dette gj\u00f8r vi ved \u00e5 tilby h\u00f8ykvalitative og karrierebyggende camper som alltid garanterer nye steg oppover for deltakernes individuelle utvikling, og som bygger den beste grunnlaget for at spilleren skal n\u00e5 sitt fulle potensial i fremtiden.<\/p>\n<p>Mange av dagens elite- og landslagsspillere har deltatt p\u00e5 v\u00e5re camper i l\u00f8pet av sine karrierebyggende \u00e5r. Dette er et bevis p\u00e5 at v\u00e5re camper spiller en viktig rolle for spillere som satser p\u00e5 innebandy og som vil n\u00e5 langt. <a href=\"https:\/\/selectedplayer.com\/no\/sp-stars\/\">Les hva noen av dem synes her.<\/a><\/p>\n<p><img loading=\"lazy\" decoding=\"async\" class=\"alignnone wp-image-4219 size-full\" src=\"https:\/\/selectedplayer.com\/sv\/wp-content\/uploads\/sites\/2\/2024\/11\/image002-e1730708732182.jpg\" alt=\"Selected Player\" width=\"810\" height=\"456\" srcset=\"https:\/\/selectedplayer.com\/no\/wp-content\/uploads\/sites\/3\/2024\/11\/image002-e1730708732182.jpg 810w, https:\/\/selectedplayer.com\/no\/wp-content\/uploads\/sites\/3\/2024\/11\/image002-e1730708732182-300x169.jpg 300w, https:\/\/selectedplayer.com\/no\/wp-content\/uploads\/sites\/3\/2024\/11\/image002-e1730708732182-768x432.jpg 768w, https:\/\/selectedplayer.com\/no\/wp-content\/uploads\/sites\/3\/2024\/11\/image002-e1730708732182-600x338.jpg 600w\" sizes=\"auto, (max-width: 810px) 100vw, 810px\" \/><\/p>\n<h2>V\u00e5r historia<\/h2>\n<p>Grunnleggeren er tidligere landslagsspiller Jonathan Kronstrand, som startet Selected Player i 2006. P\u00e5 den f\u00f8rste campen inviterte man 30 spillere. I dag har over 37 000 spillere deltatt p\u00e5 Selected Player sine camper verden over. Dette viser at Keytraining, den unike treningsmetoden som har blitt brukt siden starten og som kombineres med cupspill, virkelig fungerer. Derfor tilbyr vi utviklingsgaranti p\u00e5 v\u00e5re camper. Siden starten har spillere fra Sverige, Finland, Sveits, USA, Norge, Danmark, Ukraina, Singapore, Japan og Kina utviklet seg gjennom v\u00e5re camprogrammer.<\/p>\n<h2><img loading=\"lazy\" decoding=\"async\" class=\"alignnone wp-image-4079 size-full\" src=\"https:\/\/selectedplayer.com\/sv\/wp-content\/uploads\/sites\/2\/2024\/10\/gfhf.jpg\" alt=\"\" width=\"1024\" height=\"680\" srcset=\"https:\/\/selectedplayer.com\/no\/wp-content\/uploads\/sites\/3\/2024\/10\/gfhf.jpg 1024w, https:\/\/selectedplayer.com\/no\/wp-content\/uploads\/sites\/3\/2024\/10\/gfhf-300x199.jpg 300w, https:\/\/selectedplayer.com\/no\/wp-content\/uploads\/sites\/3\/2024\/10\/gfhf-768x510.jpg 768w, https:\/\/selectedplayer.com\/no\/wp-content\/uploads\/sites\/3\/2024\/10\/gfhf-600x398.jpg 600w\" sizes=\"auto, (max-width: 1024px) 100vw, 1024px\" \/>Grundades av landslagsspelaren Jonathan Kronstrand<\/h2>\n<p>Grunnleggeren Jonathan Kronstrand er tre ganger verdensmester. Jonathans m\u00e5l med Selected Player var fra starten av \u00e5 tilby camper med de beste treningsprogrammene for spillere som \u00f8nsker \u00e5 utvikle seg til s\u00e5 gode innebandyspillere som mulig i de karrierebyggende \u00e5rene 10\u201316.<\/p>\n<p>Hans m\u00e5l er fortsatt \u00e5 tilby den morsomste og mest utviklende starten for unge spillere med ambisjon og vilje til \u00e5 bli s\u00e5 gode innebandyspillere som mulig, og bygge opp det beste grunnlaget for de som vil spille p\u00e5 et h\u00f8yt niv\u00e5 i fremtiden.<\/p>\n<p>Jonathan startet selv sin karriere i Sverige i klubben Haninge BK og debuterte p\u00e5 A-laget allerede som 14-\u00e5ring. Sammen med klubben vant han tre SM-gull, to Europacup-gull og med landslaget tre VM-gull \u2013 i 1998, 2000 og 2002.<\/p>\n","protected":false},"excerpt":{"rendered":"<p>Om Selected Player Vi jobber globalt for \u00e5 fremme internasjonal talentutvikling samt styrke unges helse og velv\u00e6re ved \u00e5 f\u00e5 flere barn og ungdommer til \u00e5 fortsette \u00e5 spille innebandy h\u00f8yere opp i alder. V\u00e5r visjon er \u00e5 bidra til at innebandy som idrett utvikles og vokser seg enda st\u00f8rre over hele verden. V\u00e5r grunnid\u00e9 [&hellip;]<\/p>\n","protected":false},"author":3,"featured_media":4427,"parent":0,"menu_order":0,"comment_status":"closed","ping_status":"closed","template":"","meta":{"_acf_changed":false,"footnotes":""},"class_list":["post-4057","page","type-page","status-publish","has-post-thumbnail","hentry","has-post-title","has-post-date","has-post-category","has-post-tag","has-post-comment","has-post-author",""],"acf":[],"yoast_head":"<!-- This site is optimized with the Yoast SEO Premium plugin v27.4 (Yoast SEO v27.4) - https:\/\/yoast.com\/product\/yoast-seo-premium-wordpress\/ -->\n<title>Om oss - Selected Player Norway<\/title>\n<meta name=\"robots\" content=\"index, follow, max-snippet:-1, max-image-preview:large, max-video-preview:-1\" \/>\n<link rel=\"canonical\" href=\"https:\/\/selectedplayer.com\/no\/om-oss\/\" \/>\n<meta property=\"og:locale\" content=\"nb_NO\" \/>\n<meta property=\"og:type\" content=\"article\" \/>\n<meta property=\"og:title\" content=\"Om oss\" \/>\n<meta property=\"og:description\" content=\"Om Selected Player Vi jobber globalt for \u00e5 fremme internasjonal talentutvikling samt styrke unges helse og velv\u00e6re ved \u00e5 f\u00e5 flere barn og ungdommer til \u00e5 fortsette \u00e5 spille innebandy h\u00f8yere opp i alder. V\u00e5r visjon er \u00e5 bidra til at innebandy som idrett utvikles og vokser seg enda st\u00f8rre over hele verden. V\u00e5r grunnid\u00e9 [&hellip;]\" \/>\n<meta property=\"og:url\" content=\"https:\/\/selectedplayer.com\/no\/om-oss\/\" \/>\n<meta property=\"og:site_name\" content=\"Selected Player Norway\" \/>\n<meta property=\"article:modified_time\" content=\"2024-12-10T11:54:55+00:00\" \/>\n<meta property=\"og:image\" content=\"https:\/\/selectedplayer.com\/no\/wp-content\/uploads\/sites\/3\/2024\/11\/stars-.jpg\" \/>\n\t<meta property=\"og:image:width\" content=\"1691\" \/>\n\t<meta property=\"og:image:height\" content=\"951\" \/>\n\t<meta property=\"og:image:type\" content=\"image\/jpeg\" \/>\n<meta name=\"twitter:card\" content=\"summary_large_image\" \/>\n<meta name=\"twitter:label1\" content=\"Ansl. lesetid\" \/>\n\t<meta name=\"twitter:data1\" content=\"3 minutter\" \/>\n<script type=\"application\/ld+json\" class=\"yoast-schema-graph\">{\"@context\":\"https:\\\/\\\/schema.org\",\"@graph\":[{\"@type\":\"WebPage\",\"@id\":\"https:\\\/\\\/selectedplayer.com\\\/no\\\/om-oss\\\/\",\"url\":\"https:\\\/\\\/selectedplayer.com\\\/no\\\/om-oss\\\/\",\"name\":\"Om oss - Selected Player Norway\",\"isPartOf\":{\"@id\":\"https:\\\/\\\/selectedplayer.com\\\/no\\\/#website\"},\"primaryImageOfPage\":{\"@id\":\"https:\\\/\\\/selectedplayer.com\\\/no\\\/om-oss\\\/#primaryimage\"},\"image\":{\"@id\":\"https:\\\/\\\/selectedplayer.com\\\/no\\\/om-oss\\\/#primaryimage\"},\"thumbnailUrl\":\"https:\\\/\\\/selectedplayer.com\\\/no\\\/wp-content\\\/uploads\\\/sites\\\/3\\\/2024\\\/11\\\/stars-.jpg\",\"datePublished\":\"2024-10-30T10:46:23+00:00\",\"dateModified\":\"2024-12-10T11:54:55+00:00\",\"breadcrumb\":{\"@id\":\"https:\\\/\\\/selectedplayer.com\\\/no\\\/om-oss\\\/#breadcrumb\"},\"inLanguage\":\"nb-NO\",\"potentialAction\":[{\"@type\":\"ReadAction\",\"target\":[\"https:\\\/\\\/selectedplayer.com\\\/no\\\/om-oss\\\/\"]}]},{\"@type\":\"ImageObject\",\"inLanguage\":\"nb-NO\",\"@id\":\"https:\\\/\\\/selectedplayer.com\\\/no\\\/om-oss\\\/#primaryimage\",\"url\":\"https:\\\/\\\/selectedplayer.com\\\/no\\\/wp-content\\\/uploads\\\/sites\\\/3\\\/2024\\\/11\\\/stars-.jpg\",\"contentUrl\":\"https:\\\/\\\/selectedplayer.com\\\/no\\\/wp-content\\\/uploads\\\/sites\\\/3\\\/2024\\\/11\\\/stars-.jpg\",\"width\":1691,\"height\":951,\"caption\":\"211211 Kim Nilsson, Albin Sj\u02c6gren and Tobias Gustafsson of Sweden celebrate the 2-2 goal during the Men s World Floorball Championship final between Finland and Sweden on December 11, 2021 in Helsinki. Photo: Johanna Lundberg \\\/ BILDBYRAN \\\/ kod JL \\\/ PW0087 innebandy floorball national team, Nationalteam final sverige sweden finland bbeng vm innebandy-vm World Championship, WM, Weltmeisterschaft jubel *** 211211 Kim Nilsson, Albin Sj\u02c6gren and Tobias Gustafsson of Sweden celebrate the 2 2 goal during the Men s World Floorball Championship final between Finland and Sweden on December 11, 2021 in Helsinki Photo Johanna Lundberg BILDBYRAN kod JL PW0087 innebandy floorball national team final sverige sweden finland bbeng vm floorball vm world championship cheer, PUBLICATIONxNOTxINxSWExNORxAUT Copyright: JOHANNAxLUNDBERG BB211211JL023\"},{\"@type\":\"BreadcrumbList\",\"@id\":\"https:\\\/\\\/selectedplayer.com\\\/no\\\/om-oss\\\/#breadcrumb\",\"itemListElement\":[{\"@type\":\"ListItem\",\"position\":1,\"name\":\"Hjem\",\"item\":\"https:\\\/\\\/selectedplayer.com\\\/no\\\/\"},{\"@type\":\"ListItem\",\"position\":2,\"name\":\"Om oss\"}]},{\"@type\":\"WebSite\",\"@id\":\"https:\\\/\\\/selectedplayer.com\\\/no\\\/#website\",\"url\":\"https:\\\/\\\/selectedplayer.com\\\/no\\\/\",\"name\":\"Selected Player Norway\",\"description\":\"Selected Player \u2013 innebandycampen som har formet dagens beste elite- og landslagsspillere!\",\"potentialAction\":[{\"@type\":\"SearchAction\",\"target\":{\"@type\":\"EntryPoint\",\"urlTemplate\":\"https:\\\/\\\/selectedplayer.com\\\/no\\\/?s={search_term_string}\"},\"query-input\":{\"@type\":\"PropertyValueSpecification\",\"valueRequired\":true,\"valueName\":\"search_term_string\"}}],\"inLanguage\":\"nb-NO\"}]}<\/script>\n<!-- \/ Yoast SEO Premium plugin. -->","yoast_head_json":{"title":"Om oss - Selected Player Norway","robots":{"index":"index","follow":"follow","max-snippet":"max-snippet:-1","max-image-preview":"max-image-preview:large","max-video-preview":"max-video-preview:-1"},"canonical":"https:\/\/selectedplayer.com\/no\/om-oss\/","og_locale":"nb_NO","og_type":"article","og_title":"Om oss","og_description":"Om Selected Player Vi jobber globalt for \u00e5 fremme internasjonal talentutvikling samt styrke unges helse og velv\u00e6re ved \u00e5 f\u00e5 flere barn og ungdommer til \u00e5 fortsette \u00e5 spille innebandy h\u00f8yere opp i alder. V\u00e5r visjon er \u00e5 bidra til at innebandy som idrett utvikles og vokser seg enda st\u00f8rre over hele verden. V\u00e5r grunnid\u00e9 [&hellip;]","og_url":"https:\/\/selectedplayer.com\/no\/om-oss\/","og_site_name":"Selected Player Norway","article_modified_time":"2024-12-10T11:54:55+00:00","og_image":[{"width":1691,"height":951,"url":"https:\/\/selectedplayer.com\/no\/wp-content\/uploads\/sites\/3\/2024\/11\/stars-.jpg","type":"image\/jpeg"}],"twitter_card":"summary_large_image","twitter_misc":{"Ansl. lesetid":"3 minutter"},"schema":{"@context":"https:\/\/schema.org","@graph":[{"@type":"WebPage","@id":"https:\/\/selectedplayer.com\/no\/om-oss\/","url":"https:\/\/selectedplayer.com\/no\/om-oss\/","name":"Om oss - Selected Player Norway","isPartOf":{"@id":"https:\/\/selectedplayer.com\/no\/#website"},"primaryImageOfPage":{"@id":"https:\/\/selectedplayer.com\/no\/om-oss\/#primaryimage"},"image":{"@id":"https:\/\/selectedplayer.com\/no\/om-oss\/#primaryimage"},"thumbnailUrl":"https:\/\/selectedplayer.com\/no\/wp-content\/uploads\/sites\/3\/2024\/11\/stars-.jpg","datePublished":"2024-10-30T10:46:23+00:00","dateModified":"2024-12-10T11:54:55+00:00","breadcrumb":{"@id":"https:\/\/selectedplayer.com\/no\/om-oss\/#breadcrumb"},"inLanguage":"nb-NO","potentialAction":[{"@type":"ReadAction","target":["https:\/\/selectedplayer.com\/no\/om-oss\/"]}]},{"@type":"ImageObject","inLanguage":"nb-NO","@id":"https:\/\/selectedplayer.com\/no\/om-oss\/#primaryimage","url":"https:\/\/selectedplayer.com\/no\/wp-content\/uploads\/sites\/3\/2024\/11\/stars-.jpg","contentUrl":"https:\/\/selectedplayer.com\/no\/wp-content\/uploads\/sites\/3\/2024\/11\/stars-.jpg","width":1691,"height":951,"caption":"211211 Kim Nilsson, Albin Sj\u02c6gren and Tobias Gustafsson of Sweden celebrate the 2-2 goal during the Men s World Floorball Championship final between Finland and Sweden on December 11, 2021 in Helsinki. Photo: Johanna Lundberg \/ BILDBYRAN \/ kod JL \/ PW0087 innebandy floorball national team, Nationalteam final sverige sweden finland bbeng vm innebandy-vm World Championship, WM, Weltmeisterschaft jubel *** 211211 Kim Nilsson, Albin Sj\u02c6gren and Tobias Gustafsson of Sweden celebrate the 2 2 goal during the Men s World Floorball Championship final between Finland and Sweden on December 11, 2021 in Helsinki Photo Johanna Lundberg BILDBYRAN kod JL PW0087 innebandy floorball national team final sverige sweden finland bbeng vm floorball vm world championship cheer, PUBLICATIONxNOTxINxSWExNORxAUT Copyright: JOHANNAxLUNDBERG BB211211JL023"},{"@type":"BreadcrumbList","@id":"https:\/\/selectedplayer.com\/no\/om-oss\/#breadcrumb","itemListElement":[{"@type":"ListItem","position":1,"name":"Hjem","item":"https:\/\/selectedplayer.com\/no\/"},{"@type":"ListItem","position":2,"name":"Om oss"}]},{"@type":"WebSite","@id":"https:\/\/selectedplayer.com\/no\/#website","url":"https:\/\/selectedplayer.com\/no\/","name":"Selected Player Norway","description":"Selected Player \u2013 innebandycampen som har formet dagens beste elite- og landslagsspillere!","potentialAction":[{"@type":"SearchAction","target":{"@type":"EntryPoint","urlTemplate":"https:\/\/selectedplayer.com\/no\/?s={search_term_string}"},"query-input":{"@type":"PropertyValueSpecification","valueRequired":true,"valueName":"search_term_string"}}],"inLanguage":"nb-NO"}]}},"_links":{"self":[{"href":"https:\/\/selectedplayer.com\/no\/wp-json\/wp\/v2\/pages\/4057","targetHints":{"allow":["GET"]}}],"collection":[{"href":"https:\/\/selectedplayer.com\/no\/wp-json\/wp\/v2\/pages"}],"about":[{"href":"https:\/\/selectedplayer.com\/no\/wp-json\/wp\/v2\/types\/page"}],"author":[{"embeddable":true,"href":"https:\/\/selectedplayer.com\/no\/wp-json\/wp\/v2\/users\/3"}],"replies":[{"embeddable":true,"href":"https:\/\/selectedplayer.com\/no\/wp-json\/wp\/v2\/comments?post=4057"}],"version-history":[{"count":10,"href":"https:\/\/selectedplayer.com\/no\/wp-json\/wp\/v2\/pages\/4057\/revisions"}],"predecessor-version":[{"id":6183,"href":"https:\/\/selectedplayer.com\/no\/wp-json\/wp\/v2\/pages\/4057\/revisions\/6183"}],"wp:featuredmedia":[{"embeddable":true,"href":"https:\/\/selectedplayer.com\/no\/wp-json\/wp\/v2\/media\/4427"}],"wp:attachment":[{"href":"https:\/\/selectedplayer.com\/no\/wp-json\/wp\/v2\/media?parent=4057"}],"curies":[{"name":"wp","href":"https:\/\/api.w.org\/{rel}","templated":true}]}}