{"id":4096,"date":"2024-10-30T12:25:53","date_gmt":"2024-10-30T11:25:53","guid":{"rendered":"https:\/\/selectedplayer.com\/sv\/om-oss-copy\/"},"modified":"2024-12-12T14:39:50","modified_gmt":"2024-12-12T13:39:50","slug":"keytraining","status":"publish","type":"page","link":"https:\/\/selectedplayer.com\/no\/keytraining\/","title":{"rendered":"Keytraining"},"content":{"rendered":"<h2>Keytraining<\/h2>\n<h5><strong>Gir rask individuell utvikling og det som trengs for \u00e5 n\u00e5 eliteniv\u00e5et<\/strong><\/h5>\n<p>Keytraining har hatt enorm suksess som den raskt utviklende treningsmetoden Selected Player bruker for \u00e5 hjelpe spillere \u00e5 utvikle seg til s\u00e5 gode innebandyspillere som mulig i de viktige oppbygnings\u00e5rene 10\u201316. Keytraining er kjent for \u00e5 gi viktig og avgj\u00f8rende oppbyggingstrening som styrker sjansene for en ung spiller til \u00e5 n\u00e5 eliteniv\u00e5et. Et bevis p\u00e5 at Keytraining fungerer, er det store antallet elite- og landslagsspillere som i starten av karrieren valgte \u00e5 delta p\u00e5 v\u00e5re camper. <a href=\"https:\/\/selectedplayer.com\/no\/sp-stars\/\">Trykk her for \u00e5 h\u00f8re hva stjernene sier<\/a>.<\/p>\n<h5><strong>Vi baserer oss p\u00e5 hvordan verdensstjernene gj\u00f8r det<\/strong><\/h5>\n<p>\u00c5 trene med Keytraining er morsomt, inspirerende og utfordrende matchmomenttrening. Deltakerne blir introdusert til hvorfor og hvordan verdens beste spillere opptrer i alle matchmomenter man trener p\u00e5 i Keytraining. Steg for steg og progressivt med \u00f8kende vanskelighetsgrad tar Keytraining spilleren til neste niv\u00e5 og bygger opp de samme individuelle egenskapene som gj\u00f8r verdensstjernene s\u00e5 dyktige i det raske matchspillet.<\/p>\n<p><img loading=\"lazy\" decoding=\"async\" class=\"alignnone wp-image-114 size-full\" src=\"https:\/\/selectedplayer.com\/sv\/wp-content\/uploads\/sites\/2\/2024\/10\/Player-1.jpg\" alt=\"\" width=\"1920\" height=\"1080\" srcset=\"https:\/\/selectedplayer.com\/no\/wp-content\/uploads\/sites\/3\/2024\/10\/Player-1.jpg 1920w, https:\/\/selectedplayer.com\/no\/wp-content\/uploads\/sites\/3\/2024\/10\/Player-1-300x169.jpg 300w, https:\/\/selectedplayer.com\/no\/wp-content\/uploads\/sites\/3\/2024\/10\/Player-1-1024x576-1024x576.jpg 1024w, https:\/\/selectedplayer.com\/no\/wp-content\/uploads\/sites\/3\/2024\/10\/Player-1-768x432.jpg 768w, https:\/\/selectedplayer.com\/no\/wp-content\/uploads\/sites\/3\/2024\/10\/Player-1-1536x864.jpg 1536w, https:\/\/selectedplayer.com\/no\/wp-content\/uploads\/sites\/3\/2024\/10\/Player-1-600x338.jpg 600w\" sizes=\"auto, (max-width: 1920px) 100vw, 1920px\" \/><\/p>\n<h5><strong>Spesialdesignet treningsutstyr<\/strong><\/h5>\n<p>I Keytraining bruker vi v\u00e5rt spesialdesignede treningsutstyr, som sikrer at deltakerne utf\u00f8rer alle viktige treningsmomenter p\u00e5 en helt korrekt m\u00e5te. Dette er en viktig grunn til at den individuelle utviklingen g\u00e5r raskt hver gang en spiller trener med Keytraining.<\/p>\n<h5><strong>Den r\u00f8de tr\u00e5den<\/strong><\/h5>\n<p>Keytraining er utviklet med en r\u00f8d tr\u00e5d av progressive treningsprogrammer for spillere i alderen 10\u201316 \u00e5r. Fra 10\u201312 \u00e5r ligger det stort fokus p\u00e5 \u00e5 utvikle alle viktige individuelle teknikker som raskt forbedrer spillerens matchspill. I denne alderen gj\u00f8r Keytraining matchspillet enda morsommere, bygger selvtillit og selvf\u00f8lelse, og styrker interessen for \u00e5 fortsette med sporten.<\/p>\n<p>For spillere i alderen 13\u201316 \u00e5r kombineres Keytraining med h\u00f8ykvalitative cupspill for \u00e5 gi spillere de beste mulighetene til \u00e5 bygge opp alle viktige individuelle egenskaper som er avgj\u00f8rende for \u00e5 kunne spille p\u00e5 et s\u00e5 h\u00f8yt niv\u00e5 som mulig senere i karrieren.<\/p>\n","protected":false},"excerpt":{"rendered":"<p>Keytraining Gir rask individuell utvikling og det som trengs for \u00e5 n\u00e5 eliteniv\u00e5et Keytraining har hatt enorm suksess som den raskt utviklende treningsmetoden Selected Player bruker for \u00e5 hjelpe spillere \u00e5 utvikle seg til s\u00e5 gode innebandyspillere som mulig i de viktige oppbygnings\u00e5rene 10\u201316. Keytraining er kjent for \u00e5 gi viktig og avgj\u00f8rende oppbyggingstrening som [&hellip;]<\/p>\n","protected":false},"author":3,"featured_media":4109,"parent":0,"menu_order":0,"comment_status":"closed","ping_status":"closed","template":"","meta":{"_acf_changed":false,"footnotes":""},"class_list":["post-4096","page","type-page","status-publish","has-post-thumbnail","hentry","has-post-title","has-post-date","has-post-category","has-post-tag","has-post-comment","has-post-author",""],"acf":[],"yoast_head":"<!-- This site is optimized with the Yoast SEO Premium plugin v27.4 (Yoast SEO v27.4) - https:\/\/yoast.com\/product\/yoast-seo-premium-wordpress\/ -->\n<title>Keytraining - Selected Player Norway<\/title>\n<meta name=\"robots\" content=\"index, follow, max-snippet:-1, max-image-preview:large, max-video-preview:-1\" \/>\n<link rel=\"canonical\" href=\"https:\/\/selectedplayer.com\/no\/keytraining\/\" \/>\n<meta property=\"og:locale\" content=\"nb_NO\" \/>\n<meta property=\"og:type\" content=\"article\" \/>\n<meta property=\"og:title\" content=\"Keytraining\" \/>\n<meta property=\"og:description\" content=\"Keytraining Gir rask individuell utvikling og det som trengs for \u00e5 n\u00e5 eliteniv\u00e5et Keytraining har hatt enorm suksess som den raskt utviklende treningsmetoden Selected Player bruker for \u00e5 hjelpe spillere \u00e5 utvikle seg til s\u00e5 gode innebandyspillere som mulig i de viktige oppbygnings\u00e5rene 10\u201316. Keytraining er kjent for \u00e5 gi viktig og avgj\u00f8rende oppbyggingstrening som [&hellip;]\" \/>\n<meta property=\"og:url\" content=\"https:\/\/selectedplayer.com\/no\/keytraining\/\" \/>\n<meta property=\"og:site_name\" content=\"Selected Player Norway\" \/>\n<meta property=\"article:modified_time\" content=\"2024-12-12T13:39:50+00:00\" \/>\n<meta property=\"og:image\" content=\"https:\/\/selectedplayer.com\/no\/wp-content\/uploads\/sites\/3\/2024\/10\/Gabriel-Kohonen_.jpg\" \/>\n\t<meta property=\"og:image:width\" content=\"1080\" \/>\n\t<meta property=\"og:image:height\" content=\"576\" \/>\n\t<meta property=\"og:image:type\" content=\"image\/jpeg\" \/>\n<meta name=\"twitter:card\" content=\"summary_large_image\" \/>\n<meta name=\"twitter:label1\" content=\"Ansl. lesetid\" \/>\n\t<meta name=\"twitter:data1\" content=\"3 minutter\" \/>\n<script type=\"application\/ld+json\" class=\"yoast-schema-graph\">{\"@context\":\"https:\\\/\\\/schema.org\",\"@graph\":[{\"@type\":\"WebPage\",\"@id\":\"https:\\\/\\\/selectedplayer.com\\\/no\\\/keytraining\\\/\",\"url\":\"https:\\\/\\\/selectedplayer.com\\\/no\\\/keytraining\\\/\",\"name\":\"Keytraining - Selected Player Norway\",\"isPartOf\":{\"@id\":\"https:\\\/\\\/selectedplayer.com\\\/no\\\/#website\"},\"primaryImageOfPage\":{\"@id\":\"https:\\\/\\\/selectedplayer.com\\\/no\\\/keytraining\\\/#primaryimage\"},\"image\":{\"@id\":\"https:\\\/\\\/selectedplayer.com\\\/no\\\/keytraining\\\/#primaryimage\"},\"thumbnailUrl\":\"https:\\\/\\\/selectedplayer.com\\\/no\\\/wp-content\\\/uploads\\\/sites\\\/3\\\/2024\\\/10\\\/Gabriel-Kohonen_.jpg\",\"datePublished\":\"2024-10-30T11:25:53+00:00\",\"dateModified\":\"2024-12-12T13:39:50+00:00\",\"breadcrumb\":{\"@id\":\"https:\\\/\\\/selectedplayer.com\\\/no\\\/keytraining\\\/#breadcrumb\"},\"inLanguage\":\"nb-NO\",\"potentialAction\":[{\"@type\":\"ReadAction\",\"target\":[\"https:\\\/\\\/selectedplayer.com\\\/no\\\/keytraining\\\/\"]}]},{\"@type\":\"ImageObject\",\"inLanguage\":\"nb-NO\",\"@id\":\"https:\\\/\\\/selectedplayer.com\\\/no\\\/keytraining\\\/#primaryimage\",\"url\":\"https:\\\/\\\/selectedplayer.com\\\/no\\\/wp-content\\\/uploads\\\/sites\\\/3\\\/2024\\\/10\\\/Gabriel-Kohonen_.jpg\",\"contentUrl\":\"https:\\\/\\\/selectedplayer.com\\\/no\\\/wp-content\\\/uploads\\\/sites\\\/3\\\/2024\\\/10\\\/Gabriel-Kohonen_.jpg\",\"width\":1080,\"height\":576},{\"@type\":\"BreadcrumbList\",\"@id\":\"https:\\\/\\\/selectedplayer.com\\\/no\\\/keytraining\\\/#breadcrumb\",\"itemListElement\":[{\"@type\":\"ListItem\",\"position\":1,\"name\":\"Hjem\",\"item\":\"https:\\\/\\\/selectedplayer.com\\\/no\\\/\"},{\"@type\":\"ListItem\",\"position\":2,\"name\":\"Keytraining\"}]},{\"@type\":\"WebSite\",\"@id\":\"https:\\\/\\\/selectedplayer.com\\\/no\\\/#website\",\"url\":\"https:\\\/\\\/selectedplayer.com\\\/no\\\/\",\"name\":\"Selected Player Norway\",\"description\":\"Selected Player \u2013 innebandycampen som har formet dagens beste elite- og landslagsspillere!\",\"potentialAction\":[{\"@type\":\"SearchAction\",\"target\":{\"@type\":\"EntryPoint\",\"urlTemplate\":\"https:\\\/\\\/selectedplayer.com\\\/no\\\/?s={search_term_string}\"},\"query-input\":{\"@type\":\"PropertyValueSpecification\",\"valueRequired\":true,\"valueName\":\"search_term_string\"}}],\"inLanguage\":\"nb-NO\"}]}<\/script>\n<!-- \/ Yoast SEO Premium plugin. -->","yoast_head_json":{"title":"Keytraining - Selected Player Norway","robots":{"index":"index","follow":"follow","max-snippet":"max-snippet:-1","max-image-preview":"max-image-preview:large","max-video-preview":"max-video-preview:-1"},"canonical":"https:\/\/selectedplayer.com\/no\/keytraining\/","og_locale":"nb_NO","og_type":"article","og_title":"Keytraining","og_description":"Keytraining Gir rask individuell utvikling og det som trengs for \u00e5 n\u00e5 eliteniv\u00e5et Keytraining har hatt enorm suksess som den raskt utviklende treningsmetoden Selected Player bruker for \u00e5 hjelpe spillere \u00e5 utvikle seg til s\u00e5 gode innebandyspillere som mulig i de viktige oppbygnings\u00e5rene 10\u201316. Keytraining er kjent for \u00e5 gi viktig og avgj\u00f8rende oppbyggingstrening som [&hellip;]","og_url":"https:\/\/selectedplayer.com\/no\/keytraining\/","og_site_name":"Selected Player Norway","article_modified_time":"2024-12-12T13:39:50+00:00","og_image":[{"width":1080,"height":576,"url":"https:\/\/selectedplayer.com\/no\/wp-content\/uploads\/sites\/3\/2024\/10\/Gabriel-Kohonen_.jpg","type":"image\/jpeg"}],"twitter_card":"summary_large_image","twitter_misc":{"Ansl. lesetid":"3 minutter"},"schema":{"@context":"https:\/\/schema.org","@graph":[{"@type":"WebPage","@id":"https:\/\/selectedplayer.com\/no\/keytraining\/","url":"https:\/\/selectedplayer.com\/no\/keytraining\/","name":"Keytraining - Selected Player Norway","isPartOf":{"@id":"https:\/\/selectedplayer.com\/no\/#website"},"primaryImageOfPage":{"@id":"https:\/\/selectedplayer.com\/no\/keytraining\/#primaryimage"},"image":{"@id":"https:\/\/selectedplayer.com\/no\/keytraining\/#primaryimage"},"thumbnailUrl":"https:\/\/selectedplayer.com\/no\/wp-content\/uploads\/sites\/3\/2024\/10\/Gabriel-Kohonen_.jpg","datePublished":"2024-10-30T11:25:53+00:00","dateModified":"2024-12-12T13:39:50+00:00","breadcrumb":{"@id":"https:\/\/selectedplayer.com\/no\/keytraining\/#breadcrumb"},"inLanguage":"nb-NO","potentialAction":[{"@type":"ReadAction","target":["https:\/\/selectedplayer.com\/no\/keytraining\/"]}]},{"@type":"ImageObject","inLanguage":"nb-NO","@id":"https:\/\/selectedplayer.com\/no\/keytraining\/#primaryimage","url":"https:\/\/selectedplayer.com\/no\/wp-content\/uploads\/sites\/3\/2024\/10\/Gabriel-Kohonen_.jpg","contentUrl":"https:\/\/selectedplayer.com\/no\/wp-content\/uploads\/sites\/3\/2024\/10\/Gabriel-Kohonen_.jpg","width":1080,"height":576},{"@type":"BreadcrumbList","@id":"https:\/\/selectedplayer.com\/no\/keytraining\/#breadcrumb","itemListElement":[{"@type":"ListItem","position":1,"name":"Hjem","item":"https:\/\/selectedplayer.com\/no\/"},{"@type":"ListItem","position":2,"name":"Keytraining"}]},{"@type":"WebSite","@id":"https:\/\/selectedplayer.com\/no\/#website","url":"https:\/\/selectedplayer.com\/no\/","name":"Selected Player Norway","description":"Selected Player \u2013 innebandycampen som har formet dagens beste elite- og landslagsspillere!","potentialAction":[{"@type":"SearchAction","target":{"@type":"EntryPoint","urlTemplate":"https:\/\/selectedplayer.com\/no\/?s={search_term_string}"},"query-input":{"@type":"PropertyValueSpecification","valueRequired":true,"valueName":"search_term_string"}}],"inLanguage":"nb-NO"}]}},"_links":{"self":[{"href":"https:\/\/selectedplayer.com\/no\/wp-json\/wp\/v2\/pages\/4096","targetHints":{"allow":["GET"]}}],"collection":[{"href":"https:\/\/selectedplayer.com\/no\/wp-json\/wp\/v2\/pages"}],"about":[{"href":"https:\/\/selectedplayer.com\/no\/wp-json\/wp\/v2\/types\/page"}],"author":[{"embeddable":true,"href":"https:\/\/selectedplayer.com\/no\/wp-json\/wp\/v2\/users\/3"}],"replies":[{"embeddable":true,"href":"https:\/\/selectedplayer.com\/no\/wp-json\/wp\/v2\/comments?post=4096"}],"version-history":[{"count":8,"href":"https:\/\/selectedplayer.com\/no\/wp-json\/wp\/v2\/pages\/4096\/revisions"}],"predecessor-version":[{"id":6324,"href":"https:\/\/selectedplayer.com\/no\/wp-json\/wp\/v2\/pages\/4096\/revisions\/6324"}],"wp:featuredmedia":[{"embeddable":true,"href":"https:\/\/selectedplayer.com\/no\/wp-json\/wp\/v2\/media\/4109"}],"wp:attachment":[{"href":"https:\/\/selectedplayer.com\/no\/wp-json\/wp\/v2\/media?parent=4096"}],"curies":[{"name":"wp","href":"https:\/\/api.w.org\/{rel}","templated":true}]}}