{"id":5028,"date":"2024-11-13T11:29:27","date_gmt":"2024-11-13T10:29:27","guid":{"rendered":"https:\/\/selectedplayer.com\/sv\/?page_id=5028"},"modified":"2026-01-30T13:48:05","modified_gmt":"2026-01-30T12:48:05","slug":"kopvillkor","status":"publish","type":"page","link":"https:\/\/selectedplayer.com\/no\/kopvillkor\/","title":{"rendered":"Kj\u00f8psvilk\u00e5r"},"content":{"rendered":"<h2><span class=\"TextRun SCXW182180992 BCX0\" lang=\"SV-SE\" xml:lang=\"SV-SE\" data-contrast=\"none\"><span class=\"NormalTextRun SpellingErrorV2Themed SCXW182180992 BCX0\" data-ccp-parastyle=\"p1\" data-ccp-parastyle-defn=\"{&quot;ObjectId&quot;:&quot;fe356b4e-7f6f-4ffa-a28a-e957af9bda37|34&quot;,&quot;ClassId&quot;:1073872969,&quot;Properties&quot;:[201342446,&quot;1&quot;,201342447,&quot;5&quot;,201342448,&quot;1&quot;,201342449,&quot;1&quot;,469777841,&quot;.AppleSystemUIFont&quot;,469777842,&quot;Times New Roman&quot;,469777843,&quot;Times New Roman&quot;,469777844,&quot;.AppleSystemUIFont&quot;,201341986,&quot;1&quot;,469769226,&quot;.AppleSystemUIFont,Times New Roman&quot;,268442635,&quot;21&quot;,469775450,&quot;p1&quot;,201340122,&quot;2&quot;,134233614,&quot;true&quot;,469778129,&quot;p1&quot;,335572020,&quot;1&quot;,335551500,&quot;921102&quot;,335559705,&quot;1053&quot;,469778324,&quot;Normal&quot;]}\">Kj\u00f8psvilk\u00e5r<\/span><\/span><span class=\"EOP SCXW182180992 BCX0\" data-ccp-props=\"{}\">\u00a0<\/span><\/h2>\n<p>Oppdatert 2025-12-18<\/p>\n<h2 class=\"wp-block-heading\"><span class=\"TextRun SCXW246422014 BCX0\" lang=\"SV-SE\" xml:lang=\"SV-SE\" data-contrast=\"none\"><span class=\"NormalTextRun SCXW246422014 BCX0\" data-ccp-parastyle=\"p3\" data-ccp-parastyle-defn=\"{&quot;ObjectId&quot;:&quot;fe356b4e-7f6f-4ffa-a28a-e957af9bda37|36&quot;,&quot;ClassId&quot;:1073872969,&quot;Properties&quot;:[201342446,&quot;1&quot;,201342447,&quot;5&quot;,201342448,&quot;1&quot;,201342449,&quot;1&quot;,469777841,&quot;.AppleSystemUIFont&quot;,469777842,&quot;Times New Roman&quot;,469777843,&quot;Times New Roman&quot;,469777844,&quot;.AppleSystemUIFont&quot;,201341986,&quot;1&quot;,469769226,&quot;.AppleSystemUIFont,Times New Roman&quot;,268442635,&quot;23&quot;,469775450,&quot;p3&quot;,201340122,&quot;2&quot;,134233614,&quot;true&quot;,469778129,&quot;p3&quot;,335572020,&quot;1&quot;,335551500,&quot;921102&quot;,335559705,&quot;1053&quot;,469778324,&quot;Normal&quot;]}\">\u00c5 <\/span><span class=\"NormalTextRun SpellingErrorV2Themed SCXW246422014 BCX0\" data-ccp-parastyle=\"p3\">handle<\/span><span class=\"NormalTextRun SCXW246422014 BCX0\" data-ccp-parastyle=\"p3\"> hos Selected Player<\/span><\/span><\/h2>\n<p>I nettbutikken legger du \u00f8nsket produkt i handlekurven. Deretter kan du velge \u00e5 legge til flere produkter f\u00f8r du fullf\u00f8rer bestillingen. N\u00e5r du har lagt alle produktene du \u00f8nsker \u00e5 bestille i handlekurven, g\u00e5r du videre til kassen.<\/p>\n<p>I kassen f\u00e5r du en oppsummering av bestillingen din. Hvis du er forn\u00f8yd, bekrefter du bestillingen ved \u00e5 f\u00f8lge instruksjonene lenger ned p\u00e5 siden. Velg \u201cLeveringsmetode\u201d dersom frakt skal legges til ved hjemlevering, eller ingen frakt ved for eksempel booking av en utdanning. Deretter velger du betalingsm\u00e5te, godkjenner kj\u00f8psvilk\u00e5rene og fullf\u00f8rer betalingen.<\/p>\n<p>Du mottar deretter en bekreftelse p\u00e5 at kj\u00f8pet er gjennomf\u00f8rt, sammen med informasjon som beskriver hele bestillingen din. V\u00e6r oppmerksom p\u00e5 at du m\u00e5 v\u00e6re 18 \u00e5r for \u00e5 kunne handle i Selected Players nettbutikk.<\/p>\n<p>Kj\u00f8psavtalen mellom deg som kunde og oss som leverand\u00f8r (Selected Player Sweden AB) er bindende fra det tidspunkt ordren din er registrert. Ordrebekreftelsen sendes til e\u2011postadressen du har oppgitt.<\/p>\n<p><strong><span class=\"TextRun SCXW182343542 BCX0\" lang=\"SV-SE\" xml:lang=\"SV-SE\" data-contrast=\"none\"><span class=\"NormalTextRun SpellingErrorV2Themed SCXW182343542 BCX0\" data-ccp-parastyle=\"p3\" data-ccp-parastyle-defn=\"{&quot;ObjectId&quot;:&quot;fe356b4e-7f6f-4ffa-a28a-e957af9bda37|36&quot;,&quot;ClassId&quot;:1073872969,&quot;Properties&quot;:[201342446,&quot;1&quot;,201342447,&quot;5&quot;,201342448,&quot;1&quot;,201342449,&quot;1&quot;,469777841,&quot;.AppleSystemUIFont&quot;,469777842,&quot;Times New Roman&quot;,469777843,&quot;Times New Roman&quot;,469777844,&quot;.AppleSystemUIFont&quot;,201341986,&quot;1&quot;,469769226,&quot;.AppleSystemUIFont,Times New Roman&quot;,268442635,&quot;23&quot;,469775450,&quot;p3&quot;,201340122,&quot;2&quot;,134233614,&quot;true&quot;,469778129,&quot;p3&quot;,335572020,&quot;1&quot;,335551500,&quot;921102&quot;,335559705,&quot;1053&quot;,469778324,&quot;Normal&quot;]}\">Betaling<\/span><\/span><span class=\"EOP SCXW182343542 BCX0\" data-ccp-props=\"{}\">\u00a0<\/span><\/strong><\/p>\n<p>Som kunde hos oss betaler du med kortbetaling, direkte bankoverf\u00f8ring eller delbetaling via Klarna og deres ulike betalingsalternativer. Du gj\u00f8r dette valget n\u00e5r du fullf\u00f8rer kj\u00f8pet, gjennom de forskjellige \u201cBetalingsm\u00e5tene\u201d Klarna tilbyr deg som kunde.<\/p>\n<p><strong><span class=\"NormalTextRun SCXW23889907 BCX0\" data-ccp-parastyle=\"p3\" data-ccp-parastyle-defn=\"{&quot;ObjectId&quot;:&quot;fe356b4e-7f6f-4ffa-a28a-e957af9bda37|36&quot;,&quot;ClassId&quot;:1073872969,&quot;Properties&quot;:[201342446,&quot;1&quot;,201342447,&quot;5&quot;,201342448,&quot;1&quot;,201342449,&quot;1&quot;,469777841,&quot;.AppleSystemUIFont&quot;,469777842,&quot;Times New Roman&quot;,469777843,&quot;Times New Roman&quot;,469777844,&quot;.AppleSystemUIFont&quot;,201341986,&quot;1&quot;,469769226,&quot;.AppleSystemUIFont,Times New Roman&quot;,268442635,&quot;23&quot;,469775450,&quot;p3&quot;,201340122,&quot;2&quot;,134233614,&quot;true&quot;,469778129,&quot;p3&quot;,335572020,&quot;1&quot;,335551500,&quot;921102&quot;,335559705,&quot;1053&quot;,469778324,&quot;Normal&quot;]}\">Returer, bytte <\/span><span class=\"NormalTextRun SCXW23889907 BCX0\" data-ccp-parastyle=\"p3\">og<\/span> <span class=\"NormalTextRun SpellingErrorV2Themed SCXW23889907 BCX0\" data-ccp-parastyle=\"p3\">reklamasjon<\/span><span class=\"NormalTextRun SCXW23889907 BCX0\" data-ccp-parastyle=\"p3\"> av <\/span><span class=\"NormalTextRun SpellingErrorV2Themed SCXW23889907 BCX0\" data-ccp-parastyle=\"p3\">varer<\/span><\/strong><\/p>\n<p>Du har full <strong>angrerett i 14 dager<\/strong> fra du mottar varen, forutsatt at varen ikke er brukt og returneres i original stand. Dette gjelder kun fysiske produkter.<\/p>\n<p>Angreretten gjelder <strong>ikke<\/strong> ved booking\/kj\u00f8p av utdanning, transport, idrettsarrangementer eller lignende. Egen regelverk gjelder for disse produktene.<\/p>\n<p><strong>Bytterett gjelder ikke<\/strong> for kl\u00e6r med trykket navn, nummer eller initialer dersom du har mottatt riktig og komplett produkt i henhold til bestillingen din.<\/p>\n<p>Ved retur eller bytte av varer <strong>betaler du selv returfrakten<\/strong>. Dersom det gjelder en reklamasjon p\u00e5 grunn av skadet vare eller at vi har sendt feil vare, dekker Selected Player (SP) <strong>alle kostnader<\/strong> for frakt og varer.<\/p>\n<p>Ta alltid kontakt med oss <strong>f\u00f8r du returnerer<\/strong> en vare du \u00f8nsker \u00e5 reklamere p\u00e5:<br \/>\ninfo@selectedplayer.com eller telefon <strong>(+46) 8 50 00 19 09<\/strong> p\u00e5 hverdager mellom kl. 09.00\u201315.00.<\/p>\n<p><strong>Fremgangsm\u00e5te ved retur<\/strong><\/p>\n<p>Dersom du ikke er forn\u00f8yd med en vare, kontakter du oss via e\u2011post eller telefon. Ring oss p\u00e5 (+46) 8 50 00 19 09 for informasjon om returforholdene som gjelder for deg. Ved bytte eller retur av vare st\u00e5r du for transporten og betaler returfrakten. Dersom vi har sendt feil vare, betaler vi returfrakten.<\/p>\n<p>Et bytte tar vanligvis <strong>10\u201314 dager<\/strong>, avhengig av hvilken fraktmetode du bruker ved retur. Ved bytte dekker du transportkostnadene <strong>begge veier<\/strong>. Vi fakturerer deg for utsendelse av ny vare innen Sverige, uavhengig av varens pris. For utsendelse av byttevarer utenfor Sverige belastes kunden avhengig av kostnaden.<\/p>\n<p>Dersom du oppdager skade n\u00e5r du mottar pakken, skal dette meldes direkte p\u00e5 utleveringsstedet. Dersom du f\u00f8rst ser skaden etter at du har \u00e5pnet pakken, skal du kontakte oss p\u00e5 (+46) 8 50 00 19 09 eller sende en e\u2011post til info@selectedplayer.com, og deretter sende varene i retur.<\/p>\n<p>Ved godkjent reklamasjon av varer eller skadet forsendelse <strong>refunderer vi fraktkostnaden med opptil 150 SEK<\/strong>. Vi trenger originalkvitteringen fra fraktselskapet for \u00e5 kunne refundere kostnaden.<\/p>\n<h2 class=\"wp-block-heading\"><span class=\"TextRun SCXW123760996 BCX0\" lang=\"SV-SE\" xml:lang=\"SV-SE\" data-contrast=\"none\"><span class=\"NormalTextRun SpellingErrorV2Themed SCXW123760996 BCX0\" data-ccp-parastyle=\"p3\" data-ccp-parastyle-defn=\"{&quot;ObjectId&quot;:&quot;fe356b4e-7f6f-4ffa-a28a-e957af9bda37|36&quot;,&quot;ClassId&quot;:1073872969,&quot;Properties&quot;:[201342446,&quot;1&quot;,201342447,&quot;5&quot;,201342448,&quot;1&quot;,201342449,&quot;1&quot;,469777841,&quot;.AppleSystemUIFont&quot;,469777842,&quot;Times New Roman&quot;,469777843,&quot;Times New Roman&quot;,469777844,&quot;.AppleSystemUIFont&quot;,201341986,&quot;1&quot;,469769226,&quot;.AppleSystemUIFont,Times New Roman&quot;,268442635,&quot;23&quot;,469775450,&quot;p3&quot;,201340122,&quot;2&quot;,134233614,&quot;true&quot;,469778129,&quot;p3&quot;,335572020,&quot;1&quot;,335551500,&quot;921102&quot;,335559705,&quot;1053&quot;,469778324,&quot;Normal&quot;]}\">Avbestilling<\/span><span class=\"NormalTextRun SCXW123760996 BCX0\" data-ccp-parastyle=\"p3\">\/<\/span><span class=\"NormalTextRun SpellingErrorV2Themed SCXW123760996 BCX0\" data-ccp-parastyle=\"p3\">tilbakebetaling<\/span><span class=\"NormalTextRun SCXW123760996 BCX0\" data-ccp-parastyle=\"p3\"> av <\/span><span class=\"NormalTextRun SpellingErrorV2Themed SCXW123760996 BCX0\" data-ccp-parastyle=\"p3\">deltakeravgifter<\/span><\/span><\/h2>\n<p><strong>Ved kj\u00f8p av utdanning \u2013 total avgift under 3000 kr<\/strong><\/p>\n<p>Dersom du kj\u00f8per en plass p\u00e5 et kurs, en utdanning eller et arrangement, kan du f\u00e5 deltakeravgiften refundert dersom du avbestiller <strong>senest \u00e9n m\u00e5ned f\u00f8r<\/strong> arrangementets f\u00f8rste dag.<br \/>\nN\u00e5r det er <strong>mindre enn \u00e9n m\u00e5ned igjen<\/strong>, kan refusjon gis med <strong>inntil 50 %<\/strong> av avgiften.<\/p>\n<p>Dersom avbestilling skjer p\u00e5 grunn av <strong>sykdom eller skade<\/strong> og det er mindre enn \u00e9n m\u00e5ned igjen, m\u00e5 avbestillingen dokumenteres med en <strong>gyldig legeerkl\u00e6ring<\/strong>, som sendes p\u00e5 e\u2011post til Selected Player Sweden AB:<br \/>\n<strong>avboka@selectedplayer.com<\/strong>.<br \/>\nLegeerkl\u00e6ringen m\u00e5 v\u00e6re oss i hende <strong>senest \u00e9n m\u00e5ned etter avbestillingen<\/strong>. Dersom disse vilk\u00e5rene oppfylles, refunderes hele deltakeravgiften, med unntak av et <strong>administrasjonsgebyr p\u00e5 350 kroner<\/strong>.<\/p>\n<p>Avbestilling m\u00e5 skje <strong>minst 24 timer f\u00f8r<\/strong> leirens f\u00f8rste dag (innsjekkingstid p\u00e5 ankomstdagen for den aktuelle utdanningen).<\/p>\n<p>Avbestilling av deltakelse p\u00e5 kurs, utdanning eller arrangement skal skje <strong>via e\u2011post<\/strong>, med all n\u00f8dvendig informasjon, sendt til:<br \/>\n<strong>avboka@selectedplayer.com<\/strong>.<br \/>\nIngen avbestillinger kan gj\u00f8res <strong>muntlig<\/strong>.<\/p>\n<p>Om en utbildning st\u00e4lls in eller flyttas av Selected Player<br \/>\n\u2013 Alternativ 1. Kunden f\u00f6r fritt flytta sin bokning till en utbildning i annan ort eller n\u00e4stkommande utbildningstillf\u00e4lle.<br \/>\n\u2013 Alternativ 2. \u00c5terbetalning med 100% p\u00e5 avgiften.<br \/>\n\u2013 Vid k\u00f6p av merchandise (kl\u00e4der och \u00f6vrigt material) f\u00f6r uth\u00e4mtning p\u00e5 utbildning skickas fraktfritt hem till kund.<\/p>\n<p><strong>Ved kj\u00f8p av utdanning \u2013 total avgift over 3000 kr<\/strong><\/p>\n<p>Deltakeren har kun rett til \u00e5 avbestille sin plass hos Selected Player p\u00e5 grunn av sykdom eller skade, og kun dersom vedkommende ved bestilling har kj\u00f8pt <strong>avbestillingsbeskyttelse<\/strong> (n\u00f8dvendig for \u00e5 f\u00e5 refusjon av deltakeravgiften).<br \/>\nAvbestillingsbeskyttelsen er <strong>ikke en del av bestillingsavgiften<\/strong>, og tilbakebetales <strong>ikke<\/strong> ved eventuell avbestilling. Den kan heller <strong>ikke kj\u00f8pes i etterkant<\/strong>.<\/p>\n<p>Dersom det <strong>ikke<\/strong> finnes avbestillingsbeskyttelse, kan avbestilling gjennomf\u00f8res, men <strong>ingen refusjon gis<\/strong>.<\/p>\n<p>Hvis avbestillingsbeskyttelse finnes, gjelder f\u00f8lgende regler:<\/p>\n<p>\u2013 Avbestilling kan gj\u00f8res dersom deltakeren eller deltakerens n\u00e6rmeste familie (mor, far, s\u00f8sken) rammes av alvorlig sykdom, forverret helsetilstand, ulykke eller skade som gj\u00f8r det urimelig \u00e5 forvente at deltakeren kan delta p\u00e5 Selected Players utdanning eller arrangement.<br \/>\n\u2013 \u00c5rsaken til avbestillingen m\u00e5 kunne dokumenteres p\u00e5 en p\u00e5litelig m\u00e5te med <strong>legeerkl\u00e6ring og\/eller dokumentasjon av slektskap<\/strong>.<br \/>\n\u2013 Avbestillingsbeskyttelsen gjelder <strong>ikke<\/strong> dersom utdanningen blir avlyst eller flyttet av arrang\u00f8ren (se egne regler for dette).<br \/>\n\u2013 Avbestilling i henhold til punktene ovenfor kan kun gj\u00f8res ved at deltakerens foresatte sender en e\u2011post til <strong>avboka@selectedplayer.com<\/strong> med all n\u00f8dvendig informasjon. Muntlig avbestilling er <strong>ikke gyldig<\/strong>.<br \/>\n\u2013 Avbestilling skal gj\u00f8res <strong>s\u00e5 raskt som mulig<\/strong> etter at \u00e5rsaken til avbestillingen har oppst\u00e5tt.<br \/>\n\u2013 Avbestilling m\u00e5 skje <strong>senest 24 timer f\u00f8r f\u00f8rste dag av utdanningen<\/strong> (innsjekkingstiden p\u00e5 ankomstdagen for den aktuelle utdanningen\/arrangementet).<br \/>\n\u2013 Dersom deltakeren har avbestillingsbeskyttelse samt legeerkl\u00e6ring, kan deltakelsen avbestilles i henhold til ovennevnte punkter, og deltakeravgiften refunderes med fradrag for kostnaden av avbestillingsbeskyttelsen (<strong>350 kr<\/strong>).<\/p>\n<p>Etter avbestilling skal bel\u00f8pet deltakeren har til gode, utbetales innen <strong>1 m\u00e5ned<\/strong>, forutsatt at Selected Player har mottatt all n\u00f8dvendig informasjon <strong>senest 1 uke f\u00f8r utdanningsstart<\/strong>.<br \/>\nI sommerperioden forbeholder Selected Player seg retten til mulig forsinkelse, slik at tilbakebetaling kan skje <strong>innen utgangen av august<\/strong> (gjelder utdanninger i juni og juli).<\/p>\n<p><strong>Angrerett gjelder ikke<\/strong> ved kj\u00f8p av plass p\u00e5 en utdanning.<\/p>\n<h2 class=\"wp-block-heading\">Force Majeure<\/h2>\n<p>Hvis Selected Player er forhindret fra \u00e5 gjennomf\u00f8re en utdanning p\u00e5 grunn av pandemi, blokade, boikott, lockout, brann, krig eller andre omstendigheter utenfor Selected Players kontroll, gjelder f\u00f8lgende i f\u00f8rste omgang:<\/p>\n<ol>\n<li>Kunden kan fritt flytte sin booking til en utdanning p\u00e5 et annet sted eller til neste tilgjengelige utdanningstidspunkt.<\/li>\n<li>50 % refusjon av utdanningsavgiften.<\/li>\n<li>Gratis hjemlevering av ekstra kl\u00e6r og andre produkter som er kj\u00f8pt for uthenting p\u00e5 stedet under utdanningen. <em>(Kl\u00e6r som inng\u00e5r i bookingavgiften sendes ikke hjem.)<\/em><\/li>\n<\/ol>\n<h2 class=\"wp-block-heading\"><span class=\"TextRun SCXW191963684 BCX0\" lang=\"SV-SE\" xml:lang=\"SV-SE\" data-contrast=\"none\"><span class=\"NormalTextRun SCXW191963684 BCX0\" data-ccp-parastyle=\"p3\" data-ccp-parastyle-defn=\"{&quot;ObjectId&quot;:&quot;fe356b4e-7f6f-4ffa-a28a-e957af9bda37|36&quot;,&quot;ClassId&quot;:1073872969,&quot;Properties&quot;:[201342446,&quot;1&quot;,201342447,&quot;5&quot;,201342448,&quot;1&quot;,201342449,&quot;1&quot;,469777841,&quot;.AppleSystemUIFont&quot;,469777842,&quot;Times New Roman&quot;,469777843,&quot;Times New Roman&quot;,469777844,&quot;.AppleSystemUIFont&quot;,201341986,&quot;1&quot;,469769226,&quot;.AppleSystemUIFont,Times New Roman&quot;,268442635,&quot;23&quot;,469775450,&quot;p3&quot;,201340122,&quot;2&quot;,134233614,&quot;true&quot;,469778129,&quot;p3&quot;,335572020,&quot;1&quot;,335551500,&quot;921102&quot;,335559705,&quot;1053&quot;,469778324,&quot;Normal&quot;]}\">Bruk av <\/span><span class=\"NormalTextRun SpellingErrorV2Themed SCXW191963684 BCX0\" data-ccp-parastyle=\"p3\">deltakeropplysninger<\/span><\/span><span class=\"EOP SCXW191963684 BCX0\" data-ccp-props=\"{}\">\u00a0<\/span><\/h2>\n<p>Ved \u00e5 godkjenne denne avtalen samtykker du i at fotografier tatt av deltakeren under utdanningene kan brukes av Selected Player og eventuelle samarbeidspartnere, b\u00e5de i intern og ekstern informasjon, p\u00e5 sosiale medier, nettsider og i markedsf\u00f8ring.<\/p>\n<p>Selected Player vil ikke utlevere deltakernes kontaktinformasjon til eksterne samarbeidspartnere som \u00f8nsker informasjonen for markedsf\u00f8ringsform\u00e5l. Kun selskaper som leverer tjenester direkte knyttet til Selected Player mottar kontaktinformasjonen (for eksempel forsikringsselskapet der spillerne er forsikret under utdanningene).<br \/>\nDeltakere kan imidlertid motta ulike tilbud via nyhetsbrev.<\/p>\n<h2><strong>Deltakerens ansvar for kommunikasjon<\/strong><\/h2>\n<p>E\u2011postadressene som oppgis i nettbutikken er de adressene vi vil bruke for \u00e5 sende ut informasjon og nyhetsbrev om Selected Players utdanninger, arrangementer og \u00f8vrige kj\u00f8p. Det er viktig at kunden\/foresatte jevnlig leser e\u2011post sendt til de oppgitte adressene.<\/p>\n<p><!--themify_builder_static--><!--\/themify_builder_static--><\/p>\n","protected":false},"excerpt":{"rendered":"<p>Kj\u00f8psvilk\u00e5r\u00a0 Oppdatert 2025-12-18 \u00c5 handle hos Selected Player I nettbutikken legger du \u00f8nsket produkt i handlekurven. Deretter kan du velge \u00e5 legge til flere produkter f\u00f8r du fullf\u00f8rer bestillingen. N\u00e5r du har lagt alle produktene du \u00f8nsker \u00e5 bestille i handlekurven, g\u00e5r du videre til kassen. I kassen f\u00e5r du en oppsummering av bestillingen din. [&hellip;]<\/p>\n","protected":false},"author":3,"featured_media":0,"parent":0,"menu_order":0,"comment_status":"closed","ping_status":"closed","template":"","meta":{"_acf_changed":false,"footnotes":""},"class_list":["post-5028","page","type-page","status-publish","hentry","has-post-title","has-post-date","has-post-category","has-post-tag","has-post-comment","has-post-author",""],"acf":[],"yoast_head":"<!-- This site is optimized with the Yoast SEO Premium plugin v27.5 (Yoast SEO v27.5) - https:\/\/yoast.com\/product\/yoast-seo-premium-wordpress\/ -->\n<title>Kj\u00f8psvilk\u00e5r - Selected Player Norway<\/title>\n<meta name=\"robots\" content=\"index, follow, max-snippet:-1, max-image-preview:large, max-video-preview:-1\" \/>\n<link rel=\"canonical\" href=\"https:\/\/selectedplayer.com\/no\/kopvillkor\/\" \/>\n<meta property=\"og:locale\" content=\"nb_NO\" \/>\n<meta property=\"og:type\" content=\"article\" \/>\n<meta property=\"og:title\" content=\"Kj\u00f8psvilk\u00e5r\" \/>\n<meta property=\"og:description\" content=\"Kj\u00f8psvilk\u00e5r\u00a0 Oppdatert 2025-12-18 \u00c5 handle hos Selected Player I nettbutikken legger du \u00f8nsket produkt i handlekurven. Deretter kan du velge \u00e5 legge til flere produkter f\u00f8r du fullf\u00f8rer bestillingen. N\u00e5r du har lagt alle produktene du \u00f8nsker \u00e5 bestille i handlekurven, g\u00e5r du videre til kassen. I kassen f\u00e5r du en oppsummering av bestillingen din. [&hellip;]\" \/>\n<meta property=\"og:url\" content=\"https:\/\/selectedplayer.com\/no\/kopvillkor\/\" \/>\n<meta property=\"og:site_name\" content=\"Selected Player Norway\" \/>\n<meta property=\"article:modified_time\" content=\"2026-01-30T12:48:05+00:00\" \/>\n<meta name=\"twitter:card\" content=\"summary_large_image\" \/>\n<meta name=\"twitter:label1\" content=\"Ansl. lesetid\" \/>\n\t<meta name=\"twitter:data1\" content=\"7 minutter\" \/>\n<script type=\"application\/ld+json\" class=\"yoast-schema-graph\">{\"@context\":\"https:\\\/\\\/schema.org\",\"@graph\":[{\"@type\":\"WebPage\",\"@id\":\"https:\\\/\\\/selectedplayer.com\\\/no\\\/kopvillkor\\\/\",\"url\":\"https:\\\/\\\/selectedplayer.com\\\/no\\\/kopvillkor\\\/\",\"name\":\"Kj\u00f8psvilk\u00e5r - Selected Player Norway\",\"isPartOf\":{\"@id\":\"https:\\\/\\\/selectedplayer.com\\\/no\\\/#website\"},\"datePublished\":\"2024-11-13T10:29:27+00:00\",\"dateModified\":\"2026-01-30T12:48:05+00:00\",\"breadcrumb\":{\"@id\":\"https:\\\/\\\/selectedplayer.com\\\/no\\\/kopvillkor\\\/#breadcrumb\"},\"inLanguage\":\"nb-NO\",\"potentialAction\":[{\"@type\":\"ReadAction\",\"target\":[\"https:\\\/\\\/selectedplayer.com\\\/no\\\/kopvillkor\\\/\"]}]},{\"@type\":\"BreadcrumbList\",\"@id\":\"https:\\\/\\\/selectedplayer.com\\\/no\\\/kopvillkor\\\/#breadcrumb\",\"itemListElement\":[{\"@type\":\"ListItem\",\"position\":1,\"name\":\"Hjem\",\"item\":\"https:\\\/\\\/selectedplayer.com\\\/no\\\/\"},{\"@type\":\"ListItem\",\"position\":2,\"name\":\"Kj\u00f8psvilk\u00e5r\"}]},{\"@type\":\"WebSite\",\"@id\":\"https:\\\/\\\/selectedplayer.com\\\/no\\\/#website\",\"url\":\"https:\\\/\\\/selectedplayer.com\\\/no\\\/\",\"name\":\"Selected Player Norway\",\"description\":\"Selected Player \u2013 innebandycampen som har formet dagens beste elite- og landslagsspillere!\",\"potentialAction\":[{\"@type\":\"SearchAction\",\"target\":{\"@type\":\"EntryPoint\",\"urlTemplate\":\"https:\\\/\\\/selectedplayer.com\\\/no\\\/?s={search_term_string}\"},\"query-input\":{\"@type\":\"PropertyValueSpecification\",\"valueRequired\":true,\"valueName\":\"search_term_string\"}}],\"inLanguage\":\"nb-NO\"}]}<\/script>\n<!-- \/ Yoast SEO Premium plugin. -->","yoast_head_json":{"title":"Kj\u00f8psvilk\u00e5r - Selected Player Norway","robots":{"index":"index","follow":"follow","max-snippet":"max-snippet:-1","max-image-preview":"max-image-preview:large","max-video-preview":"max-video-preview:-1"},"canonical":"https:\/\/selectedplayer.com\/no\/kopvillkor\/","og_locale":"nb_NO","og_type":"article","og_title":"Kj\u00f8psvilk\u00e5r","og_description":"Kj\u00f8psvilk\u00e5r\u00a0 Oppdatert 2025-12-18 \u00c5 handle hos Selected Player I nettbutikken legger du \u00f8nsket produkt i handlekurven. Deretter kan du velge \u00e5 legge til flere produkter f\u00f8r du fullf\u00f8rer bestillingen. N\u00e5r du har lagt alle produktene du \u00f8nsker \u00e5 bestille i handlekurven, g\u00e5r du videre til kassen. I kassen f\u00e5r du en oppsummering av bestillingen din. [&hellip;]","og_url":"https:\/\/selectedplayer.com\/no\/kopvillkor\/","og_site_name":"Selected Player Norway","article_modified_time":"2026-01-30T12:48:05+00:00","twitter_card":"summary_large_image","twitter_misc":{"Ansl. lesetid":"7 minutter"},"schema":{"@context":"https:\/\/schema.org","@graph":[{"@type":"WebPage","@id":"https:\/\/selectedplayer.com\/no\/kopvillkor\/","url":"https:\/\/selectedplayer.com\/no\/kopvillkor\/","name":"Kj\u00f8psvilk\u00e5r - Selected Player Norway","isPartOf":{"@id":"https:\/\/selectedplayer.com\/no\/#website"},"datePublished":"2024-11-13T10:29:27+00:00","dateModified":"2026-01-30T12:48:05+00:00","breadcrumb":{"@id":"https:\/\/selectedplayer.com\/no\/kopvillkor\/#breadcrumb"},"inLanguage":"nb-NO","potentialAction":[{"@type":"ReadAction","target":["https:\/\/selectedplayer.com\/no\/kopvillkor\/"]}]},{"@type":"BreadcrumbList","@id":"https:\/\/selectedplayer.com\/no\/kopvillkor\/#breadcrumb","itemListElement":[{"@type":"ListItem","position":1,"name":"Hjem","item":"https:\/\/selectedplayer.com\/no\/"},{"@type":"ListItem","position":2,"name":"Kj\u00f8psvilk\u00e5r"}]},{"@type":"WebSite","@id":"https:\/\/selectedplayer.com\/no\/#website","url":"https:\/\/selectedplayer.com\/no\/","name":"Selected Player Norway","description":"Selected Player \u2013 innebandycampen som har formet dagens beste elite- og landslagsspillere!","potentialAction":[{"@type":"SearchAction","target":{"@type":"EntryPoint","urlTemplate":"https:\/\/selectedplayer.com\/no\/?s={search_term_string}"},"query-input":{"@type":"PropertyValueSpecification","valueRequired":true,"valueName":"search_term_string"}}],"inLanguage":"nb-NO"}]}},"_links":{"self":[{"href":"https:\/\/selectedplayer.com\/no\/wp-json\/wp\/v2\/pages\/5028","targetHints":{"allow":["GET"]}}],"collection":[{"href":"https:\/\/selectedplayer.com\/no\/wp-json\/wp\/v2\/pages"}],"about":[{"href":"https:\/\/selectedplayer.com\/no\/wp-json\/wp\/v2\/types\/page"}],"author":[{"embeddable":true,"href":"https:\/\/selectedplayer.com\/no\/wp-json\/wp\/v2\/users\/3"}],"replies":[{"embeddable":true,"href":"https:\/\/selectedplayer.com\/no\/wp-json\/wp\/v2\/comments?post=5028"}],"version-history":[{"count":9,"href":"https:\/\/selectedplayer.com\/no\/wp-json\/wp\/v2\/pages\/5028\/revisions"}],"predecessor-version":[{"id":7353,"href":"https:\/\/selectedplayer.com\/no\/wp-json\/wp\/v2\/pages\/5028\/revisions\/7353"}],"wp:attachment":[{"href":"https:\/\/selectedplayer.com\/no\/wp-json\/wp\/v2\/media?parent=5028"}],"curies":[{"name":"wp","href":"https:\/\/api.w.org\/{rel}","templated":true}]}}