{"id":10605,"date":"2025-12-05T14:43:07","date_gmt":"2025-12-05T13:43:07","guid":{"rendered":"https:\/\/selectedplayer.com\/sv\/cupspel-copy\/"},"modified":"2025-12-18T16:12:41","modified_gmt":"2025-12-18T15:12:41","slug":"arenor","status":"publish","type":"page","link":"https:\/\/selectedplayer.com\/sv\/arenor\/","title":{"rendered":"Arenor"},"content":{"rendered":"<h2><strong>Arenorna \u2013 v\u00e4rldsklassmilj\u00f6 som g\u00f6r skillnad<\/strong><\/h2>\n<p>SP Pathway genomf\u00f6rs i tv\u00e5 av v\u00e4rldens b\u00e4sta innebandyanl\u00e4ggningar.<br \/>\nArenorna \u00e4r en avg\u00f6rande del av utvecklingen \u2013 f\u00f6r tempo, s\u00e4kerhet, kvalitet och helhetsupplevelse.<\/p>\n<h3><strong>IFU Arena \u2013 v\u00e5rt huvudcenter<\/strong><\/h3>\n<p><em>En av v\u00e4rldens ledande innebandyarenor.<\/em><\/p>\n<p>H\u00e4r genomf\u00f6rs merparten av utbildningen: tr\u00e4ning, match, teori och m\u00e5ltider.<br \/>\nAllt finns under samma tak \u2013 tryggt, professionellt och optimerat f\u00f6r utveckling.<\/p>\n<p><strong>H\u00e4r f\u00e5r spelarna:<\/strong><\/p>\n<ul>\n<li>Fullstor plan med toppklassgolv<\/li>\n<li>R\u00e4tt studs, r\u00e4tt friktion, r\u00e4tt fart<\/li>\n<li>Rena linjer och referenser f\u00f6r tekniktr\u00e4ning<\/li>\n<li>Perfekt milj\u00f6 f\u00f6r Keytraining<\/li>\n<li>H\u00f6gt tempo i cupspel<\/li>\n<li>Trygg och tydlig struktur f\u00f6r hela gruppen<\/li>\n<\/ul>\n<p><strong>IFU Arena \u00e4r byggd f\u00f6r att utveckla spelare snabbare.<\/strong><\/p>\n<p><img loading=\"lazy\" decoding=\"async\" class=\"alignnone wp-image-10608 size-full\" src=\"https:\/\/selectedplayer.com\/sv\/wp-content\/uploads\/sites\/2\/2025\/12\/arena1.jpg\" alt=\"\" width=\"1920\" height=\"1080\" srcset=\"https:\/\/selectedplayer.com\/sv\/wp-content\/uploads\/sites\/2\/2025\/12\/arena1.jpg 1920w, https:\/\/selectedplayer.com\/sv\/wp-content\/uploads\/sites\/2\/2025\/12\/arena1-300x169.jpg 300w, https:\/\/selectedplayer.com\/sv\/wp-content\/uploads\/sites\/2\/2025\/12\/arena1-1024x576.jpg 1024w, https:\/\/selectedplayer.com\/sv\/wp-content\/uploads\/sites\/2\/2025\/12\/arena1-768x432.jpg 768w, https:\/\/selectedplayer.com\/sv\/wp-content\/uploads\/sites\/2\/2025\/12\/arena1-1536x864.jpg 1536w, https:\/\/selectedplayer.com\/sv\/wp-content\/uploads\/sites\/2\/2025\/12\/arena1-600x338.jpg 600w, https:\/\/selectedplayer.com\/sv\/wp-content\/uploads\/sites\/2\/2025\/12\/arena1-1024x576-978x550.jpg 978w\" sizes=\"auto, (max-width: 1920px) 100vw, 1920px\" \/><\/p>\n<h3><strong>Fyrishov \u2013 internationellt matchcenter<\/strong><\/h3>\n<p><em>En av Sveriges mest anrika multisportanl\u00e4ggningar.<\/em><\/p>\n<p>I Fyrishov arrangeras delar av tr\u00e4ningen och cupspelet \u2013 s\u00e4rskilt i World Talent Cup.<\/p>\n<p><strong>Varf\u00f6r Fyrishov spelar roll:<\/strong><\/p>\n<ul>\n<li>Sex planer under samma tak<\/li>\n<li>Internationell turneringsk\u00e4nsla<\/li>\n<li>TempofyIlda matcher i riktig cupmilj\u00f6<\/li>\n<li>Utrymme f\u00f6r flera matcher parallellt<\/li>\n<\/ul>\n<p><strong>Fyrishov ger den internationella k\u00e4nslan som WTC kr\u00e4ver.<\/strong><\/p>\n<h3><strong>Varf\u00f6r arenorna g\u00f6r skillnad<\/strong><\/h3>\n<ul>\n<li>R\u00e4tt plan \u2192 r\u00e4tt teknik<\/li>\n<li>R\u00e4tt golv \u2192 r\u00e4tt fart<\/li>\n<li>R\u00e4tt milj\u00f6 \u2192 r\u00e4tt utveckling<\/li>\n<li>Trygg struktur \u2192 fokus p\u00e5 tr\u00e4ning<\/li>\n<li>Allt n\u00e4ra \u2192 ingen stress<\/li>\n<li>Internationell k\u00e4nsla \u2192 r\u00e4tt tempo &amp; krav<\/li>\n<\/ul>\n<p>I SP Pathway \u00e4r arenorna mer \u00e4n en plats \u2014<br \/>\nde \u00e4r en <strong>utvecklingsmilj\u00f6<\/strong>.<\/p>\n<p><img loading=\"lazy\" decoding=\"async\" class=\"alignnone wp-image-10607 size-full\" src=\"https:\/\/selectedplayer.com\/sv\/wp-content\/uploads\/sites\/2\/2025\/12\/arena2.jpg\" alt=\"\" width=\"1920\" height=\"1080\" srcset=\"https:\/\/selectedplayer.com\/sv\/wp-content\/uploads\/sites\/2\/2025\/12\/arena2.jpg 1920w, https:\/\/selectedplayer.com\/sv\/wp-content\/uploads\/sites\/2\/2025\/12\/arena2-300x169.jpg 300w, https:\/\/selectedplayer.com\/sv\/wp-content\/uploads\/sites\/2\/2025\/12\/arena2-1024x576.jpg 1024w, https:\/\/selectedplayer.com\/sv\/wp-content\/uploads\/sites\/2\/2025\/12\/arena2-768x432.jpg 768w, https:\/\/selectedplayer.com\/sv\/wp-content\/uploads\/sites\/2\/2025\/12\/arena2-1536x864.jpg 1536w, https:\/\/selectedplayer.com\/sv\/wp-content\/uploads\/sites\/2\/2025\/12\/arena2-600x338.jpg 600w\" sizes=\"auto, (max-width: 1920px) 100vw, 1920px\" \/><\/p>\n<p><!--themify_builder_static--><!--\/themify_builder_static--><\/p>\n","protected":false},"excerpt":{"rendered":"<p>Arenorna \u2013 v\u00e4rldsklassmilj\u00f6 som g\u00f6r skillnad SP Pathway genomf\u00f6rs i tv\u00e5 av v\u00e4rldens b\u00e4sta innebandyanl\u00e4ggningar. Arenorna \u00e4r en avg\u00f6rande del av utvecklingen \u2013 f\u00f6r tempo, s\u00e4kerhet, kvalitet och helhetsupplevelse. IFU Arena \u2013 v\u00e5rt huvudcenter En av v\u00e4rldens ledande innebandyarenor. H\u00e4r genomf\u00f6rs merparten av utbildningen: tr\u00e4ning, match, teori och m\u00e5ltider. Allt finns under samma tak \u2013 [&hellip;]<\/p>\n","protected":false},"author":6,"featured_media":10621,"parent":0,"menu_order":0,"comment_status":"closed","ping_status":"closed","template":"","meta":{"_acf_changed":false,"footnotes":""},"class_list":["post-10605","page","type-page","status-publish","has-post-thumbnail","hentry","has-post-title","has-post-date","has-post-category","has-post-tag","has-post-comment","has-post-author",""],"acf":[],"yoast_head":"<!-- This site is optimized with the Yoast SEO Premium plugin v27.5 (Yoast SEO v27.5) - https:\/\/yoast.com\/product\/yoast-seo-premium-wordpress\/ -->\n<title>Arenor - Selected Player Sweden<\/title>\n<meta name=\"robots\" content=\"index, follow, max-snippet:-1, max-image-preview:large, max-video-preview:-1\" \/>\n<link rel=\"canonical\" href=\"https:\/\/selectedplayer.com\/sv\/arenor\/\" \/>\n<meta property=\"og:locale\" content=\"sv_SE\" \/>\n<meta property=\"og:type\" content=\"article\" \/>\n<meta property=\"og:title\" content=\"Arenor\" \/>\n<meta property=\"og:description\" content=\"Arenorna \u2013 v\u00e4rldsklassmilj\u00f6 som g\u00f6r skillnad SP Pathway genomf\u00f6rs i tv\u00e5 av v\u00e4rldens b\u00e4sta innebandyanl\u00e4ggningar. Arenorna \u00e4r en avg\u00f6rande del av utvecklingen \u2013 f\u00f6r tempo, s\u00e4kerhet, kvalitet och helhetsupplevelse. IFU Arena \u2013 v\u00e5rt huvudcenter En av v\u00e4rldens ledande innebandyarenor. H\u00e4r genomf\u00f6rs merparten av utbildningen: tr\u00e4ning, match, teori och m\u00e5ltider. Allt finns under samma tak \u2013 [&hellip;]\" \/>\n<meta property=\"og:url\" content=\"https:\/\/selectedplayer.com\/sv\/arenor\/\" \/>\n<meta property=\"og:site_name\" content=\"Selected Player Sweden\" \/>\n<meta property=\"article:publisher\" content=\"https:\/\/www.facebook.com\/selectedplayer\/\" \/>\n<meta property=\"article:modified_time\" content=\"2025-12-18T15:12:41+00:00\" \/>\n<meta property=\"og:image\" content=\"https:\/\/selectedplayer.com\/sv\/wp-content\/uploads\/sites\/2\/2025\/12\/arena1-1.jpg\" \/>\n\t<meta property=\"og:image:width\" content=\"1920\" \/>\n\t<meta property=\"og:image:height\" content=\"1080\" \/>\n\t<meta property=\"og:image:type\" content=\"image\/jpeg\" \/>\n<meta name=\"twitter:card\" content=\"summary_large_image\" \/>\n<meta name=\"twitter:label1\" content=\"Ber\u00e4knad l\u00e4stid\" \/>\n\t<meta name=\"twitter:data1\" content=\"2 minuter\" \/>\n<script type=\"application\/ld+json\" class=\"yoast-schema-graph\">{\"@context\":\"https:\\\/\\\/schema.org\",\"@graph\":[{\"@type\":\"WebPage\",\"@id\":\"https:\\\/\\\/selectedplayer.com\\\/sv\\\/arenor\\\/\",\"url\":\"https:\\\/\\\/selectedplayer.com\\\/sv\\\/arenor\\\/\",\"name\":\"Arenor - Selected Player Sweden\",\"isPartOf\":{\"@id\":\"https:\\\/\\\/selectedplayer.com\\\/sv\\\/#website\"},\"primaryImageOfPage\":{\"@id\":\"https:\\\/\\\/selectedplayer.com\\\/sv\\\/arenor\\\/#primaryimage\"},\"image\":{\"@id\":\"https:\\\/\\\/selectedplayer.com\\\/sv\\\/arenor\\\/#primaryimage\"},\"thumbnailUrl\":\"https:\\\/\\\/selectedplayer.com\\\/sv\\\/wp-content\\\/uploads\\\/sites\\\/2\\\/2025\\\/12\\\/arena1-1.jpg\",\"datePublished\":\"2025-12-05T13:43:07+00:00\",\"dateModified\":\"2025-12-18T15:12:41+00:00\",\"breadcrumb\":{\"@id\":\"https:\\\/\\\/selectedplayer.com\\\/sv\\\/arenor\\\/#breadcrumb\"},\"inLanguage\":\"sv-SE\",\"potentialAction\":[{\"@type\":\"ReadAction\",\"target\":[\"https:\\\/\\\/selectedplayer.com\\\/sv\\\/arenor\\\/\"]}]},{\"@type\":\"ImageObject\",\"inLanguage\":\"sv-SE\",\"@id\":\"https:\\\/\\\/selectedplayer.com\\\/sv\\\/arenor\\\/#primaryimage\",\"url\":\"https:\\\/\\\/selectedplayer.com\\\/sv\\\/wp-content\\\/uploads\\\/sites\\\/2\\\/2025\\\/12\\\/arena1-1.jpg\",\"contentUrl\":\"https:\\\/\\\/selectedplayer.com\\\/sv\\\/wp-content\\\/uploads\\\/sites\\\/2\\\/2025\\\/12\\\/arena1-1.jpg\",\"width\":1920,\"height\":1080},{\"@type\":\"BreadcrumbList\",\"@id\":\"https:\\\/\\\/selectedplayer.com\\\/sv\\\/arenor\\\/#breadcrumb\",\"itemListElement\":[{\"@type\":\"ListItem\",\"position\":1,\"name\":\"Hem\",\"item\":\"https:\\\/\\\/selectedplayer.com\\\/sv\\\/\"},{\"@type\":\"ListItem\",\"position\":2,\"name\":\"Arenor\"}]},{\"@type\":\"WebSite\",\"@id\":\"https:\\\/\\\/selectedplayer.com\\\/sv\\\/#website\",\"url\":\"https:\\\/\\\/selectedplayer.com\\\/sv\\\/\",\"name\":\"Selected Player Sweden\",\"description\":\"V\u00e4rldens b\u00e4sta Innebandyutbildningar f\u00f6r unga spelare som vill n\u00e5 elitniv\u00e5!\",\"publisher\":{\"@id\":\"https:\\\/\\\/selectedplayer.com\\\/sv\\\/#organization\"},\"potentialAction\":[{\"@type\":\"SearchAction\",\"target\":{\"@type\":\"EntryPoint\",\"urlTemplate\":\"https:\\\/\\\/selectedplayer.com\\\/sv\\\/?s={search_term_string}\"},\"query-input\":{\"@type\":\"PropertyValueSpecification\",\"valueRequired\":true,\"valueName\":\"search_term_string\"}}],\"inLanguage\":\"sv-SE\"},{\"@type\":\"Organization\",\"@id\":\"https:\\\/\\\/selectedplayer.com\\\/sv\\\/#organization\",\"name\":\"Selected Player Sweden AB\",\"url\":\"https:\\\/\\\/selectedplayer.com\\\/sv\\\/\",\"logo\":{\"@type\":\"ImageObject\",\"inLanguage\":\"sv-SE\",\"@id\":\"https:\\\/\\\/selectedplayer.com\\\/sv\\\/#\\\/schema\\\/logo\\\/image\\\/\",\"url\":\"https:\\\/\\\/selectedplayer.com\\\/sv\\\/wp-content\\\/uploads\\\/sites\\\/2\\\/2024\\\/11\\\/images.png\",\"contentUrl\":\"https:\\\/\\\/selectedplayer.com\\\/sv\\\/wp-content\\\/uploads\\\/sites\\\/2\\\/2024\\\/11\\\/images.png\",\"width\":225,\"height\":224,\"caption\":\"Selected Player Sweden AB\"},\"image\":{\"@id\":\"https:\\\/\\\/selectedplayer.com\\\/sv\\\/#\\\/schema\\\/logo\\\/image\\\/\"},\"sameAs\":[\"https:\\\/\\\/www.facebook.com\\\/selectedplayer\\\/\",\"https:\\\/\\\/www.instagram.com\\\/selectedplayerofficial\\\/\"]}]}<\/script>\n<!-- \/ Yoast SEO Premium plugin. -->","yoast_head_json":{"title":"Arenor - Selected Player Sweden","robots":{"index":"index","follow":"follow","max-snippet":"max-snippet:-1","max-image-preview":"max-image-preview:large","max-video-preview":"max-video-preview:-1"},"canonical":"https:\/\/selectedplayer.com\/sv\/arenor\/","og_locale":"sv_SE","og_type":"article","og_title":"Arenor","og_description":"Arenorna \u2013 v\u00e4rldsklassmilj\u00f6 som g\u00f6r skillnad SP Pathway genomf\u00f6rs i tv\u00e5 av v\u00e4rldens b\u00e4sta innebandyanl\u00e4ggningar. Arenorna \u00e4r en avg\u00f6rande del av utvecklingen \u2013 f\u00f6r tempo, s\u00e4kerhet, kvalitet och helhetsupplevelse. IFU Arena \u2013 v\u00e5rt huvudcenter En av v\u00e4rldens ledande innebandyarenor. H\u00e4r genomf\u00f6rs merparten av utbildningen: tr\u00e4ning, match, teori och m\u00e5ltider. Allt finns under samma tak \u2013 [&hellip;]","og_url":"https:\/\/selectedplayer.com\/sv\/arenor\/","og_site_name":"Selected Player Sweden","article_publisher":"https:\/\/www.facebook.com\/selectedplayer\/","article_modified_time":"2025-12-18T15:12:41+00:00","og_image":[{"width":1920,"height":1080,"url":"https:\/\/selectedplayer.com\/sv\/wp-content\/uploads\/sites\/2\/2025\/12\/arena1-1.jpg","type":"image\/jpeg"}],"twitter_card":"summary_large_image","twitter_misc":{"Ber\u00e4knad l\u00e4stid":"2 minuter"},"schema":{"@context":"https:\/\/schema.org","@graph":[{"@type":"WebPage","@id":"https:\/\/selectedplayer.com\/sv\/arenor\/","url":"https:\/\/selectedplayer.com\/sv\/arenor\/","name":"Arenor - Selected Player Sweden","isPartOf":{"@id":"https:\/\/selectedplayer.com\/sv\/#website"},"primaryImageOfPage":{"@id":"https:\/\/selectedplayer.com\/sv\/arenor\/#primaryimage"},"image":{"@id":"https:\/\/selectedplayer.com\/sv\/arenor\/#primaryimage"},"thumbnailUrl":"https:\/\/selectedplayer.com\/sv\/wp-content\/uploads\/sites\/2\/2025\/12\/arena1-1.jpg","datePublished":"2025-12-05T13:43:07+00:00","dateModified":"2025-12-18T15:12:41+00:00","breadcrumb":{"@id":"https:\/\/selectedplayer.com\/sv\/arenor\/#breadcrumb"},"inLanguage":"sv-SE","potentialAction":[{"@type":"ReadAction","target":["https:\/\/selectedplayer.com\/sv\/arenor\/"]}]},{"@type":"ImageObject","inLanguage":"sv-SE","@id":"https:\/\/selectedplayer.com\/sv\/arenor\/#primaryimage","url":"https:\/\/selectedplayer.com\/sv\/wp-content\/uploads\/sites\/2\/2025\/12\/arena1-1.jpg","contentUrl":"https:\/\/selectedplayer.com\/sv\/wp-content\/uploads\/sites\/2\/2025\/12\/arena1-1.jpg","width":1920,"height":1080},{"@type":"BreadcrumbList","@id":"https:\/\/selectedplayer.com\/sv\/arenor\/#breadcrumb","itemListElement":[{"@type":"ListItem","position":1,"name":"Hem","item":"https:\/\/selectedplayer.com\/sv\/"},{"@type":"ListItem","position":2,"name":"Arenor"}]},{"@type":"WebSite","@id":"https:\/\/selectedplayer.com\/sv\/#website","url":"https:\/\/selectedplayer.com\/sv\/","name":"Selected Player Sweden","description":"V\u00e4rldens b\u00e4sta Innebandyutbildningar f\u00f6r unga spelare som vill n\u00e5 elitniv\u00e5!","publisher":{"@id":"https:\/\/selectedplayer.com\/sv\/#organization"},"potentialAction":[{"@type":"SearchAction","target":{"@type":"EntryPoint","urlTemplate":"https:\/\/selectedplayer.com\/sv\/?s={search_term_string}"},"query-input":{"@type":"PropertyValueSpecification","valueRequired":true,"valueName":"search_term_string"}}],"inLanguage":"sv-SE"},{"@type":"Organization","@id":"https:\/\/selectedplayer.com\/sv\/#organization","name":"Selected Player Sweden AB","url":"https:\/\/selectedplayer.com\/sv\/","logo":{"@type":"ImageObject","inLanguage":"sv-SE","@id":"https:\/\/selectedplayer.com\/sv\/#\/schema\/logo\/image\/","url":"https:\/\/selectedplayer.com\/sv\/wp-content\/uploads\/sites\/2\/2024\/11\/images.png","contentUrl":"https:\/\/selectedplayer.com\/sv\/wp-content\/uploads\/sites\/2\/2024\/11\/images.png","width":225,"height":224,"caption":"Selected Player Sweden AB"},"image":{"@id":"https:\/\/selectedplayer.com\/sv\/#\/schema\/logo\/image\/"},"sameAs":["https:\/\/www.facebook.com\/selectedplayer\/","https:\/\/www.instagram.com\/selectedplayerofficial\/"]}]}},"_links":{"self":[{"href":"https:\/\/selectedplayer.com\/sv\/wp-json\/wp\/v2\/pages\/10605","targetHints":{"allow":["GET"]}}],"collection":[{"href":"https:\/\/selectedplayer.com\/sv\/wp-json\/wp\/v2\/pages"}],"about":[{"href":"https:\/\/selectedplayer.com\/sv\/wp-json\/wp\/v2\/types\/page"}],"author":[{"embeddable":true,"href":"https:\/\/selectedplayer.com\/sv\/wp-json\/wp\/v2\/users\/6"}],"replies":[{"embeddable":true,"href":"https:\/\/selectedplayer.com\/sv\/wp-json\/wp\/v2\/comments?post=10605"}],"version-history":[{"count":10,"href":"https:\/\/selectedplayer.com\/sv\/wp-json\/wp\/v2\/pages\/10605\/revisions"}],"predecessor-version":[{"id":10883,"href":"https:\/\/selectedplayer.com\/sv\/wp-json\/wp\/v2\/pages\/10605\/revisions\/10883"}],"wp:featuredmedia":[{"embeddable":true,"href":"https:\/\/selectedplayer.com\/sv\/wp-json\/wp\/v2\/media\/10621"}],"wp:attachment":[{"href":"https:\/\/selectedplayer.com\/sv\/wp-json\/wp\/v2\/media?parent=10605"}],"curies":[{"name":"wp","href":"https:\/\/api.w.org\/{rel}","templated":true}]}}