{"id":3313,"date":"2024-10-23T11:48:49","date_gmt":"2024-10-23T09:48:49","guid":{"rendered":"https:\/\/selectedplayer.com\/sv\/?page_id=3313"},"modified":"2025-02-11T11:45:56","modified_gmt":"2025-02-11T10:45:56","slug":"mina-sidor","status":"publish","type":"page","link":"https:\/\/selectedplayer.com\/sv\/mina-sidor\/","title":{"rendered":"Mina sidor"},"content":{"rendered":"<div id=\"sp-profile-holder\" data-baseurl=\"https:\/\/selectedplayer.com\/sv\/wp-content\/plugins\/selectedplayer_profil\/\"><div class=\"sp-profile-spinner\">  <div class=\"lds-spinner\">    <div><\/div><div><\/div><div><\/div>    <div><\/div><div><\/div><div><\/div>    <div><\/div><div><\/div><div><\/div>    <div><\/div><div><\/div><div><\/div>  <\/div><\/div><\/div>\n<p><!--themify_builder_static--><!--\/themify_builder_static--><\/p>\n","protected":false},"excerpt":{"rendered":"","protected":false},"author":1,"featured_media":0,"parent":0,"menu_order":0,"comment_status":"closed","ping_status":"closed","template":"","meta":{"_acf_changed":false,"footnotes":""},"class_list":["post-3313","page","type-page","status-publish","hentry","has-post-title","has-post-date","has-post-category","has-post-tag","has-post-comment","has-post-author",""],"acf":[],"yoast_head":"<!-- This site is optimized with the Yoast SEO Premium plugin v27.4 (Yoast SEO v27.4) - https:\/\/yoast.com\/product\/yoast-seo-premium-wordpress\/ -->\n<title>Mina sidor - Selected Player Sweden<\/title>\n<meta name=\"robots\" content=\"noindex, nofollow\" \/>\n<meta property=\"og:locale\" content=\"sv_SE\" \/>\n<meta property=\"og:type\" content=\"article\" \/>\n<meta property=\"og:title\" content=\"Mina sidor\" \/>\n<meta property=\"og:url\" content=\"https:\/\/selectedplayer.com\/sv\/mina-sidor\/\" \/>\n<meta property=\"og:site_name\" content=\"Selected Player Sweden\" \/>\n<meta property=\"article:publisher\" content=\"https:\/\/www.facebook.com\/selectedplayer\/\" \/>\n<meta property=\"article:modified_time\" content=\"2025-02-11T10:45:56+00:00\" \/>\n<meta name=\"twitter:card\" content=\"summary_large_image\" \/>\n<meta name=\"twitter:label1\" content=\"Ber\u00e4knad l\u00e4stid\" \/>\n\t<meta name=\"twitter:data1\" content=\"1 minut\" \/>\n<script type=\"application\/ld+json\" class=\"yoast-schema-graph\">{\"@context\":\"https:\\\/\\\/schema.org\",\"@graph\":[{\"@type\":\"WebPage\",\"@id\":\"https:\\\/\\\/selectedplayer.com\\\/sv\\\/mina-sidor\\\/\",\"url\":\"https:\\\/\\\/selectedplayer.com\\\/sv\\\/mina-sidor\\\/\",\"name\":\"Mina sidor - Selected Player Sweden\",\"isPartOf\":{\"@id\":\"https:\\\/\\\/selectedplayer.com\\\/sv\\\/#website\"},\"datePublished\":\"2024-10-23T09:48:49+00:00\",\"dateModified\":\"2025-02-11T10:45:56+00:00\",\"breadcrumb\":{\"@id\":\"https:\\\/\\\/selectedplayer.com\\\/sv\\\/mina-sidor\\\/#breadcrumb\"},\"inLanguage\":\"sv-SE\",\"potentialAction\":[{\"@type\":\"ReadAction\",\"target\":[\"https:\\\/\\\/selectedplayer.com\\\/sv\\\/mina-sidor\\\/\"]}]},{\"@type\":\"BreadcrumbList\",\"@id\":\"https:\\\/\\\/selectedplayer.com\\\/sv\\\/mina-sidor\\\/#breadcrumb\",\"itemListElement\":[{\"@type\":\"ListItem\",\"position\":1,\"name\":\"Hem\",\"item\":\"https:\\\/\\\/selectedplayer.com\\\/sv\\\/\"},{\"@type\":\"ListItem\",\"position\":2,\"name\":\"Mina sidor\"}]},{\"@type\":\"WebSite\",\"@id\":\"https:\\\/\\\/selectedplayer.com\\\/sv\\\/#website\",\"url\":\"https:\\\/\\\/selectedplayer.com\\\/sv\\\/\",\"name\":\"Selected Player Sweden\",\"description\":\"V\u00e4rldens b\u00e4sta Innebandyutbildningar f\u00f6r unga spelare som vill n\u00e5 elitniv\u00e5!\",\"publisher\":{\"@id\":\"https:\\\/\\\/selectedplayer.com\\\/sv\\\/#organization\"},\"potentialAction\":[{\"@type\":\"SearchAction\",\"target\":{\"@type\":\"EntryPoint\",\"urlTemplate\":\"https:\\\/\\\/selectedplayer.com\\\/sv\\\/?s={search_term_string}\"},\"query-input\":{\"@type\":\"PropertyValueSpecification\",\"valueRequired\":true,\"valueName\":\"search_term_string\"}}],\"inLanguage\":\"sv-SE\"},{\"@type\":\"Organization\",\"@id\":\"https:\\\/\\\/selectedplayer.com\\\/sv\\\/#organization\",\"name\":\"Selected Player Sweden AB\",\"url\":\"https:\\\/\\\/selectedplayer.com\\\/sv\\\/\",\"logo\":{\"@type\":\"ImageObject\",\"inLanguage\":\"sv-SE\",\"@id\":\"https:\\\/\\\/selectedplayer.com\\\/sv\\\/#\\\/schema\\\/logo\\\/image\\\/\",\"url\":\"https:\\\/\\\/selectedplayer.com\\\/sv\\\/wp-content\\\/uploads\\\/sites\\\/2\\\/2024\\\/11\\\/images.png\",\"contentUrl\":\"https:\\\/\\\/selectedplayer.com\\\/sv\\\/wp-content\\\/uploads\\\/sites\\\/2\\\/2024\\\/11\\\/images.png\",\"width\":225,\"height\":224,\"caption\":\"Selected Player Sweden AB\"},\"image\":{\"@id\":\"https:\\\/\\\/selectedplayer.com\\\/sv\\\/#\\\/schema\\\/logo\\\/image\\\/\"},\"sameAs\":[\"https:\\\/\\\/www.facebook.com\\\/selectedplayer\\\/\",\"https:\\\/\\\/www.instagram.com\\\/selectedplayerofficial\\\/\"]}]}<\/script>\n<!-- \/ Yoast SEO Premium plugin. -->","yoast_head_json":{"title":"Mina sidor - Selected Player Sweden","robots":{"index":"noindex","follow":"nofollow"},"og_locale":"sv_SE","og_type":"article","og_title":"Mina sidor","og_url":"https:\/\/selectedplayer.com\/sv\/mina-sidor\/","og_site_name":"Selected Player Sweden","article_publisher":"https:\/\/www.facebook.com\/selectedplayer\/","article_modified_time":"2025-02-11T10:45:56+00:00","twitter_card":"summary_large_image","twitter_misc":{"Ber\u00e4knad l\u00e4stid":"1 minut"},"schema":{"@context":"https:\/\/schema.org","@graph":[{"@type":"WebPage","@id":"https:\/\/selectedplayer.com\/sv\/mina-sidor\/","url":"https:\/\/selectedplayer.com\/sv\/mina-sidor\/","name":"Mina sidor - Selected Player Sweden","isPartOf":{"@id":"https:\/\/selectedplayer.com\/sv\/#website"},"datePublished":"2024-10-23T09:48:49+00:00","dateModified":"2025-02-11T10:45:56+00:00","breadcrumb":{"@id":"https:\/\/selectedplayer.com\/sv\/mina-sidor\/#breadcrumb"},"inLanguage":"sv-SE","potentialAction":[{"@type":"ReadAction","target":["https:\/\/selectedplayer.com\/sv\/mina-sidor\/"]}]},{"@type":"BreadcrumbList","@id":"https:\/\/selectedplayer.com\/sv\/mina-sidor\/#breadcrumb","itemListElement":[{"@type":"ListItem","position":1,"name":"Hem","item":"https:\/\/selectedplayer.com\/sv\/"},{"@type":"ListItem","position":2,"name":"Mina sidor"}]},{"@type":"WebSite","@id":"https:\/\/selectedplayer.com\/sv\/#website","url":"https:\/\/selectedplayer.com\/sv\/","name":"Selected Player Sweden","description":"V\u00e4rldens b\u00e4sta Innebandyutbildningar f\u00f6r unga spelare som vill n\u00e5 elitniv\u00e5!","publisher":{"@id":"https:\/\/selectedplayer.com\/sv\/#organization"},"potentialAction":[{"@type":"SearchAction","target":{"@type":"EntryPoint","urlTemplate":"https:\/\/selectedplayer.com\/sv\/?s={search_term_string}"},"query-input":{"@type":"PropertyValueSpecification","valueRequired":true,"valueName":"search_term_string"}}],"inLanguage":"sv-SE"},{"@type":"Organization","@id":"https:\/\/selectedplayer.com\/sv\/#organization","name":"Selected Player Sweden AB","url":"https:\/\/selectedplayer.com\/sv\/","logo":{"@type":"ImageObject","inLanguage":"sv-SE","@id":"https:\/\/selectedplayer.com\/sv\/#\/schema\/logo\/image\/","url":"https:\/\/selectedplayer.com\/sv\/wp-content\/uploads\/sites\/2\/2024\/11\/images.png","contentUrl":"https:\/\/selectedplayer.com\/sv\/wp-content\/uploads\/sites\/2\/2024\/11\/images.png","width":225,"height":224,"caption":"Selected Player Sweden AB"},"image":{"@id":"https:\/\/selectedplayer.com\/sv\/#\/schema\/logo\/image\/"},"sameAs":["https:\/\/www.facebook.com\/selectedplayer\/","https:\/\/www.instagram.com\/selectedplayerofficial\/"]}]}},"_links":{"self":[{"href":"https:\/\/selectedplayer.com\/sv\/wp-json\/wp\/v2\/pages\/3313","targetHints":{"allow":["GET"]}}],"collection":[{"href":"https:\/\/selectedplayer.com\/sv\/wp-json\/wp\/v2\/pages"}],"about":[{"href":"https:\/\/selectedplayer.com\/sv\/wp-json\/wp\/v2\/types\/page"}],"author":[{"embeddable":true,"href":"https:\/\/selectedplayer.com\/sv\/wp-json\/wp\/v2\/users\/1"}],"replies":[{"embeddable":true,"href":"https:\/\/selectedplayer.com\/sv\/wp-json\/wp\/v2\/comments?post=3313"}],"version-history":[{"count":19,"href":"https:\/\/selectedplayer.com\/sv\/wp-json\/wp\/v2\/pages\/3313\/revisions"}],"predecessor-version":[{"id":8309,"href":"https:\/\/selectedplayer.com\/sv\/wp-json\/wp\/v2\/pages\/3313\/revisions\/8309"}],"wp:attachment":[{"href":"https:\/\/selectedplayer.com\/sv\/wp-json\/wp\/v2\/media?parent=3313"}],"curies":[{"name":"wp","href":"https:\/\/api.w.org\/{rel}","templated":true}]}}