{"id":4057,"date":"2024-10-30T11:46:23","date_gmt":"2024-10-30T10:46:23","guid":{"rendered":"https:\/\/selectedplayer.com\/sv\/om-oss-copy\/"},"modified":"2025-12-18T09:55:29","modified_gmt":"2025-12-18T08:55:29","slug":"om-oss","status":"publish","type":"page","link":"https:\/\/selectedplayer.com\/sv\/om-oss\/","title":{"rendered":"Om oss"},"content":{"rendered":"<h2>Om Selected Player<\/h2>\n<p>Vi arbetar globalt f\u00f6r att fr\u00e4mja internationell talangutveckling samt att st\u00e4rka ungas h\u00e4lsa och v\u00e4lm\u00e5ende genom att f\u00e5 fler barn och ungdomar att vilja forts\u00e4tta spela innebandy h\u00f6gre upp i \u00e5ldrarna. V\u00e5r vision \u00e4r att bidra till att innebandy som sport utvecklas och v\u00e4xer sig \u00e4nnu st\u00f6rre \u00f6ver hela v\u00e4rlden.<\/p>\n<p>V\u00e5r grundid\u00e9 \u00e4r att hj\u00e4lpa spelare 11-16 \u00e5r som vill bli s\u00e5 duktiga innebandyspelare som m\u00f6jligt att n\u00e5 s\u00e5 l\u00e5ngt dom sj\u00e4lva vill genom ett erbjuda h\u00f6gkvalitativa och karri\u00e4rsuppbyggande utbildningar som alltid garanterar nya kliv upp\u00e5t f\u00f6r deltagarnas individuella utveckling och som bygger upp den b\u00e4sta grunden f\u00f6r att spelaren ska n\u00e5 sin fulla potential i framtiden.<\/p>\n<p>M\u00e4ngder av dagens elit- och landslagsspelare har g\u00e5tt p\u00e5 v\u00e5ra utbildningar under deras karri\u00e4rsuppbyggande \u00e5r och \u00e4r ett kvitto p\u00e5 att v\u00e5ra camper fyller en viktig funktion f\u00f6r spelare som satsar p\u00e5 innebandy och som vill n\u00e5 l\u00e5ngt. <a href=\"https:\/\/selectedplayer.com\/sv\/sp-stars\/\" target=\"_blank\" rel=\"noopener\">L\u00e4s vad n\u00e5gra av dom tycker h\u00e4r.<\/a><\/p>\n<p><img loading=\"lazy\" decoding=\"async\" class=\"alignnone wp-image-10699 size-full\" src=\"https:\/\/selectedplayer.com\/sv\/wp-content\/uploads\/sites\/2\/2025\/12\/playercode.jpg\" alt=\"\" width=\"1920\" height=\"1080\" srcset=\"https:\/\/selectedplayer.com\/sv\/wp-content\/uploads\/sites\/2\/2025\/12\/playercode.jpg 1920w, https:\/\/selectedplayer.com\/sv\/wp-content\/uploads\/sites\/2\/2025\/12\/playercode-300x169.jpg 300w, https:\/\/selectedplayer.com\/sv\/wp-content\/uploads\/sites\/2\/2025\/12\/playercode-1024x576.jpg 1024w, https:\/\/selectedplayer.com\/sv\/wp-content\/uploads\/sites\/2\/2025\/12\/playercode-768x432.jpg 768w, https:\/\/selectedplayer.com\/sv\/wp-content\/uploads\/sites\/2\/2025\/12\/playercode-1536x864.jpg 1536w, https:\/\/selectedplayer.com\/sv\/wp-content\/uploads\/sites\/2\/2025\/12\/playercode-600x338.jpg 600w\" sizes=\"auto, (max-width: 1920px) 100vw, 1920px\" \/><\/p>\n<h2>V\u00e5r historia<\/h2>\n<p>Grundaren \u00e4r forne landslagsspelaren Jonathan Kronstrand som startade Selected Player \u00e5r 2006. P\u00e5 den f\u00f6rsta utbildningen bj\u00f6d man in 30 spelare. Idag har \u00f6ver 38 000 spelare deltagit p\u00e5 Selected Players utbildningar v\u00e4rlden \u00f6ver. Det visar p\u00e5 att Keytraining, den unika tr\u00e4ningsmetod man anv\u00e4nt sedan starten och som kombineras med cupspel verkligen fungerar. D\u00e4rf\u00f6r har vi utvecklingsgaranti p\u00e5 v\u00e5ra camper. Sedan starten spelare fr\u00e5n Sverige, Finland, Schweiz, Norge, Danmark, USA, Ukraina, Slovakien, Tjeckien, Lettland, Singapore, Japan och Kina utvecklats genom v\u00e5ra utbildningar.<\/p>\n<h2><img loading=\"lazy\" decoding=\"async\" class=\"alignnone wp-image-4079 size-full\" src=\"https:\/\/selectedplayer.com\/sv\/wp-content\/uploads\/sites\/2\/2024\/10\/gfhf.jpg\" alt=\"\" width=\"1024\" height=\"680\" srcset=\"https:\/\/selectedplayer.com\/sv\/wp-content\/uploads\/sites\/2\/2024\/10\/gfhf.jpg 1024w, https:\/\/selectedplayer.com\/sv\/wp-content\/uploads\/sites\/2\/2024\/10\/gfhf-300x199.jpg 300w, https:\/\/selectedplayer.com\/sv\/wp-content\/uploads\/sites\/2\/2024\/10\/gfhf-768x510.jpg 768w, https:\/\/selectedplayer.com\/sv\/wp-content\/uploads\/sites\/2\/2024\/10\/gfhf-600x398.jpg 600w\" sizes=\"auto, (max-width: 1024px) 100vw, 1024px\" \/>Grundades av landslagsspelaren Jonathan Kronstrand<\/h2>\n<p>Grundaren \u00e4r Jonathan Kronstrand, trefaldig v\u00e4rldsm\u00e4stare. Jonathans m\u00e5l med Selected Player var fr\u00e5n b\u00f6rjan att erbjuda utbildningar med de b\u00e4sta tr\u00e4ningsuppl\u00e4ggen f\u00f6r spelare som vill utvecklas till s\u00e5 duktiga innebandyspelare som m\u00f6jligt under de karri\u00e4rsuppbyggande \u00e5ren 11 \u2013 16.<\/p>\n<p>Hans m\u00e5l \u00e4r fortfarande att erbjuda den roligaste och mest snabbutvecklande starten f\u00f6r unga spelare med ambitionen och viljan att bli s\u00e5 duktiga innebandyspelare som m\u00f6jligt och bygga upp den b\u00e4sta grunden f\u00f6r de som vill spela p\u00e5 en h\u00f6g niv\u00e5 i framtiden.<\/p>\n<p>Jonathan b\u00f6rjade sj\u00e4lv sin karri\u00e4r i Sverige i klubben Haninge BK och gjorde A-lagsdebut redan som 14-\u00e5ring. Tillsammans med klubben tog han tre SM-guld , tv\u00e5 Europacupguld och i landslaget, tre VM-guld \u2013 1998, 2000 och 2002.<\/p>\n<p>&nbsp;<\/p>\n<p>&nbsp;<\/p>\n<p><!--themify_builder_static--><!--\/themify_builder_static--><\/p>\n","protected":false},"excerpt":{"rendered":"<p>Om Selected Player Vi arbetar globalt f\u00f6r att fr\u00e4mja internationell talangutveckling samt att st\u00e4rka ungas h\u00e4lsa och v\u00e4lm\u00e5ende genom att f\u00e5 fler barn och ungdomar att vilja forts\u00e4tta spela innebandy h\u00f6gre upp i \u00e5ldrarna. V\u00e5r vision \u00e4r att bidra till att innebandy som sport utvecklas och v\u00e4xer sig \u00e4nnu st\u00f6rre \u00f6ver hela v\u00e4rlden. V\u00e5r grundid\u00e9 [&hellip;]<\/p>\n","protected":false},"author":3,"featured_media":10591,"parent":0,"menu_order":0,"comment_status":"closed","ping_status":"closed","template":"","meta":{"_acf_changed":false,"footnotes":""},"class_list":["post-4057","page","type-page","status-publish","has-post-thumbnail","hentry","has-post-title","has-post-date","has-post-category","has-post-tag","has-post-comment","has-post-author",""],"acf":[],"yoast_head":"<!-- This site is optimized with the Yoast SEO Premium plugin v27.4 (Yoast SEO v27.4) - https:\/\/yoast.com\/product\/yoast-seo-premium-wordpress\/ -->\n<title>Om oss - Selected Player Sweden<\/title>\n<meta name=\"robots\" content=\"index, follow, max-snippet:-1, max-image-preview:large, max-video-preview:-1\" \/>\n<link rel=\"canonical\" href=\"https:\/\/selectedplayer.com\/sv\/om-oss\/\" \/>\n<meta property=\"og:locale\" content=\"sv_SE\" \/>\n<meta property=\"og:type\" content=\"article\" \/>\n<meta property=\"og:title\" content=\"Om oss\" \/>\n<meta property=\"og:description\" content=\"Om Selected Player Vi arbetar globalt f\u00f6r att fr\u00e4mja internationell talangutveckling samt att st\u00e4rka ungas h\u00e4lsa och v\u00e4lm\u00e5ende genom att f\u00e5 fler barn och ungdomar att vilja forts\u00e4tta spela innebandy h\u00f6gre upp i \u00e5ldrarna. V\u00e5r vision \u00e4r att bidra till att innebandy som sport utvecklas och v\u00e4xer sig \u00e4nnu st\u00f6rre \u00f6ver hela v\u00e4rlden. V\u00e5r grundid\u00e9 [&hellip;]\" \/>\n<meta property=\"og:url\" content=\"https:\/\/selectedplayer.com\/sv\/om-oss\/\" \/>\n<meta property=\"og:site_name\" content=\"Selected Player Sweden\" \/>\n<meta property=\"article:publisher\" content=\"https:\/\/www.facebook.com\/selectedplayer\/\" \/>\n<meta property=\"article:modified_time\" content=\"2025-12-18T08:55:29+00:00\" \/>\n<meta property=\"og:image\" content=\"https:\/\/selectedplayer.com\/sv\/wp-content\/uploads\/sites\/2\/2025\/12\/allplayers.jpg\" \/>\n\t<meta property=\"og:image:width\" content=\"1920\" \/>\n\t<meta property=\"og:image:height\" content=\"1080\" \/>\n\t<meta property=\"og:image:type\" content=\"image\/jpeg\" \/>\n<meta name=\"twitter:card\" content=\"summary_large_image\" \/>\n<meta name=\"twitter:label1\" content=\"Ber\u00e4knad l\u00e4stid\" \/>\n\t<meta name=\"twitter:data1\" content=\"3 minuter\" \/>\n<script type=\"application\/ld+json\" class=\"yoast-schema-graph\">{\"@context\":\"https:\\\/\\\/schema.org\",\"@graph\":[{\"@type\":\"WebPage\",\"@id\":\"https:\\\/\\\/selectedplayer.com\\\/sv\\\/om-oss\\\/\",\"url\":\"https:\\\/\\\/selectedplayer.com\\\/sv\\\/om-oss\\\/\",\"name\":\"Om oss - Selected Player Sweden\",\"isPartOf\":{\"@id\":\"https:\\\/\\\/selectedplayer.com\\\/sv\\\/#website\"},\"primaryImageOfPage\":{\"@id\":\"https:\\\/\\\/selectedplayer.com\\\/sv\\\/om-oss\\\/#primaryimage\"},\"image\":{\"@id\":\"https:\\\/\\\/selectedplayer.com\\\/sv\\\/om-oss\\\/#primaryimage\"},\"thumbnailUrl\":\"https:\\\/\\\/selectedplayer.com\\\/sv\\\/wp-content\\\/uploads\\\/sites\\\/2\\\/2025\\\/12\\\/allplayers.jpg\",\"datePublished\":\"2024-10-30T10:46:23+00:00\",\"dateModified\":\"2025-12-18T08:55:29+00:00\",\"breadcrumb\":{\"@id\":\"https:\\\/\\\/selectedplayer.com\\\/sv\\\/om-oss\\\/#breadcrumb\"},\"inLanguage\":\"sv-SE\",\"potentialAction\":[{\"@type\":\"ReadAction\",\"target\":[\"https:\\\/\\\/selectedplayer.com\\\/sv\\\/om-oss\\\/\"]}]},{\"@type\":\"ImageObject\",\"inLanguage\":\"sv-SE\",\"@id\":\"https:\\\/\\\/selectedplayer.com\\\/sv\\\/om-oss\\\/#primaryimage\",\"url\":\"https:\\\/\\\/selectedplayer.com\\\/sv\\\/wp-content\\\/uploads\\\/sites\\\/2\\\/2025\\\/12\\\/allplayers.jpg\",\"contentUrl\":\"https:\\\/\\\/selectedplayer.com\\\/sv\\\/wp-content\\\/uploads\\\/sites\\\/2\\\/2025\\\/12\\\/allplayers.jpg\",\"width\":1920,\"height\":1080},{\"@type\":\"BreadcrumbList\",\"@id\":\"https:\\\/\\\/selectedplayer.com\\\/sv\\\/om-oss\\\/#breadcrumb\",\"itemListElement\":[{\"@type\":\"ListItem\",\"position\":1,\"name\":\"Hem\",\"item\":\"https:\\\/\\\/selectedplayer.com\\\/sv\\\/\"},{\"@type\":\"ListItem\",\"position\":2,\"name\":\"Om oss\"}]},{\"@type\":\"WebSite\",\"@id\":\"https:\\\/\\\/selectedplayer.com\\\/sv\\\/#website\",\"url\":\"https:\\\/\\\/selectedplayer.com\\\/sv\\\/\",\"name\":\"Selected Player Sweden\",\"description\":\"V\u00e4rldens b\u00e4sta Innebandyutbildningar f\u00f6r unga spelare som vill n\u00e5 elitniv\u00e5!\",\"publisher\":{\"@id\":\"https:\\\/\\\/selectedplayer.com\\\/sv\\\/#organization\"},\"potentialAction\":[{\"@type\":\"SearchAction\",\"target\":{\"@type\":\"EntryPoint\",\"urlTemplate\":\"https:\\\/\\\/selectedplayer.com\\\/sv\\\/?s={search_term_string}\"},\"query-input\":{\"@type\":\"PropertyValueSpecification\",\"valueRequired\":true,\"valueName\":\"search_term_string\"}}],\"inLanguage\":\"sv-SE\"},{\"@type\":\"Organization\",\"@id\":\"https:\\\/\\\/selectedplayer.com\\\/sv\\\/#organization\",\"name\":\"Selected Player Sweden AB\",\"url\":\"https:\\\/\\\/selectedplayer.com\\\/sv\\\/\",\"logo\":{\"@type\":\"ImageObject\",\"inLanguage\":\"sv-SE\",\"@id\":\"https:\\\/\\\/selectedplayer.com\\\/sv\\\/#\\\/schema\\\/logo\\\/image\\\/\",\"url\":\"https:\\\/\\\/selectedplayer.com\\\/sv\\\/wp-content\\\/uploads\\\/sites\\\/2\\\/2024\\\/11\\\/images.png\",\"contentUrl\":\"https:\\\/\\\/selectedplayer.com\\\/sv\\\/wp-content\\\/uploads\\\/sites\\\/2\\\/2024\\\/11\\\/images.png\",\"width\":225,\"height\":224,\"caption\":\"Selected Player Sweden AB\"},\"image\":{\"@id\":\"https:\\\/\\\/selectedplayer.com\\\/sv\\\/#\\\/schema\\\/logo\\\/image\\\/\"},\"sameAs\":[\"https:\\\/\\\/www.facebook.com\\\/selectedplayer\\\/\",\"https:\\\/\\\/www.instagram.com\\\/selectedplayerofficial\\\/\"]}]}<\/script>\n<!-- \/ Yoast SEO Premium plugin. -->","yoast_head_json":{"title":"Om oss - Selected Player Sweden","robots":{"index":"index","follow":"follow","max-snippet":"max-snippet:-1","max-image-preview":"max-image-preview:large","max-video-preview":"max-video-preview:-1"},"canonical":"https:\/\/selectedplayer.com\/sv\/om-oss\/","og_locale":"sv_SE","og_type":"article","og_title":"Om oss","og_description":"Om Selected Player Vi arbetar globalt f\u00f6r att fr\u00e4mja internationell talangutveckling samt att st\u00e4rka ungas h\u00e4lsa och v\u00e4lm\u00e5ende genom att f\u00e5 fler barn och ungdomar att vilja forts\u00e4tta spela innebandy h\u00f6gre upp i \u00e5ldrarna. V\u00e5r vision \u00e4r att bidra till att innebandy som sport utvecklas och v\u00e4xer sig \u00e4nnu st\u00f6rre \u00f6ver hela v\u00e4rlden. V\u00e5r grundid\u00e9 [&hellip;]","og_url":"https:\/\/selectedplayer.com\/sv\/om-oss\/","og_site_name":"Selected Player Sweden","article_publisher":"https:\/\/www.facebook.com\/selectedplayer\/","article_modified_time":"2025-12-18T08:55:29+00:00","og_image":[{"width":1920,"height":1080,"url":"https:\/\/selectedplayer.com\/sv\/wp-content\/uploads\/sites\/2\/2025\/12\/allplayers.jpg","type":"image\/jpeg"}],"twitter_card":"summary_large_image","twitter_misc":{"Ber\u00e4knad l\u00e4stid":"3 minuter"},"schema":{"@context":"https:\/\/schema.org","@graph":[{"@type":"WebPage","@id":"https:\/\/selectedplayer.com\/sv\/om-oss\/","url":"https:\/\/selectedplayer.com\/sv\/om-oss\/","name":"Om oss - Selected Player Sweden","isPartOf":{"@id":"https:\/\/selectedplayer.com\/sv\/#website"},"primaryImageOfPage":{"@id":"https:\/\/selectedplayer.com\/sv\/om-oss\/#primaryimage"},"image":{"@id":"https:\/\/selectedplayer.com\/sv\/om-oss\/#primaryimage"},"thumbnailUrl":"https:\/\/selectedplayer.com\/sv\/wp-content\/uploads\/sites\/2\/2025\/12\/allplayers.jpg","datePublished":"2024-10-30T10:46:23+00:00","dateModified":"2025-12-18T08:55:29+00:00","breadcrumb":{"@id":"https:\/\/selectedplayer.com\/sv\/om-oss\/#breadcrumb"},"inLanguage":"sv-SE","potentialAction":[{"@type":"ReadAction","target":["https:\/\/selectedplayer.com\/sv\/om-oss\/"]}]},{"@type":"ImageObject","inLanguage":"sv-SE","@id":"https:\/\/selectedplayer.com\/sv\/om-oss\/#primaryimage","url":"https:\/\/selectedplayer.com\/sv\/wp-content\/uploads\/sites\/2\/2025\/12\/allplayers.jpg","contentUrl":"https:\/\/selectedplayer.com\/sv\/wp-content\/uploads\/sites\/2\/2025\/12\/allplayers.jpg","width":1920,"height":1080},{"@type":"BreadcrumbList","@id":"https:\/\/selectedplayer.com\/sv\/om-oss\/#breadcrumb","itemListElement":[{"@type":"ListItem","position":1,"name":"Hem","item":"https:\/\/selectedplayer.com\/sv\/"},{"@type":"ListItem","position":2,"name":"Om oss"}]},{"@type":"WebSite","@id":"https:\/\/selectedplayer.com\/sv\/#website","url":"https:\/\/selectedplayer.com\/sv\/","name":"Selected Player Sweden","description":"V\u00e4rldens b\u00e4sta Innebandyutbildningar f\u00f6r unga spelare som vill n\u00e5 elitniv\u00e5!","publisher":{"@id":"https:\/\/selectedplayer.com\/sv\/#organization"},"potentialAction":[{"@type":"SearchAction","target":{"@type":"EntryPoint","urlTemplate":"https:\/\/selectedplayer.com\/sv\/?s={search_term_string}"},"query-input":{"@type":"PropertyValueSpecification","valueRequired":true,"valueName":"search_term_string"}}],"inLanguage":"sv-SE"},{"@type":"Organization","@id":"https:\/\/selectedplayer.com\/sv\/#organization","name":"Selected Player Sweden AB","url":"https:\/\/selectedplayer.com\/sv\/","logo":{"@type":"ImageObject","inLanguage":"sv-SE","@id":"https:\/\/selectedplayer.com\/sv\/#\/schema\/logo\/image\/","url":"https:\/\/selectedplayer.com\/sv\/wp-content\/uploads\/sites\/2\/2024\/11\/images.png","contentUrl":"https:\/\/selectedplayer.com\/sv\/wp-content\/uploads\/sites\/2\/2024\/11\/images.png","width":225,"height":224,"caption":"Selected Player Sweden AB"},"image":{"@id":"https:\/\/selectedplayer.com\/sv\/#\/schema\/logo\/image\/"},"sameAs":["https:\/\/www.facebook.com\/selectedplayer\/","https:\/\/www.instagram.com\/selectedplayerofficial\/"]}]}},"_links":{"self":[{"href":"https:\/\/selectedplayer.com\/sv\/wp-json\/wp\/v2\/pages\/4057","targetHints":{"allow":["GET"]}}],"collection":[{"href":"https:\/\/selectedplayer.com\/sv\/wp-json\/wp\/v2\/pages"}],"about":[{"href":"https:\/\/selectedplayer.com\/sv\/wp-json\/wp\/v2\/types\/page"}],"author":[{"embeddable":true,"href":"https:\/\/selectedplayer.com\/sv\/wp-json\/wp\/v2\/users\/3"}],"replies":[{"embeddable":true,"href":"https:\/\/selectedplayer.com\/sv\/wp-json\/wp\/v2\/comments?post=4057"}],"version-history":[{"count":68,"href":"https:\/\/selectedplayer.com\/sv\/wp-json\/wp\/v2\/pages\/4057\/revisions"}],"predecessor-version":[{"id":10805,"href":"https:\/\/selectedplayer.com\/sv\/wp-json\/wp\/v2\/pages\/4057\/revisions\/10805"}],"wp:featuredmedia":[{"embeddable":true,"href":"https:\/\/selectedplayer.com\/sv\/wp-json\/wp\/v2\/media\/10591"}],"wp:attachment":[{"href":"https:\/\/selectedplayer.com\/sv\/wp-json\/wp\/v2\/media?parent=4057"}],"curies":[{"name":"wp","href":"https:\/\/api.w.org\/{rel}","templated":true}]}}