{"id":4096,"date":"2024-10-30T12:25:53","date_gmt":"2024-10-30T11:25:53","guid":{"rendered":"https:\/\/selectedplayer.com\/sv\/om-oss-copy\/"},"modified":"2025-12-18T16:16:00","modified_gmt":"2025-12-18T15:16:00","slug":"keytraining-utespelare","status":"publish","type":"page","link":"https:\/\/selectedplayer.com\/sv\/keytraining-utespelare\/","title":{"rendered":"Keytraining Utespelare"},"content":{"rendered":"<h2>Keytraining f\u00f6r utespelare<\/h2>\n<h3><strong>Keytraining \u2013 grunden bakom framtidens toppspelare<\/strong><\/h3>\n<p><em>Metoden som bygger samma teknik som v\u00e4rldens b\u00e4sta spelare anv\u00e4nder.<\/em><\/p>\n<h3>En metod som b\u00e4r hela SP Pathway<\/h3>\n<p>Keytraining \u00e4r navet i hela SP Pathway. Det \u00e4r metoden som g\u00f6r att varje niv\u00e5 \u2013 Foundation, Elite Talent Cup och World Talent Cup \u2013 bygger vidare p\u00e5 varandra och skapar en utveckling som aldrig st\u00e5r still. Det \u00e4r d\u00e4rf\u00f6r utvecklingen g\u00e5r snabbare h\u00e4r \u00e4n n\u00e5gon annanstans.<\/p>\n<h3>Tekniken bakom v\u00e4rldsstj\u00e4rnorna<\/h3>\n<p>Keytraining utg\u00e5r direkt fr\u00e5n <strong>dagens internationella toppspelare<\/strong>.<br \/>\nVi bryter ner deras teknik, r\u00f6relser och beslut i \u00f6vningar unga spelare kan l\u00e4ra sig \u2013 steg f\u00f6r steg. Det h\u00e4r \u00e4r ingen svensk modell. Det \u00e4r en <strong>internationell metod<\/strong>, baserad p\u00e5 verkligheten i toppinnebandyn.<\/p>\n<p><img loading=\"lazy\" decoding=\"async\" class=\"alignnone wp-image-4608 size-full\" src=\"https:\/\/selectedplayer.com\/sv\/wp-content\/uploads\/sites\/2\/2024\/11\/hammar-1599226910.jpg\" alt=\"\" width=\"1024\" height=\"576\" srcset=\"https:\/\/selectedplayer.com\/sv\/wp-content\/uploads\/sites\/2\/2024\/11\/hammar-1599226910.jpg 1024w, https:\/\/selectedplayer.com\/sv\/wp-content\/uploads\/sites\/2\/2024\/11\/hammar-1599226910-300x169.jpg 300w, https:\/\/selectedplayer.com\/sv\/wp-content\/uploads\/sites\/2\/2024\/11\/hammar-1599226910-768x432.jpg 768w, https:\/\/selectedplayer.com\/sv\/wp-content\/uploads\/sites\/2\/2024\/11\/hammar-1599226910-600x338.jpg 600w\" sizes=\"auto, (max-width: 1024px) 100vw, 1024px\" \/><\/p>\n<h3>Teknik i full fart<\/h3>\n<p>Spelare l\u00e4r sig utf\u00f6ra alla moment i <strong>maxfart<\/strong>.<br \/>\nDet \u00e4r grunden f\u00f6r att klara framtidens tempo utan att tappa kontroll.<\/p>\n<h3>Blick f\u00f6r spelet<\/h3>\n<p>N\u00e4r tekniken sitter i kroppen frig\u00f6rs huvudet.Spelaren hinner se mer, l\u00e4sa spelet b\u00e4ttre och agera snabbare. Det \u00e4r <em>Matrix-effekten<\/em> \u2013 n\u00e4r allt g\u00e5r fort, men spelaren k\u00e4nner lugn.<\/p>\n<h3>R\u00f6relse som toppspelare<\/h3>\n<p>Vi tr\u00e4nar in samma r\u00f6relsem\u00f6nster som v\u00e4rldsstj\u00e4rnor anv\u00e4nder.<br \/>\nDet g\u00f6r spelet enklare, mer effektivt och mer f\u00f6ruts\u00e4gbart.<\/p>\n<h3>Beslut under press<\/h3>\n<p>Keytraining tr\u00e4nar spelare att fatta r\u00e4tt beslut i h\u00f6gsta tempo.<br \/>\nDet \u00e4r h\u00e4r skillnaden m\u00e4rks mest.<\/p>\n<h3>Sj\u00e4lvf\u00f6rtroende med boll<\/h3>\n<p>Teknisk trygghet bygger mod.<br \/>\nMod bygger utveckling.<br \/>\nOch utveckling kr\u00e4ver mod \u2013 varje dag.<\/p>\n<p><!--themify_builder_static--><!--\/themify_builder_static--><\/p>\n","protected":false},"excerpt":{"rendered":"<p>Keytraining f\u00f6r utespelare Keytraining \u2013 grunden bakom framtidens toppspelare Metoden som bygger samma teknik som v\u00e4rldens b\u00e4sta spelare anv\u00e4nder. En metod som b\u00e4r hela SP Pathway Keytraining \u00e4r navet i hela SP Pathway. Det \u00e4r metoden som g\u00f6r att varje niv\u00e5 \u2013 Foundation, Elite Talent Cup och World Talent Cup \u2013 bygger vidare p\u00e5 varandra [&hellip;]<\/p>\n","protected":false},"author":3,"featured_media":4109,"parent":0,"menu_order":0,"comment_status":"closed","ping_status":"closed","template":"","meta":{"_acf_changed":false,"footnotes":""},"class_list":["post-4096","page","type-page","status-publish","has-post-thumbnail","hentry","has-post-title","has-post-date","has-post-category","has-post-tag","has-post-comment","has-post-author",""],"acf":[],"yoast_head":"<!-- This site is optimized with the Yoast SEO Premium plugin v27.5 (Yoast SEO v27.5) - https:\/\/yoast.com\/product\/yoast-seo-premium-wordpress\/ -->\n<title>Keytraining Utespelare - Selected Player Sweden<\/title>\n<meta name=\"robots\" content=\"index, follow, max-snippet:-1, max-image-preview:large, max-video-preview:-1\" \/>\n<link rel=\"canonical\" href=\"https:\/\/selectedplayer.com\/sv\/keytraining-utespelare\/\" \/>\n<meta property=\"og:locale\" content=\"sv_SE\" \/>\n<meta property=\"og:type\" content=\"article\" \/>\n<meta property=\"og:title\" content=\"Keytraining Utespelare\" \/>\n<meta property=\"og:description\" content=\"Keytraining f\u00f6r utespelare Keytraining \u2013 grunden bakom framtidens toppspelare Metoden som bygger samma teknik som v\u00e4rldens b\u00e4sta spelare anv\u00e4nder. En metod som b\u00e4r hela SP Pathway Keytraining \u00e4r navet i hela SP Pathway. Det \u00e4r metoden som g\u00f6r att varje niv\u00e5 \u2013 Foundation, Elite Talent Cup och World Talent Cup \u2013 bygger vidare p\u00e5 varandra [&hellip;]\" \/>\n<meta property=\"og:url\" content=\"https:\/\/selectedplayer.com\/sv\/keytraining-utespelare\/\" \/>\n<meta property=\"og:site_name\" content=\"Selected Player Sweden\" \/>\n<meta property=\"article:publisher\" content=\"https:\/\/www.facebook.com\/selectedplayer\/\" \/>\n<meta property=\"article:modified_time\" content=\"2025-12-18T15:16:00+00:00\" \/>\n<meta property=\"og:image\" content=\"https:\/\/selectedplayer.com\/sv\/wp-content\/uploads\/sites\/2\/2024\/10\/Gabriel-Kohonen_-e1732874597155.jpg\" \/>\n\t<meta property=\"og:image:width\" content=\"1024\" \/>\n\t<meta property=\"og:image:height\" content=\"576\" \/>\n\t<meta property=\"og:image:type\" content=\"image\/jpeg\" \/>\n<meta name=\"twitter:card\" content=\"summary_large_image\" \/>\n<meta name=\"twitter:label1\" content=\"Ber\u00e4knad l\u00e4stid\" \/>\n\t<meta name=\"twitter:data1\" content=\"2 minuter\" \/>\n<script type=\"application\/ld+json\" class=\"yoast-schema-graph\">{\"@context\":\"https:\\\/\\\/schema.org\",\"@graph\":[{\"@type\":\"WebPage\",\"@id\":\"https:\\\/\\\/selectedplayer.com\\\/sv\\\/keytraining-utespelare\\\/\",\"url\":\"https:\\\/\\\/selectedplayer.com\\\/sv\\\/keytraining-utespelare\\\/\",\"name\":\"Keytraining Utespelare - Selected Player Sweden\",\"isPartOf\":{\"@id\":\"https:\\\/\\\/selectedplayer.com\\\/sv\\\/#website\"},\"primaryImageOfPage\":{\"@id\":\"https:\\\/\\\/selectedplayer.com\\\/sv\\\/keytraining-utespelare\\\/#primaryimage\"},\"image\":{\"@id\":\"https:\\\/\\\/selectedplayer.com\\\/sv\\\/keytraining-utespelare\\\/#primaryimage\"},\"thumbnailUrl\":\"https:\\\/\\\/selectedplayer.com\\\/sv\\\/wp-content\\\/uploads\\\/sites\\\/2\\\/2024\\\/10\\\/Gabriel-Kohonen_-e1732874597155.jpg\",\"datePublished\":\"2024-10-30T11:25:53+00:00\",\"dateModified\":\"2025-12-18T15:16:00+00:00\",\"breadcrumb\":{\"@id\":\"https:\\\/\\\/selectedplayer.com\\\/sv\\\/keytraining-utespelare\\\/#breadcrumb\"},\"inLanguage\":\"sv-SE\",\"potentialAction\":[{\"@type\":\"ReadAction\",\"target\":[\"https:\\\/\\\/selectedplayer.com\\\/sv\\\/keytraining-utespelare\\\/\"]}]},{\"@type\":\"ImageObject\",\"inLanguage\":\"sv-SE\",\"@id\":\"https:\\\/\\\/selectedplayer.com\\\/sv\\\/keytraining-utespelare\\\/#primaryimage\",\"url\":\"https:\\\/\\\/selectedplayer.com\\\/sv\\\/wp-content\\\/uploads\\\/sites\\\/2\\\/2024\\\/10\\\/Gabriel-Kohonen_-e1732874597155.jpg\",\"contentUrl\":\"https:\\\/\\\/selectedplayer.com\\\/sv\\\/wp-content\\\/uploads\\\/sites\\\/2\\\/2024\\\/10\\\/Gabriel-Kohonen_-e1732874597155.jpg\",\"width\":1024,\"height\":576},{\"@type\":\"BreadcrumbList\",\"@id\":\"https:\\\/\\\/selectedplayer.com\\\/sv\\\/keytraining-utespelare\\\/#breadcrumb\",\"itemListElement\":[{\"@type\":\"ListItem\",\"position\":1,\"name\":\"Hem\",\"item\":\"https:\\\/\\\/selectedplayer.com\\\/sv\\\/\"},{\"@type\":\"ListItem\",\"position\":2,\"name\":\"Keytraining Utespelare\"}]},{\"@type\":\"WebSite\",\"@id\":\"https:\\\/\\\/selectedplayer.com\\\/sv\\\/#website\",\"url\":\"https:\\\/\\\/selectedplayer.com\\\/sv\\\/\",\"name\":\"Selected Player Sweden\",\"description\":\"V\u00e4rldens b\u00e4sta Innebandyutbildningar f\u00f6r unga spelare som vill n\u00e5 elitniv\u00e5!\",\"publisher\":{\"@id\":\"https:\\\/\\\/selectedplayer.com\\\/sv\\\/#organization\"},\"potentialAction\":[{\"@type\":\"SearchAction\",\"target\":{\"@type\":\"EntryPoint\",\"urlTemplate\":\"https:\\\/\\\/selectedplayer.com\\\/sv\\\/?s={search_term_string}\"},\"query-input\":{\"@type\":\"PropertyValueSpecification\",\"valueRequired\":true,\"valueName\":\"search_term_string\"}}],\"inLanguage\":\"sv-SE\"},{\"@type\":\"Organization\",\"@id\":\"https:\\\/\\\/selectedplayer.com\\\/sv\\\/#organization\",\"name\":\"Selected Player Sweden AB\",\"url\":\"https:\\\/\\\/selectedplayer.com\\\/sv\\\/\",\"logo\":{\"@type\":\"ImageObject\",\"inLanguage\":\"sv-SE\",\"@id\":\"https:\\\/\\\/selectedplayer.com\\\/sv\\\/#\\\/schema\\\/logo\\\/image\\\/\",\"url\":\"https:\\\/\\\/selectedplayer.com\\\/sv\\\/wp-content\\\/uploads\\\/sites\\\/2\\\/2024\\\/11\\\/images.png\",\"contentUrl\":\"https:\\\/\\\/selectedplayer.com\\\/sv\\\/wp-content\\\/uploads\\\/sites\\\/2\\\/2024\\\/11\\\/images.png\",\"width\":225,\"height\":224,\"caption\":\"Selected Player Sweden AB\"},\"image\":{\"@id\":\"https:\\\/\\\/selectedplayer.com\\\/sv\\\/#\\\/schema\\\/logo\\\/image\\\/\"},\"sameAs\":[\"https:\\\/\\\/www.facebook.com\\\/selectedplayer\\\/\",\"https:\\\/\\\/www.instagram.com\\\/selectedplayerofficial\\\/\"]}]}<\/script>\n<!-- \/ Yoast SEO Premium plugin. -->","yoast_head_json":{"title":"Keytraining Utespelare - Selected Player Sweden","robots":{"index":"index","follow":"follow","max-snippet":"max-snippet:-1","max-image-preview":"max-image-preview:large","max-video-preview":"max-video-preview:-1"},"canonical":"https:\/\/selectedplayer.com\/sv\/keytraining-utespelare\/","og_locale":"sv_SE","og_type":"article","og_title":"Keytraining Utespelare","og_description":"Keytraining f\u00f6r utespelare Keytraining \u2013 grunden bakom framtidens toppspelare Metoden som bygger samma teknik som v\u00e4rldens b\u00e4sta spelare anv\u00e4nder. En metod som b\u00e4r hela SP Pathway Keytraining \u00e4r navet i hela SP Pathway. Det \u00e4r metoden som g\u00f6r att varje niv\u00e5 \u2013 Foundation, Elite Talent Cup och World Talent Cup \u2013 bygger vidare p\u00e5 varandra [&hellip;]","og_url":"https:\/\/selectedplayer.com\/sv\/keytraining-utespelare\/","og_site_name":"Selected Player Sweden","article_publisher":"https:\/\/www.facebook.com\/selectedplayer\/","article_modified_time":"2025-12-18T15:16:00+00:00","og_image":[{"width":1024,"height":576,"url":"https:\/\/selectedplayer.com\/sv\/wp-content\/uploads\/sites\/2\/2024\/10\/Gabriel-Kohonen_-e1732874597155.jpg","type":"image\/jpeg"}],"twitter_card":"summary_large_image","twitter_misc":{"Ber\u00e4knad l\u00e4stid":"2 minuter"},"schema":{"@context":"https:\/\/schema.org","@graph":[{"@type":"WebPage","@id":"https:\/\/selectedplayer.com\/sv\/keytraining-utespelare\/","url":"https:\/\/selectedplayer.com\/sv\/keytraining-utespelare\/","name":"Keytraining Utespelare - Selected Player Sweden","isPartOf":{"@id":"https:\/\/selectedplayer.com\/sv\/#website"},"primaryImageOfPage":{"@id":"https:\/\/selectedplayer.com\/sv\/keytraining-utespelare\/#primaryimage"},"image":{"@id":"https:\/\/selectedplayer.com\/sv\/keytraining-utespelare\/#primaryimage"},"thumbnailUrl":"https:\/\/selectedplayer.com\/sv\/wp-content\/uploads\/sites\/2\/2024\/10\/Gabriel-Kohonen_-e1732874597155.jpg","datePublished":"2024-10-30T11:25:53+00:00","dateModified":"2025-12-18T15:16:00+00:00","breadcrumb":{"@id":"https:\/\/selectedplayer.com\/sv\/keytraining-utespelare\/#breadcrumb"},"inLanguage":"sv-SE","potentialAction":[{"@type":"ReadAction","target":["https:\/\/selectedplayer.com\/sv\/keytraining-utespelare\/"]}]},{"@type":"ImageObject","inLanguage":"sv-SE","@id":"https:\/\/selectedplayer.com\/sv\/keytraining-utespelare\/#primaryimage","url":"https:\/\/selectedplayer.com\/sv\/wp-content\/uploads\/sites\/2\/2024\/10\/Gabriel-Kohonen_-e1732874597155.jpg","contentUrl":"https:\/\/selectedplayer.com\/sv\/wp-content\/uploads\/sites\/2\/2024\/10\/Gabriel-Kohonen_-e1732874597155.jpg","width":1024,"height":576},{"@type":"BreadcrumbList","@id":"https:\/\/selectedplayer.com\/sv\/keytraining-utespelare\/#breadcrumb","itemListElement":[{"@type":"ListItem","position":1,"name":"Hem","item":"https:\/\/selectedplayer.com\/sv\/"},{"@type":"ListItem","position":2,"name":"Keytraining Utespelare"}]},{"@type":"WebSite","@id":"https:\/\/selectedplayer.com\/sv\/#website","url":"https:\/\/selectedplayer.com\/sv\/","name":"Selected Player Sweden","description":"V\u00e4rldens b\u00e4sta Innebandyutbildningar f\u00f6r unga spelare som vill n\u00e5 elitniv\u00e5!","publisher":{"@id":"https:\/\/selectedplayer.com\/sv\/#organization"},"potentialAction":[{"@type":"SearchAction","target":{"@type":"EntryPoint","urlTemplate":"https:\/\/selectedplayer.com\/sv\/?s={search_term_string}"},"query-input":{"@type":"PropertyValueSpecification","valueRequired":true,"valueName":"search_term_string"}}],"inLanguage":"sv-SE"},{"@type":"Organization","@id":"https:\/\/selectedplayer.com\/sv\/#organization","name":"Selected Player Sweden AB","url":"https:\/\/selectedplayer.com\/sv\/","logo":{"@type":"ImageObject","inLanguage":"sv-SE","@id":"https:\/\/selectedplayer.com\/sv\/#\/schema\/logo\/image\/","url":"https:\/\/selectedplayer.com\/sv\/wp-content\/uploads\/sites\/2\/2024\/11\/images.png","contentUrl":"https:\/\/selectedplayer.com\/sv\/wp-content\/uploads\/sites\/2\/2024\/11\/images.png","width":225,"height":224,"caption":"Selected Player Sweden AB"},"image":{"@id":"https:\/\/selectedplayer.com\/sv\/#\/schema\/logo\/image\/"},"sameAs":["https:\/\/www.facebook.com\/selectedplayer\/","https:\/\/www.instagram.com\/selectedplayerofficial\/"]}]}},"_links":{"self":[{"href":"https:\/\/selectedplayer.com\/sv\/wp-json\/wp\/v2\/pages\/4096","targetHints":{"allow":["GET"]}}],"collection":[{"href":"https:\/\/selectedplayer.com\/sv\/wp-json\/wp\/v2\/pages"}],"about":[{"href":"https:\/\/selectedplayer.com\/sv\/wp-json\/wp\/v2\/types\/page"}],"author":[{"embeddable":true,"href":"https:\/\/selectedplayer.com\/sv\/wp-json\/wp\/v2\/users\/3"}],"replies":[{"embeddable":true,"href":"https:\/\/selectedplayer.com\/sv\/wp-json\/wp\/v2\/comments?post=4096"}],"version-history":[{"count":59,"href":"https:\/\/selectedplayer.com\/sv\/wp-json\/wp\/v2\/pages\/4096\/revisions"}],"predecessor-version":[{"id":10891,"href":"https:\/\/selectedplayer.com\/sv\/wp-json\/wp\/v2\/pages\/4096\/revisions\/10891"}],"wp:featuredmedia":[{"embeddable":true,"href":"https:\/\/selectedplayer.com\/sv\/wp-json\/wp\/v2\/media\/4109"}],"wp:attachment":[{"href":"https:\/\/selectedplayer.com\/sv\/wp-json\/wp\/v2\/media?parent=4096"}],"curies":[{"name":"wp","href":"https:\/\/api.w.org\/{rel}","templated":true}]}}