{"id":5028,"date":"2024-11-13T11:29:27","date_gmt":"2024-11-13T10:29:27","guid":{"rendered":"https:\/\/selectedplayer.com\/sv\/?page_id=5028"},"modified":"2025-12-19T17:06:44","modified_gmt":"2025-12-19T16:06:44","slug":"kopvillkor","status":"publish","type":"page","link":"https:\/\/selectedplayer.com\/sv\/kopvillkor\/","title":{"rendered":"K\u00f6pvillkor"},"content":{"rendered":"<h2>K\u00f6pvillkor<\/h2>\n<p>Uppdaterat 2025-12-18<\/p>\n<h3><strong>Att handla hos Selected Player Sweden AB<\/strong><\/h3>\n<p>I webshopen placerar du respektive produkt i varukorgen. Sedan kan du v\u00e4lja att l\u00e4gga till fler produkter innan slutf\u00f6randet av din order. N\u00e4r du placerat de produkter du vill best\u00e4lla i varukorgen klickar du dig till kassan.<\/p>\n<p>H\u00e4r f\u00e5r du en summering av din order. Om du \u00e4r n\u00f6jd bekr\u00e4ftar du best\u00e4llningen genom att f\u00f6lja anvisningarna l\u00e4ngre ner p\u00e5 sidan. \u201dV\u00e4lj leveransmetod\u201d om fraktavgift skall l\u00e4ggas till vid hemleverans eller ingen frakt vid t.ex. bokning av utbildning. D\u00e4refter v\u00e4ljer du betals\u00e4tt, godk\u00e4nner k\u00f6pvillkoren och slutf\u00f6r din betalning.<\/p>\n<p>Du f\u00e5r d\u00e5 en bekr\u00e4ftelse p\u00e5 att ditt k\u00f6p har genomf\u00f6rts och information som beskriver hela din best\u00e4llning. Observera att du m\u00e5ste vara 18 \u00e5r f\u00f6r att kunna handla i Selected Players webshop.<\/p>\n<p>K\u00f6peavtalet mellan dig som kund och oss som leverant\u00f6r (Selected Player Sweden AB) \u00e4r bindande i och med att din order \u00e4r registrerad. Bekr\u00e4ftelse p\u00e5 ordern mailas till din angivna e-mailadress.<\/p>\n<p>&nbsp;<\/p>\n<p><strong>Betalning<br \/>\n<\/strong><\/p>\n<p>Som kund hos oss genomf\u00f6r du din betalning med Swish, kortbetalning, direkt bank\u00f6verf\u00f6ring eller delbetalning via Klarna och dess olika betalningsalternativ. Du g\u00f6r detta val n\u00e4r du skall slutf\u00f6ra k\u00f6pet genom de olika \u201dBetalningss\u00e4tt\u201d som Klarna erbjuder just dig som kund.<\/p>\n<p>&nbsp;<\/p>\n<p><strong>Returer, byten och reklamation av fysiska produkter<\/strong><\/p>\n<p>Du har full \u00e5ngerr\u00e4tt 14 dagar fr\u00e5n att du mottagit varan, f\u00f6rutsatt att du inte anv\u00e4nt varan och att den returneras i originalskick. Detta g\u00e4ller enbart fysiska produkter.<br \/>\n\u00c5ngerr\u00e4tten g\u00e4ller inte vid bokning\/k\u00f6p av utbildning, transport, idrottsevenemang och liknande, se s\u00e4rskilda regler f\u00f6r de olika produkterna.<\/p>\n<p>Bytesr\u00e4tt g\u00e4ller ej p\u00e5 kl\u00e4der tryckta med namn, nummer eller initialer om man f\u00e5tt r\u00e4tt produkt som man best\u00e4llt och den \u00e4r hel och komplett.<\/p>\n<p>Vid retur eller byte av varor betalar du sj\u00e4lv din returfraktkostnad. Om det g\u00e4ller en reklamation p\u00e5 grund av skadad vara eller att vi expedierat fel vara s\u00e5 st\u00e5r SP f\u00f6r alla kostnader f\u00f6r frakt och varor.<\/p>\n<p>Kontakta oss alltid innan retur av en vara som du vill reklamera till info@selectedplayer.com eller telefon (+46) 8 50 00 19 09 alla helgfria vardagar mellan 09.00-15.00.<\/p>\n<p>F\u00f6rfarande vid retur: \u00c4r du inte n\u00f6jd med en vara s\u00e5 kontaktar du oss via mail eller per telefon. Ring oss p\u00e5 (+46) 8 50 00 19 09 f\u00f6r information om just dina returf\u00f6rh\u00e5llanden. Vid byte eller retur av vara st\u00e5r du f\u00f6r transporten och betalar returfrakten. Har vi expedierat fel betalar vi returfrakten. Ett byte av vara tar ca 10\u201314 dagar beroende p\u00e5 vilket frakts\u00e4tt du anv\u00e4nder f\u00f6r returen. Vid byten st\u00e5r du f\u00f6r transportkostnaden tur och retur. Vi debiterar dig f\u00f6r nytt utskick av bytesvara inom Sverige, oavsett varans pris. F\u00f6r utskick av bytesvara utanf\u00f6r Sverige debiterar vi dig som kund beroende p\u00e5 kostnaden.<\/p>\n<p>Skulle du uppt\u00e4cka en skada n\u00e4r du f\u00e5r paketet, anm\u00e4l det p\u00e5 plats hos ditt utl\u00e4mningsst\u00e4lle. Ser du skadan f\u00f6rst d\u00e5 du \u00f6ppnat paketet, anm\u00e4l det till oss p\u00e5 (+46) 8 50 00 19 09 eller skicka ett mail till info@selectedplayer.com. D\u00e4refter skicka tillbaka dina varor. Vid godk\u00e4nd reklamation av varor eller skadad f\u00f6rs\u00e4ndelse betalar vi tillbaka transportkostnaden med upp till 150 sek. Vi beh\u00f6ver ditt originalkvitto fr\u00e5n fraktbolaget f\u00f6r att kunna ers\u00e4tta din kostnad.<\/p>\n<p>&nbsp;<\/p>\n<h2 class=\"wp-block-heading\">Avbokning\/\u00e5terbetalning av utbildningar<\/h2>\n<p><strong>Vid k\u00f6p av utbildning \u2013 total avgift under 3000 kr<\/strong><\/p>\n<p>Om du k\u00f6per en plats p\u00e5 en kurs, utbildning eller ett evenemang kan du f\u00e5 tillbaka deltagaravgiften om du avbokar ditt deltagande senast en m\u00e5nad f\u00f6re evenemangets f\u00f6rsta dag. N\u00e4r mindre tid \u00e4n en m\u00e5nad \u00e5terst\u00e5r kan \u00e5terbetalning ske med upp till 50% av avgiften.<\/p>\n<p>Om avbokning sker p\u00e5 grund av sjukdom eller skada med mindre \u00e4n en m\u00e5nad kvar, skall avbokningen styrkas med ett giltigt l\u00e4karintyg som skickas via mail till Selected Player Sweden AB, avboka@selectedplayer.com. L\u00e4karintyget skall vara oss tillhanda senast 1 m\u00e5nad efter avbokningen. Om s\u00e5 \u00e4r fallet betalas hela deltagaravgiften tillbaka f\u00f6rutom en administrationsavgift p\u00e5 350 kronor.<\/p>\n<p>Avbest\u00e4llning m\u00e5ste ske minst 24 timmar f\u00f6re l\u00e4grets f\u00f6rsta dag (incheckningstiden p\u00e5 ankomstdagen f\u00f6r aktuell utbildning).<br \/>\nAvbokning av deltagande p\u00e5 en kurs, utbildning eller evenemang skall ske genom ett mail med information om avbokningen skickas till avboka@selectedplayer.com. Ingen avbokning kan g\u00f6ras muntligt.<\/p>\n<p>Om en utbildning st\u00e4lls in eller flyttas av Selected Player<br \/>\n\u2013 Alternativ 1. Kunden f\u00f6r fritt flytta sin bokning till en utbildning i annan ort eller n\u00e4stkommande utbildningstillf\u00e4lle.<br \/>\n\u2013 Alternativ 2. \u00c5terbetalning med 100% p\u00e5 avgiften.<br \/>\n\u2013 Vid k\u00f6p av merchandise (kl\u00e4der och \u00f6vrigt material) f\u00f6r uth\u00e4mtning p\u00e5 utbildning skickas fraktfritt hem till kund.<\/p>\n<p><strong>Vid k\u00f6p av utbildning \u2013 total avgift \u00f6ver 3000 kr<\/strong><\/p>\n<p>Deltagaren har endast r\u00e4tt att avbest\u00e4lla sin plats hos Selected Player p\u00e5 grund av skada eller sjukdom, mot uppvisande av l\u00e4karintyg om denne i samband med sin bokning har k\u00f6pt ett avbest\u00e4llningsskydd. (f\u00f6r att kunna f\u00e5 \u00e5terbetalning av bokningsavgiften)<br \/>\nAvbest\u00e4llningsskyddet \u00e4r inte en del av bokningsavgiften och \u00e5terbetalas inte vid eventuell avbest\u00e4llning. Avbest\u00e4llningsskydd kan ej k\u00f6pas i efterhand.<\/p>\n<p>Om inget avbest\u00e4llningsskydd finns f\u00e5r avbokning ske men ingen \u00e5terbetalning g\u00f6rs.<\/p>\n<p>Om avbest\u00e4llningsskydd finns g\u00e4ller f\u00f6ljande:<br \/>\n\u2013 Avbest\u00e4llning f\u00e5r ske om deltagaren eller dennes familj (mamma, pappa, syskon) drabbas av allvarlig sjukdom, f\u00f6rs\u00e4mrat sjukdomstillst\u00e5nd, olycksfall eller skada och denna h\u00e4ndelse \u00e4r av s\u00e5dan art att deltagaren inte rimligen kan deltaga p\u00e5 Selected Player utbildning eller evenemang.<br \/>\n\u2013 Grunden f\u00f6r avbest\u00e4llningen skall p\u00e5 tillf\u00f6rlitligt s\u00e4tt styrkas med l\u00e4kar- och\/eller sl\u00e4ktskapsintyg.<br \/>\n\u2013 Avbest\u00e4llningsskydd g\u00e4ller ej vid inst\u00e4lld eller flyttad utbildning. (se specifika regler om detta)<br \/>\n\u2013 Avbest\u00e4llning enligt ovan kan endast g\u00f6ras genom att m\u00e5lsman till deltagaren skickar ett mail till avboka@selectedplayer.com, med all den information som beh\u00f6vs. Muntlig avbest\u00e4llning \u00e4r ej giltig.<br \/>\n\u2013 Deltagandet ska avbest\u00e4llas s\u00e5 snart som m\u00f6jligt efter det att avbest\u00e4llningsanledning uppkommit.<br \/>\n\u2013 Avbest\u00e4llning m\u00e5ste ske minst 24 timmar f\u00f6re utbildningens f\u00f6rsta dag (incheckningstiden p\u00e5 ankomstdagen f\u00f6r aktuellt utbildning\/evenemang).<br \/>\n\u2013 Om deltagaren har avbest\u00e4llningsskydd samt l\u00e4karintyg f\u00e5r deltagandet avbest\u00e4llas enligt punkter ovan, med \u00e5terbetalning av deltagaravgiften utan kostnaden f\u00f6r avbest\u00e4llningsskyddet som anges ovan (m.a.o. totalt avdrag med 350 kr).<br \/>\n\u2013 Efter avbest\u00e4llning skall belopp som deltagaren har tillgodo enligt ovan \u00e5terbetalas till kunden inom 1 m\u00e5nad n\u00e4r alla uppgifter \u00e4r Selected Player tillhanda fram till 1 vecka innan utbildningens start. Under sommaren reserverar Selected Player sig f\u00f6r eventuell f\u00f6rdr\u00f6jning av \u00e5terbetalning fram till slutet av augusti. (g\u00e4ller utbildning i juni och juli)<\/p>\n<p>\u00c5ngerr\u00e4tt g\u00e4ller ej vid k\u00f6p av plats p\u00e5 en utbildning.<\/p>\n<p>&nbsp;<\/p>\n<h2 class=\"wp-block-heading\">Force Majeure<\/h2>\n<p>Om Selected Player \u00e4r f\u00f6rhindrad av att genomf\u00f6ra utbildning p\u00e5 grund av pandemi, blockad, bojkott, lockout, eldsv\u00e5da, krig eller andra omst\u00e4ndigheter utanf\u00f6r Selected Players kontroll, g\u00e4ller i f\u00f6rsta hand f\u00f6ljande:<br \/>\n1. Kunden f\u00e5r fritt flytta sin bokning till utbildning i annan ort eller n\u00e4stkommande utbildningstillf\u00e4lle.<br \/>\n2. \u00c5terbetalning av utbildningsavgiften med 50%.<br \/>\n3. Fri hemleverans av k\u00f6pta extra kl\u00e4der och andra produkter f\u00f6r uth\u00e4mtning p\u00e5 plats under utbildningen. (kl\u00e4der som ing\u00e5r i bokningsavgiften skickas ej)<\/p>\n<p>&nbsp;<\/p>\n<h2 class=\"wp-block-heading\">Anv\u00e4ndning av uppgifter som deltagare hos Selected Player<\/h2>\n<p>Genom att godk\u00e4nna detta avtal godk\u00e4nner du att fotografier tagna p\u00e5 deltagaren under utbildningarna f\u00e5r anv\u00e4ndas av Selected Player och eventuella samarbetspartners, i intern s\u00e5v\u00e4l som extern information, sociala medier, hemsidor och marknadsf\u00f6ring.<br \/>\nSelected Player kommer inte att l\u00e4mna ut deltagarnas kontaktinformation till eventuella externa samarbetspartner som \u00f6nskar informationen f\u00f6r marknadsf\u00f6ringssyfte. Endast de f\u00f6retag som levererar tj\u00e4nster direkt kopplade till Selected Player erh\u00e5ller kontaktinformationen (till exempel f\u00f6rs\u00e4kringsbolaget d\u00e4r spelarna \u00e4r f\u00f6rs\u00e4krade under utbildningarna). D\u00e4remot kan deltagarna exponeras f\u00f6r erbjudanden av olika slag via nyhetsbrev.<\/p>\n<p><strong>Deltagarens ansvar vid kommunikation<br \/>\n<\/strong><\/p>\n<p>De mailadresser som l\u00e4mnas i webshopen \u00e4r de mailadresserna vi kommer att maila ut information och nyhetsbrev g\u00e4llande Selected Player utbildningar och evenemang samt \u00f6vriga k\u00f6p. Viktigt att kunden\/f\u00f6r\u00e4ldern kontinuerligt l\u00e4ser av angivna mailadresser. Saknar man nyhetsbrev eller andra utskick \u00e4r det viktigt att man kollar sin skr\u00e4pkorg\/spam och godk\u00e4nner v\u00e5r mailadress om mail hamnat d\u00e4r.<\/p>\n","protected":false},"excerpt":{"rendered":"<p>K\u00f6pvillkor Uppdaterat 2025-12-18 Att handla hos Selected Player Sweden AB I webshopen placerar du respektive produkt i varukorgen. Sedan kan du v\u00e4lja att l\u00e4gga till fler produkter innan slutf\u00f6randet av din order. N\u00e4r du placerat de produkter du vill best\u00e4lla i varukorgen klickar du dig till kassan. H\u00e4r f\u00e5r du en summering av din order. [&hellip;]<\/p>\n","protected":false},"author":3,"featured_media":0,"parent":0,"menu_order":0,"comment_status":"closed","ping_status":"closed","template":"","meta":{"_acf_changed":false,"footnotes":""},"class_list":["post-5028","page","type-page","status-publish","hentry","has-post-title","has-post-date","has-post-category","has-post-tag","has-post-comment","has-post-author",""],"acf":[],"yoast_head":"<!-- This site is optimized with the Yoast SEO Premium plugin v27.5 (Yoast SEO v27.5) - https:\/\/yoast.com\/product\/yoast-seo-premium-wordpress\/ -->\n<title>K\u00f6pvillkor - Selected Player Sweden<\/title>\n<meta name=\"robots\" content=\"index, follow, max-snippet:-1, max-image-preview:large, max-video-preview:-1\" \/>\n<link rel=\"canonical\" href=\"https:\/\/selectedplayer.com\/sv\/kopvillkor\/\" \/>\n<meta property=\"og:locale\" content=\"sv_SE\" \/>\n<meta property=\"og:type\" content=\"article\" \/>\n<meta property=\"og:title\" content=\"K\u00f6pvillkor\" \/>\n<meta property=\"og:description\" content=\"K\u00f6pvillkor Uppdaterat 2025-12-18 Att handla hos Selected Player Sweden AB I webshopen placerar du respektive produkt i varukorgen. Sedan kan du v\u00e4lja att l\u00e4gga till fler produkter innan slutf\u00f6randet av din order. N\u00e4r du placerat de produkter du vill best\u00e4lla i varukorgen klickar du dig till kassan. H\u00e4r f\u00e5r du en summering av din order. [&hellip;]\" \/>\n<meta property=\"og:url\" content=\"https:\/\/selectedplayer.com\/sv\/kopvillkor\/\" \/>\n<meta property=\"og:site_name\" content=\"Selected Player Sweden\" \/>\n<meta property=\"article:publisher\" content=\"https:\/\/www.facebook.com\/selectedplayer\/\" \/>\n<meta property=\"article:modified_time\" content=\"2025-12-19T16:06:44+00:00\" \/>\n<meta name=\"twitter:card\" content=\"summary_large_image\" \/>\n<meta name=\"twitter:label1\" content=\"Ber\u00e4knad l\u00e4stid\" \/>\n\t<meta name=\"twitter:data1\" content=\"7 minuter\" \/>\n<script type=\"application\/ld+json\" class=\"yoast-schema-graph\">{\"@context\":\"https:\\\/\\\/schema.org\",\"@graph\":[{\"@type\":\"WebPage\",\"@id\":\"https:\\\/\\\/selectedplayer.com\\\/sv\\\/kopvillkor\\\/\",\"url\":\"https:\\\/\\\/selectedplayer.com\\\/sv\\\/kopvillkor\\\/\",\"name\":\"K\u00f6pvillkor - Selected Player Sweden\",\"isPartOf\":{\"@id\":\"https:\\\/\\\/selectedplayer.com\\\/sv\\\/#website\"},\"datePublished\":\"2024-11-13T10:29:27+00:00\",\"dateModified\":\"2025-12-19T16:06:44+00:00\",\"breadcrumb\":{\"@id\":\"https:\\\/\\\/selectedplayer.com\\\/sv\\\/kopvillkor\\\/#breadcrumb\"},\"inLanguage\":\"sv-SE\",\"potentialAction\":[{\"@type\":\"ReadAction\",\"target\":[\"https:\\\/\\\/selectedplayer.com\\\/sv\\\/kopvillkor\\\/\"]}]},{\"@type\":\"BreadcrumbList\",\"@id\":\"https:\\\/\\\/selectedplayer.com\\\/sv\\\/kopvillkor\\\/#breadcrumb\",\"itemListElement\":[{\"@type\":\"ListItem\",\"position\":1,\"name\":\"Hem\",\"item\":\"https:\\\/\\\/selectedplayer.com\\\/sv\\\/\"},{\"@type\":\"ListItem\",\"position\":2,\"name\":\"K\u00f6pvillkor\"}]},{\"@type\":\"WebSite\",\"@id\":\"https:\\\/\\\/selectedplayer.com\\\/sv\\\/#website\",\"url\":\"https:\\\/\\\/selectedplayer.com\\\/sv\\\/\",\"name\":\"Selected Player Sweden\",\"description\":\"V\u00e4rldens b\u00e4sta Innebandyutbildningar f\u00f6r unga spelare som vill n\u00e5 elitniv\u00e5!\",\"publisher\":{\"@id\":\"https:\\\/\\\/selectedplayer.com\\\/sv\\\/#organization\"},\"potentialAction\":[{\"@type\":\"SearchAction\",\"target\":{\"@type\":\"EntryPoint\",\"urlTemplate\":\"https:\\\/\\\/selectedplayer.com\\\/sv\\\/?s={search_term_string}\"},\"query-input\":{\"@type\":\"PropertyValueSpecification\",\"valueRequired\":true,\"valueName\":\"search_term_string\"}}],\"inLanguage\":\"sv-SE\"},{\"@type\":\"Organization\",\"@id\":\"https:\\\/\\\/selectedplayer.com\\\/sv\\\/#organization\",\"name\":\"Selected Player Sweden AB\",\"url\":\"https:\\\/\\\/selectedplayer.com\\\/sv\\\/\",\"logo\":{\"@type\":\"ImageObject\",\"inLanguage\":\"sv-SE\",\"@id\":\"https:\\\/\\\/selectedplayer.com\\\/sv\\\/#\\\/schema\\\/logo\\\/image\\\/\",\"url\":\"https:\\\/\\\/selectedplayer.com\\\/sv\\\/wp-content\\\/uploads\\\/sites\\\/2\\\/2024\\\/11\\\/images.png\",\"contentUrl\":\"https:\\\/\\\/selectedplayer.com\\\/sv\\\/wp-content\\\/uploads\\\/sites\\\/2\\\/2024\\\/11\\\/images.png\",\"width\":225,\"height\":224,\"caption\":\"Selected Player Sweden AB\"},\"image\":{\"@id\":\"https:\\\/\\\/selectedplayer.com\\\/sv\\\/#\\\/schema\\\/logo\\\/image\\\/\"},\"sameAs\":[\"https:\\\/\\\/www.facebook.com\\\/selectedplayer\\\/\",\"https:\\\/\\\/www.instagram.com\\\/selectedplayerofficial\\\/\"]}]}<\/script>\n<!-- \/ Yoast SEO Premium plugin. -->","yoast_head_json":{"title":"K\u00f6pvillkor - Selected Player Sweden","robots":{"index":"index","follow":"follow","max-snippet":"max-snippet:-1","max-image-preview":"max-image-preview:large","max-video-preview":"max-video-preview:-1"},"canonical":"https:\/\/selectedplayer.com\/sv\/kopvillkor\/","og_locale":"sv_SE","og_type":"article","og_title":"K\u00f6pvillkor","og_description":"K\u00f6pvillkor Uppdaterat 2025-12-18 Att handla hos Selected Player Sweden AB I webshopen placerar du respektive produkt i varukorgen. Sedan kan du v\u00e4lja att l\u00e4gga till fler produkter innan slutf\u00f6randet av din order. N\u00e4r du placerat de produkter du vill best\u00e4lla i varukorgen klickar du dig till kassan. H\u00e4r f\u00e5r du en summering av din order. [&hellip;]","og_url":"https:\/\/selectedplayer.com\/sv\/kopvillkor\/","og_site_name":"Selected Player Sweden","article_publisher":"https:\/\/www.facebook.com\/selectedplayer\/","article_modified_time":"2025-12-19T16:06:44+00:00","twitter_card":"summary_large_image","twitter_misc":{"Ber\u00e4knad l\u00e4stid":"7 minuter"},"schema":{"@context":"https:\/\/schema.org","@graph":[{"@type":"WebPage","@id":"https:\/\/selectedplayer.com\/sv\/kopvillkor\/","url":"https:\/\/selectedplayer.com\/sv\/kopvillkor\/","name":"K\u00f6pvillkor - Selected Player Sweden","isPartOf":{"@id":"https:\/\/selectedplayer.com\/sv\/#website"},"datePublished":"2024-11-13T10:29:27+00:00","dateModified":"2025-12-19T16:06:44+00:00","breadcrumb":{"@id":"https:\/\/selectedplayer.com\/sv\/kopvillkor\/#breadcrumb"},"inLanguage":"sv-SE","potentialAction":[{"@type":"ReadAction","target":["https:\/\/selectedplayer.com\/sv\/kopvillkor\/"]}]},{"@type":"BreadcrumbList","@id":"https:\/\/selectedplayer.com\/sv\/kopvillkor\/#breadcrumb","itemListElement":[{"@type":"ListItem","position":1,"name":"Hem","item":"https:\/\/selectedplayer.com\/sv\/"},{"@type":"ListItem","position":2,"name":"K\u00f6pvillkor"}]},{"@type":"WebSite","@id":"https:\/\/selectedplayer.com\/sv\/#website","url":"https:\/\/selectedplayer.com\/sv\/","name":"Selected Player Sweden","description":"V\u00e4rldens b\u00e4sta Innebandyutbildningar f\u00f6r unga spelare som vill n\u00e5 elitniv\u00e5!","publisher":{"@id":"https:\/\/selectedplayer.com\/sv\/#organization"},"potentialAction":[{"@type":"SearchAction","target":{"@type":"EntryPoint","urlTemplate":"https:\/\/selectedplayer.com\/sv\/?s={search_term_string}"},"query-input":{"@type":"PropertyValueSpecification","valueRequired":true,"valueName":"search_term_string"}}],"inLanguage":"sv-SE"},{"@type":"Organization","@id":"https:\/\/selectedplayer.com\/sv\/#organization","name":"Selected Player Sweden AB","url":"https:\/\/selectedplayer.com\/sv\/","logo":{"@type":"ImageObject","inLanguage":"sv-SE","@id":"https:\/\/selectedplayer.com\/sv\/#\/schema\/logo\/image\/","url":"https:\/\/selectedplayer.com\/sv\/wp-content\/uploads\/sites\/2\/2024\/11\/images.png","contentUrl":"https:\/\/selectedplayer.com\/sv\/wp-content\/uploads\/sites\/2\/2024\/11\/images.png","width":225,"height":224,"caption":"Selected Player Sweden AB"},"image":{"@id":"https:\/\/selectedplayer.com\/sv\/#\/schema\/logo\/image\/"},"sameAs":["https:\/\/www.facebook.com\/selectedplayer\/","https:\/\/www.instagram.com\/selectedplayerofficial\/"]}]}},"_links":{"self":[{"href":"https:\/\/selectedplayer.com\/sv\/wp-json\/wp\/v2\/pages\/5028","targetHints":{"allow":["GET"]}}],"collection":[{"href":"https:\/\/selectedplayer.com\/sv\/wp-json\/wp\/v2\/pages"}],"about":[{"href":"https:\/\/selectedplayer.com\/sv\/wp-json\/wp\/v2\/types\/page"}],"author":[{"embeddable":true,"href":"https:\/\/selectedplayer.com\/sv\/wp-json\/wp\/v2\/users\/3"}],"replies":[{"embeddable":true,"href":"https:\/\/selectedplayer.com\/sv\/wp-json\/wp\/v2\/comments?post=5028"}],"version-history":[{"count":9,"href":"https:\/\/selectedplayer.com\/sv\/wp-json\/wp\/v2\/pages\/5028\/revisions"}],"predecessor-version":[{"id":10912,"href":"https:\/\/selectedplayer.com\/sv\/wp-json\/wp\/v2\/pages\/5028\/revisions\/10912"}],"wp:attachment":[{"href":"https:\/\/selectedplayer.com\/sv\/wp-json\/wp\/v2\/media?parent=5028"}],"curies":[{"name":"wp","href":"https:\/\/api.w.org\/{rel}","templated":true}]}}